{"id":4068,"date":"2021-02-15T15:25:50","date_gmt":"2021-02-15T15:25:50","guid":{"rendered":"https:\/\/wordtaangewerkt.nl\/kuikhorne\/umgebung\/speiseoptionen\/"},"modified":"2023-08-01T06:09:22","modified_gmt":"2023-08-01T06:09:22","slug":"speiseoptionen","status":"publish","type":"page","link":"https:\/\/jachthavenkuikhorne.nl\/de\/umgebung\/speiseoptionen","title":{"rendered":"Speiseoptionen"},"content":{"rendered":"\t\t<div data-elementor-type=\"wp-page\" data-elementor-id=\"4068\" class=\"elementor elementor-4068\" data-elementor-post-type=\"page\">\n\t\t\t\t\t\t<section class=\"elementor-section elementor-top-section elementor-element elementor-element-6d4c317e elementor-section-boxed elementor-section-height-default elementor-section-height-default\" data-id=\"6d4c317e\" data-element_type=\"section\" data-e-type=\"section\">\n\t\t\t\t\t\t<div class=\"elementor-container elementor-column-gap-default\">\n\t\t\t\t\t<div class=\"elementor-column elementor-col-100 elementor-top-column elementor-element elementor-element-2976be0f\" data-id=\"2976be0f\" data-element_type=\"column\" data-e-type=\"column\">\n\t\t\t<div class=\"elementor-widget-wrap elementor-element-populated\">\n\t\t\t\t\t\t<div class=\"elementor-element elementor-element-611b3a38 elementor-widget elementor-widget-text-editor\" data-id=\"611b3a38\" data-element_type=\"widget\" data-e-type=\"widget\" data-widget_type=\"text-editor.default\">\n\t\t\t\t<div class=\"elementor-widget-container\">\n\t\t\t\t\t\t\t\t\t<h1>Restaurants\u00a0<\/h1><p>Lassen Sie sich die leckersten Pizzen und Spareribs (nur Mittwoch bis Sonntag) auf Ihr Boot, in Ihr Wohnmobil oder in Ihre Ferienwohnung liefern. Die Speisekarte der\u00a0<a href=\"https:\/\/www.milanowestereen.nl\/\" target=\"_blank\" rel=\"noopener\">Pizzeria Milano<\/a> finden Sie an unserem Informationsstand im Toilettengeb\u00e4ude.<\/p><p>Nur wenige Kilometer entfernt gibt es eine Reihe guter Restaurants.<\/p><p>F\u00fcr k\u00f6stliche asiatische Gerichte k\u00f6nnen Sie das\u00a0<a href=\"https:\/\/lotusplaza.nl\/\" target=\"_blank\" rel=\"noopener\">Wok Restaurant Lotus Plaza<\/a> in Veenwouden aufsuchen.<\/p><p>Wenn Sie Fisch m\u00f6gen, sollten Sie\u00a0<a href=\"https:\/\/www.restariarinses.nl\/\" target=\"_blank\" rel=\"noopener\">Rinses Resto<\/a>, Fisch und Snack besuchen. <br \/>Neu eingetroffen! Jetzt auch Lieferservice f\u00fcr Fisch und Snacks!<\/p><p>Das\u00a0<a href=\"https:\/\/www.old-dutch.com\/\" target=\"_blank\" rel=\"noopener\">Old Dutch<\/a> bietet Freitag, Samstag und Sonntag ein All-inclusive-Buffet an. F\u00fcr einen festen Betrag unbegrenzt Essen und Getr\u00e4nke. Eine Reservierung ist erforderlich.<\/p><p>Das\u00a0<a href=\"https:\/\/www.dukeluk.nl\/\" target=\"_blank\" rel=\"noopener\">Eetcaf\u00e9 it Duke Luk<\/a> ist ein gro\u00dfartiger Ort zum Mittag- oder Abendessen.\u00a0 In diesem stilvollen Restaurant k\u00f6nnen Sie 7 Tage in der Woche einen gut gedeckten Tisch genie\u00dfen.<\/p>\t\t\t\t\t\t\t\t<\/div>\n\t\t\t\t<\/div>\n\t\t\t\t\t<\/div>\n\t\t<\/div>\n\t\t\t\t\t<\/div>\n\t\t<\/section>\n\t\t\t\t<\/div>\n\t\t","protected":false},"excerpt":{"rendered":"<p>Restaurants\u00a0 Lassen Sie sich die leckersten Pizzen und Spareribs (nur Mittwoch bis Sonntag) auf Ihr Boot, in Ihr Wohnmobil oder in Ihre Ferienwohnung liefern. Die Speisekarte der\u00a0Pizzeria Milano finden Sie an unserem Informationsstand im Toilettengeb\u00e4ude. Nur wenige Kilometer entfernt gibt es eine Reihe guter Restaurants. F\u00fcr k\u00f6stliche asiatische Gerichte k\u00f6nnen Sie das\u00a0Wok Restaurant Lotus Plaza [&hellip;]<\/p>\n","protected":false},"author":1,"featured_media":2564,"parent":2212,"menu_order":0,"comment_status":"closed","ping_status":"closed","template":"","meta":{"site-sidebar-layout":"default","site-content-layout":"default","ast-site-content-layout":"","site-content-style":"default","site-sidebar-style":"default","ast-global-header-display":"","ast-banner-title-visibility":"","ast-main-header-display":"","ast-hfb-above-header-display":"","ast-hfb-below-header-display":"","ast-hfb-mobile-header-display":"","site-post-title":"disabled","ast-breadcrumbs-content":"disabled","ast-featured-img":"disabled","footer-sml-layout":"","theme-transparent-header-meta":"default","adv-header-id-meta":"","stick-header-meta":"","header-above-stick-meta":"","header-main-stick-meta":"","header-below-stick-meta":"","astra-migrate-meta-layouts":"default","ast-page-background-enabled":"default","ast-page-background-meta":{"desktop":{"background-color":"","background-image":"","background-repeat":"repeat","background-position":"center center","background-size":"auto","background-attachment":"scroll","background-type":"","background-media":"","overlay-type":"","overlay-color":"","overlay-opacity":"","overlay-gradient":""},"tablet":{"background-color":"","background-image":"","background-repeat":"repeat","background-position":"center center","background-size":"auto","background-attachment":"scroll","background-type":"","background-media":"","overlay-type":"","overlay-color":"","overlay-opacity":"","overlay-gradient":""},"mobile":{"background-color":"","background-image":"","background-repeat":"repeat","background-position":"center center","background-size":"auto","background-attachment":"scroll","background-type":"","background-media":"","overlay-type":"","overlay-color":"","overlay-opacity":"","overlay-gradient":""}},"ast-content-background-meta":{"desktop":{"background-color":"var(--ast-global-color-5)","background-image":"","background-repeat":"repeat","background-position":"center center","background-size":"auto","background-attachment":"scroll","background-type":"","background-media":"","overlay-type":"","overlay-color":"","overlay-opacity":"","overlay-gradient":""},"tablet":{"background-color":"var(--ast-global-color-5)","background-image":"","background-repeat":"repeat","background-position":"center center","background-size":"auto","background-attachment":"scroll","background-type":"","background-media":"","overlay-type":"","overlay-color":"","overlay-opacity":"","overlay-gradient":""},"mobile":{"background-color":"var(--ast-global-color-5)","background-image":"","background-repeat":"repeat","background-position":"center center","background-size":"auto","background-attachment":"scroll","background-type":"","background-media":"","overlay-type":"","overlay-color":"","overlay-opacity":"","overlay-gradient":""}},"footnotes":""},"categories":[31],"tags":[],"class_list":["post-4068","page","type-page","status-publish","has-post-thumbnail","hentry","category-umgebung"],"yoast_head":"<!-- This site is optimized with the Yoast SEO plugin v27.5 - https:\/\/yoast.com\/product\/yoast-seo-wordpress\/ -->\n<title>Restaurants in die Umgebung - Kuikhorne<\/title>\n<meta name=\"description\" content=\"Suchen Sie nach Restaurants in der Umgebung? Es gibt viele M\u00f6glichkeiten. Wir geben Ihnen gerne Tipps.\" \/>\n<meta name=\"robots\" content=\"index, follow, max-snippet:-1, max-image-preview:large, max-video-preview:-1\" \/>\n<link rel=\"canonical\" href=\"https:\/\/jachthavenkuikhorne.nl\/de\/umgebung\/speiseoptionen\" \/>\n<meta property=\"og:locale\" content=\"de_DE\" \/>\n<meta property=\"og:type\" content=\"article\" \/>\n<meta property=\"og:title\" content=\"Restaurants in die Umgebung - Kuikhorne\" \/>\n<meta property=\"og:description\" content=\"Suchen Sie nach Restaurants in der Umgebung? Es gibt viele M\u00f6glichkeiten. Wir geben Ihnen gerne Tipps.\" \/>\n<meta property=\"og:url\" content=\"https:\/\/jachthavenkuikhorne.nl\/de\/umgebung\/speiseoptionen\" \/>\n<meta property=\"og:site_name\" content=\"Jachthaven Kuikhorne\" \/>\n<meta property=\"article:modified_time\" content=\"2023-08-01T06:09:22+00:00\" \/>\n<meta property=\"og:image\" content=\"https:\/\/jachthavenkuikhorne.nl\/wp-content\/uploads\/2013\/03\/10662162_331471577023840_548210168743428551_o.jpg\" \/>\n\t<meta property=\"og:image:width\" content=\"2048\" \/>\n\t<meta property=\"og:image:height\" content=\"1370\" \/>\n\t<meta property=\"og:image:type\" content=\"image\/jpeg\" \/>\n<meta name=\"twitter:card\" content=\"summary_large_image\" \/>\n<meta name=\"twitter:label1\" content=\"Gesch\u00e4tzte Lesezeit\" \/>\n\t<meta name=\"twitter:data1\" content=\"1\u00a0Minute\" \/>\n<script type=\"application\/ld+json\" class=\"yoast-schema-graph\">{\"@context\":\"https:\\\/\\\/schema.org\",\"@graph\":[{\"@type\":\"WebPage\",\"@id\":\"https:\\\/\\\/jachthavenkuikhorne.nl\\\/de\\\/umgebung\\\/speiseoptionen\",\"url\":\"https:\\\/\\\/jachthavenkuikhorne.nl\\\/de\\\/umgebung\\\/speiseoptionen\",\"name\":\"Restaurants in die Umgebung - Kuikhorne\",\"isPartOf\":{\"@id\":\"https:\\\/\\\/jachthavenkuikhorne.nl\\\/de\\\/#website\"},\"primaryImageOfPage\":{\"@id\":\"https:\\\/\\\/jachthavenkuikhorne.nl\\\/de\\\/umgebung\\\/speiseoptionen#primaryimage\"},\"image\":{\"@id\":\"https:\\\/\\\/jachthavenkuikhorne.nl\\\/de\\\/umgebung\\\/speiseoptionen#primaryimage\"},\"thumbnailUrl\":\"https:\\\/\\\/jachthavenkuikhorne.nl\\\/wp-content\\\/uploads\\\/2013\\\/03\\\/10662162_331471577023840_548210168743428551_o.jpg\",\"datePublished\":\"2021-02-15T15:25:50+00:00\",\"dateModified\":\"2023-08-01T06:09:22+00:00\",\"description\":\"Suchen Sie nach Restaurants in der Umgebung? Es gibt viele M\u00f6glichkeiten. Wir geben Ihnen gerne Tipps.\",\"breadcrumb\":{\"@id\":\"https:\\\/\\\/jachthavenkuikhorne.nl\\\/de\\\/umgebung\\\/speiseoptionen#breadcrumb\"},\"inLanguage\":\"de\",\"potentialAction\":[{\"@type\":\"ReadAction\",\"target\":[\"https:\\\/\\\/jachthavenkuikhorne.nl\\\/de\\\/umgebung\\\/speiseoptionen\"]}]},{\"@type\":\"ImageObject\",\"inLanguage\":\"de\",\"@id\":\"https:\\\/\\\/jachthavenkuikhorne.nl\\\/de\\\/umgebung\\\/speiseoptionen#primaryimage\",\"url\":\"https:\\\/\\\/jachthavenkuikhorne.nl\\\/wp-content\\\/uploads\\\/2013\\\/03\\\/10662162_331471577023840_548210168743428551_o.jpg\",\"contentUrl\":\"https:\\\/\\\/jachthavenkuikhorne.nl\\\/wp-content\\\/uploads\\\/2013\\\/03\\\/10662162_331471577023840_548210168743428551_o.jpg\",\"width\":2048,\"height\":1370,\"caption\":\"Dokkum\"},{\"@type\":\"BreadcrumbList\",\"@id\":\"https:\\\/\\\/jachthavenkuikhorne.nl\\\/de\\\/umgebung\\\/speiseoptionen#breadcrumb\",\"itemListElement\":[{\"@type\":\"ListItem\",\"position\":1,\"name\":\"Home\",\"item\":\"https:\\\/\\\/jachthavenkuikhorne.nl\\\/de\"},{\"@type\":\"ListItem\",\"position\":2,\"name\":\"Umgebung\",\"item\":\"https:\\\/\\\/jachthavenkuikhorne.nl\\\/de\\\/omgeving\"},{\"@type\":\"ListItem\",\"position\":3,\"name\":\"Speiseoptionen\"}]},{\"@type\":\"WebSite\",\"@id\":\"https:\\\/\\\/jachthavenkuikhorne.nl\\\/de\\\/#website\",\"url\":\"https:\\\/\\\/jachthavenkuikhorne.nl\\\/de\\\/\",\"name\":\"Jachthaven Kuikhorne\",\"description\":\"Goed onderhouden jachthaven in Kuikhorne, Friesland\",\"publisher\":{\"@id\":\"https:\\\/\\\/jachthavenkuikhorne.nl\\\/de\\\/#organization\"},\"potentialAction\":[{\"@type\":\"SearchAction\",\"target\":{\"@type\":\"EntryPoint\",\"urlTemplate\":\"https:\\\/\\\/jachthavenkuikhorne.nl\\\/de\\\/?s={search_term_string}\"},\"query-input\":{\"@type\":\"PropertyValueSpecification\",\"valueRequired\":true,\"valueName\":\"search_term_string\"}}],\"inLanguage\":\"de\"},{\"@type\":\"Organization\",\"@id\":\"https:\\\/\\\/jachthavenkuikhorne.nl\\\/de\\\/#organization\",\"name\":\"Jachthaven Kuikhorne\",\"url\":\"https:\\\/\\\/jachthavenkuikhorne.nl\\\/de\\\/\",\"logo\":{\"@type\":\"ImageObject\",\"inLanguage\":\"de\",\"@id\":\"https:\\\/\\\/jachthavenkuikhorne.nl\\\/de\\\/#\\\/schema\\\/logo\\\/image\\\/\",\"url\":\"https:\\\/\\\/jachthavenkuikhorne.nl\\\/wp-content\\\/uploads\\\/2020\\\/11\\\/logo-website-kuikhorne.png\",\"contentUrl\":\"https:\\\/\\\/jachthavenkuikhorne.nl\\\/wp-content\\\/uploads\\\/2020\\\/11\\\/logo-website-kuikhorne.png\",\"width\":198,\"height\":162,\"caption\":\"Jachthaven Kuikhorne\"},\"image\":{\"@id\":\"https:\\\/\\\/jachthavenkuikhorne.nl\\\/de\\\/#\\\/schema\\\/logo\\\/image\\\/\"}}]}<\/script>\n<!-- \/ Yoast SEO plugin. -->","yoast_head_json":{"title":"Restaurants in die Umgebung - Kuikhorne","description":"Suchen Sie nach Restaurants in der Umgebung? Es gibt viele M\u00f6glichkeiten. Wir geben Ihnen gerne Tipps.","robots":{"index":"index","follow":"follow","max-snippet":"max-snippet:-1","max-image-preview":"max-image-preview:large","max-video-preview":"max-video-preview:-1"},"canonical":"https:\/\/jachthavenkuikhorne.nl\/de\/umgebung\/speiseoptionen","og_locale":"de_DE","og_type":"article","og_title":"Restaurants in die Umgebung - Kuikhorne","og_description":"Suchen Sie nach Restaurants in der Umgebung? Es gibt viele M\u00f6glichkeiten. Wir geben Ihnen gerne Tipps.","og_url":"https:\/\/jachthavenkuikhorne.nl\/de\/umgebung\/speiseoptionen","og_site_name":"Jachthaven Kuikhorne","article_modified_time":"2023-08-01T06:09:22+00:00","og_image":[{"width":2048,"height":1370,"url":"https:\/\/jachthavenkuikhorne.nl\/wp-content\/uploads\/2013\/03\/10662162_331471577023840_548210168743428551_o.jpg","type":"image\/jpeg"}],"twitter_card":"summary_large_image","twitter_misc":{"Gesch\u00e4tzte Lesezeit":"1\u00a0Minute"},"schema":{"@context":"https:\/\/schema.org","@graph":[{"@type":"WebPage","@id":"https:\/\/jachthavenkuikhorne.nl\/de\/umgebung\/speiseoptionen","url":"https:\/\/jachthavenkuikhorne.nl\/de\/umgebung\/speiseoptionen","name":"Restaurants in die Umgebung - Kuikhorne","isPartOf":{"@id":"https:\/\/jachthavenkuikhorne.nl\/de\/#website"},"primaryImageOfPage":{"@id":"https:\/\/jachthavenkuikhorne.nl\/de\/umgebung\/speiseoptionen#primaryimage"},"image":{"@id":"https:\/\/jachthavenkuikhorne.nl\/de\/umgebung\/speiseoptionen#primaryimage"},"thumbnailUrl":"https:\/\/jachthavenkuikhorne.nl\/wp-content\/uploads\/2013\/03\/10662162_331471577023840_548210168743428551_o.jpg","datePublished":"2021-02-15T15:25:50+00:00","dateModified":"2023-08-01T06:09:22+00:00","description":"Suchen Sie nach Restaurants in der Umgebung? Es gibt viele M\u00f6glichkeiten. Wir geben Ihnen gerne Tipps.","breadcrumb":{"@id":"https:\/\/jachthavenkuikhorne.nl\/de\/umgebung\/speiseoptionen#breadcrumb"},"inLanguage":"de","potentialAction":[{"@type":"ReadAction","target":["https:\/\/jachthavenkuikhorne.nl\/de\/umgebung\/speiseoptionen"]}]},{"@type":"ImageObject","inLanguage":"de","@id":"https:\/\/jachthavenkuikhorne.nl\/de\/umgebung\/speiseoptionen#primaryimage","url":"https:\/\/jachthavenkuikhorne.nl\/wp-content\/uploads\/2013\/03\/10662162_331471577023840_548210168743428551_o.jpg","contentUrl":"https:\/\/jachthavenkuikhorne.nl\/wp-content\/uploads\/2013\/03\/10662162_331471577023840_548210168743428551_o.jpg","width":2048,"height":1370,"caption":"Dokkum"},{"@type":"BreadcrumbList","@id":"https:\/\/jachthavenkuikhorne.nl\/de\/umgebung\/speiseoptionen#breadcrumb","itemListElement":[{"@type":"ListItem","position":1,"name":"Home","item":"https:\/\/jachthavenkuikhorne.nl\/de"},{"@type":"ListItem","position":2,"name":"Umgebung","item":"https:\/\/jachthavenkuikhorne.nl\/de\/omgeving"},{"@type":"ListItem","position":3,"name":"Speiseoptionen"}]},{"@type":"WebSite","@id":"https:\/\/jachthavenkuikhorne.nl\/de\/#website","url":"https:\/\/jachthavenkuikhorne.nl\/de\/","name":"Jachthaven Kuikhorne","description":"Goed onderhouden jachthaven in Kuikhorne, Friesland","publisher":{"@id":"https:\/\/jachthavenkuikhorne.nl\/de\/#organization"},"potentialAction":[{"@type":"SearchAction","target":{"@type":"EntryPoint","urlTemplate":"https:\/\/jachthavenkuikhorne.nl\/de\/?s={search_term_string}"},"query-input":{"@type":"PropertyValueSpecification","valueRequired":true,"valueName":"search_term_string"}}],"inLanguage":"de"},{"@type":"Organization","@id":"https:\/\/jachthavenkuikhorne.nl\/de\/#organization","name":"Jachthaven Kuikhorne","url":"https:\/\/jachthavenkuikhorne.nl\/de\/","logo":{"@type":"ImageObject","inLanguage":"de","@id":"https:\/\/jachthavenkuikhorne.nl\/de\/#\/schema\/logo\/image\/","url":"https:\/\/jachthavenkuikhorne.nl\/wp-content\/uploads\/2020\/11\/logo-website-kuikhorne.png","contentUrl":"https:\/\/jachthavenkuikhorne.nl\/wp-content\/uploads\/2020\/11\/logo-website-kuikhorne.png","width":198,"height":162,"caption":"Jachthaven Kuikhorne"},"image":{"@id":"https:\/\/jachthavenkuikhorne.nl\/de\/#\/schema\/logo\/image\/"}}]}},"_links":{"self":[{"href":"https:\/\/jachthavenkuikhorne.nl\/de\/index.php?rest_route=\/wp\/v2\/pages\/4068","targetHints":{"allow":["GET"]}}],"collection":[{"href":"https:\/\/jachthavenkuikhorne.nl\/de\/index.php?rest_route=\/wp\/v2\/pages"}],"about":[{"href":"https:\/\/jachthavenkuikhorne.nl\/de\/index.php?rest_route=\/wp\/v2\/types\/page"}],"author":[{"embeddable":true,"href":"https:\/\/jachthavenkuikhorne.nl\/de\/index.php?rest_route=\/wp\/v2\/users\/1"}],"replies":[{"embeddable":true,"href":"https:\/\/jachthavenkuikhorne.nl\/de\/index.php?rest_route=%2Fwp%2Fv2%2Fcomments&post=4068"}],"version-history":[{"count":0,"href":"https:\/\/jachthavenkuikhorne.nl\/de\/index.php?rest_route=\/wp\/v2\/pages\/4068\/revisions"}],"up":[{"embeddable":true,"href":"https:\/\/jachthavenkuikhorne.nl\/de\/index.php?rest_route=\/wp\/v2\/pages\/2212"}],"wp:featuredmedia":[{"embeddable":true,"href":"https:\/\/jachthavenkuikhorne.nl\/de\/index.php?rest_route=\/wp\/v2\/media\/2564"}],"wp:attachment":[{"href":"https:\/\/jachthavenkuikhorne.nl\/de\/index.php?rest_route=%2Fwp%2Fv2%2Fmedia&parent=4068"}],"wp:term":[{"taxonomy":"category","embeddable":true,"href":"https:\/\/jachthavenkuikhorne.nl\/de\/index.php?rest_route=%2Fwp%2Fv2%2Fcategories&post=4068"},{"taxonomy":"post_tag","embeddable":true,"href":"https:\/\/jachthavenkuikhorne.nl\/de\/index.php?rest_route=%2Fwp%2Fv2%2Ftags&post=4068"}],"curies":[{"name":"wp","href":"https:\/\/api.w.org\/{rel}","templated":true}]}}