{"id":4064,"date":"2021-02-15T15:22:07","date_gmt":"2021-02-15T15:22:07","guid":{"rendered":"https:\/\/wordtaangewerkt.nl\/kuikhorne\/umgebung\/doerfer-und-staedte\/"},"modified":"2022-05-30T15:16:55","modified_gmt":"2022-05-30T15:16:55","slug":"doerfer-und-staedte","status":"publish","type":"page","link":"https:\/\/jachthavenkuikhorne.nl\/de\/umgebung\/doerfer-und-staedte","title":{"rendered":"D\u00f6rfer und St\u00e4dte"},"content":{"rendered":"\t\t<div data-elementor-type=\"wp-page\" data-elementor-id=\"4064\" class=\"elementor elementor-4064\" data-elementor-post-type=\"page\">\n\t\t\t\t\t\t<section class=\"elementor-section elementor-top-section elementor-element elementor-element-520467c3 elementor-section-boxed elementor-section-height-default elementor-section-height-default\" data-id=\"520467c3\" data-element_type=\"section\" data-e-type=\"section\">\n\t\t\t\t\t\t<div class=\"elementor-container elementor-column-gap-default\">\n\t\t\t\t\t<div class=\"elementor-column elementor-col-100 elementor-top-column elementor-element elementor-element-766786a3\" data-id=\"766786a3\" data-element_type=\"column\" data-e-type=\"column\">\n\t\t\t<div class=\"elementor-widget-wrap elementor-element-populated\">\n\t\t\t\t\t\t<div class=\"elementor-element elementor-element-2864e6a6 elementor-widget elementor-widget-text-editor\" data-id=\"2864e6a6\" data-element_type=\"widget\" data-e-type=\"widget\" data-widget_type=\"text-editor.default\">\n\t\t\t\t<div class=\"elementor-widget-container\">\n\t\t\t\t\t\t\t\t\t<h3>Feanwalden und De Westreeen&nbsp; (2 km entfernt)<\/h3>\n<p>Camperpark Kuikhorne liegt zwischen den D\u00f6rfern Feanw\u00e2lden&nbsp; und De Westereen . Beide D\u00f6rfer bieten umfangreiche Einkaufsm\u00f6glichkeiten und einen Bahnhof (Strecke Leeuwarden \u2013 Groningen).<\/p>\n<h3>Feanw\u00e2lden:<\/h3>\n<p>In Feanw\u00e2lden k\u00f6nnen Sie das kulturhistorische Zentrum Schierstins besuchen. In diesem alten Kloster finden wechselnde Ausstellungen statt. Weitere Informationen:&nbsp;<a href=\"http:\/\/www.schierstins.nl\/\">www.schierstins.nl.<\/a>&nbsp;Des Weiteren finden Sie im Dorf u.&nbsp;a. einen Plus-Supermarkt, einen Metzger, einen B\u00e4cker, einen Drogeriemarkt, zwei Bekleidungsgesch\u00e4fte, zwei Fris\u00f6re, ein Gesch\u00e4ft mit Kinderbekleidung, einen Imbiss, eine Zoohandlung und ein Wokrestaurant.<br>Im nahe gelegenen Feanw\u00e2ldsterwal werden Kanus vermietet. Von dort aus erkunden Sie das idyllische Naturschutzgebiet It B\u00fbtenfjild erkunden. Das Dorf hat einen Bahnhof (Strecke Groningen \u2013 Leeuwarden).<\/p>\n<h3>De Westereen:<\/h3>\n<p>In De Westereen gibt es ein Einkaufszentrum mit u.&nbsp;a. B\u00e4ckereien, Metzgereien und mehreren Ladenketten (COOP, Aldi, Kruidvat, Fris\u00f6re, Primera ). Auch das leibliche Wohl kommt nicht zu kurz. Es gibt u. a. ein Chinarestaurant, ein Steakhouse und ein Fischlokal. Sie k\u00f6nnen auch eine Pizza oder diner bestellen. Ein Prospekt liegt im Sanit\u00e4rgeb\u00e4ude. Das Dorf hat einen Bahnhof (Strecke Groningen \u2013 Leeuwarden).<\/p>\n<h3>Dokkum&nbsp;(12&nbsp;km entfernt)<\/h3>\n<p>Dokkum ist eine der elf St\u00e4dte Frieslands (und bekannt durch Bonifatius). Hier erwartet Sie eine wundersch\u00f6ne Innenstadt. Nehmen Sie an einer Stadtf\u00fchrung teil oder gehen Sie in aller Ruhe shoppen (Parken ist kostenlos!). Auch ein Besuch der Bonifatiuskapelle oder des Admiralit\u00e4tshauses lohnt sich. Dar\u00fcber hinaus finden hier h\u00e4ufig Veranstaltungen statt, wie die Admiralit\u00e4tstage oder der Weihnachtsmarkt. Wir geben Ihnen gerne Tipps! Mittwochs findet in der Innenstadt ein gem\u00fctlicher Wochenmarkt statt. In unserem Park bieten wir Infos zu Fahrradrouten nach Dokkum an.<\/p>\n<h3>Burgum&nbsp;(6&nbsp;km entfernt)<\/h3>\n<p>Burgum ist das gr\u00f6\u00dfte Dorf der Gemeinde Tytsjerksteradiel und von uns aus in nur 20 Minuten mit dem Rad zu erreichen. Hier finden Sie eine schnuckelige Einkaufsstra\u00dfe und gr\u00f6\u00dfere Superm\u00e4rkte. Im Zentrum von Burgum kann man kostenlos parken. Freitags ist Markttag im Zentrum. Au\u00dferdem hat das Dorf einen aktiven Gewerbeverein, und das ganze Jahr \u00fcber werden verschiedene Aktivit\u00e4ten organisiert. Wenn Sie mir dem Rad nach Burgum fahren, lohnt sich ein Abstecher zur&nbsp;<a href=\"http:\/\/klompen.frl\/\">Klompenwerkstatt und -museum<\/a>&nbsp;der Familie Scherjon. Hier werden noch jeden Tag die traditionellen Holzschuhe hergestellt. Einzigartig in den Niederlanden! Dar\u00fcber hinaus erfahren Sie mehr \u00fcber die Geschichte dieser traditionellen niederl\u00e4ndischen Schuhe.&nbsp;In unserem Park bieten wir Infos zu Fahrradrouten nach Burgum und Umgebung an.<\/p>\n<h3>Kollumerzwaag: Secondhandladen \u201eHet Lichtpunt\u201c&nbsp;(6&nbsp;km entfernt)<\/h3>\n<p>Der Secondhandladen \u201eHet Lichtpunt\u201c (dt. \u201eDer Lichtblick\u201c) ist einer der gr\u00f6\u00dften L\u00e4den seiner Art im Norden der Niederlande. Qualit\u00e4t und Vielfalt sind hier unschlagbar. Im gesamten Land wird Ware abgeholt.<\/p>\n<p>Bei \u201eHet Lichtpunt\u201c werden die gebrauchten Sachen eingesammelt und verkauft. Viele unserer G\u00e4ste statten diesem einmaligen Laden einen Besuch ab.&nbsp;Zwei Mal im Jahr gibt es eine gro\u00dfe Versteigerung: am 1. Samstag im M\u00e4rz und am 3. Sonntag im September. Dann ist von 9.00 bis 16.00 Uhr ge\u00f6ffnet.<br>Hier finden Sie alles M\u00f6gliche! Von M\u00f6beln und Betten bis zu Spielzeug, Kurzwaren und Werkzeug. Auf der&nbsp;<a href=\"http:\/\/www.kringloophetlichtpunt.nl\/htm\/algemeen.php\">Website<\/a>&nbsp;von \u201eHet Lichtpunt\u201c finden Sie weitere Informationen.&nbsp;In unserem Park bieten Infos zu Fahrradrouten nach Kollumerzwaag.<\/p>\n<h3>Kollum&nbsp;(12&nbsp;km entfernt)<\/h3>\n<p>Kollum ist eines der wichtigsten D\u00f6rfer in der Region Friese Wouden. Weil Kollum in der Vergangenheit immer eine zentrale Rolle in der Gegend gespielt hat, waren die Unternehmer des Dorfes relativ wohlhabend. Und das will etwas hei\u00dfen in einem der \u00e4rmsten Landstriche des ganzen Landes. Auf der Hauptstra\u00dfe, der Voorstraat, sieht man einiges davon. Hier zieren typisch holl\u00e4ndische Giebel wie Treppengiebel, Leistengiebel und Glockengiebel die H\u00e4user. Insgesamt stehen in Kollum 31 denkmalgesch\u00fctzte Geb\u00e4ude, darunter die beiden Kirchen, das Heimatmuseum Oudheidkamer Mr. Andreae in der alten Post und das alte Rathaus. Mit dem Namen Kollum verbindet man auch eine K\u00e4sesorte: Kollumer K\u00e4se. Dieser K\u00e4se wird aus Rohmilch hergestellt und hat einen w\u00fcrzigen Geschmack. Jedes Jahr finden in der Woche vor dem Koningsdag die Kollumer K\u00e4setage statt.<\/p>\n<p>Ein Besuch dieses Dorfes lohnt sich auf jeden Fall. In unserem Park bieten wir Infos zu Fahrradrouten nach Kollum.<\/p>\t\t\t\t\t\t\t\t<\/div>\n\t\t\t\t<\/div>\n\t\t\t\t\t<\/div>\n\t\t<\/div>\n\t\t\t\t\t<\/div>\n\t\t<\/section>\n\t\t\t\t<\/div>\n\t\t","protected":false},"excerpt":{"rendered":"<p>Feanwalden und De Westreeen\u00a0 (2 km entfernt) Camperpark Kuikhorne liegt zwischen den D\u00f6rfern Feanw\u00e2lden\u00a0 und De Westereen . Beide D\u00f6rfer bieten umfangreiche Einkaufsm\u00f6glichkeiten und einen Bahnhof (Strecke Leeuwarden \u2013 Groningen). Feanw\u00e2lden: In Feanw\u00e2lden k\u00f6nnen Sie das kulturhistorische Zentrum Schierstins besuchen. In diesem alten Kloster finden wechselnde Ausstellungen statt. Weitere Informationen:\u00a0www.schierstins.nl.\u00a0Des Weiteren finden Sie im Dorf [&hellip;]<\/p>\n","protected":false},"author":1,"featured_media":2564,"parent":2212,"menu_order":0,"comment_status":"closed","ping_status":"closed","template":"","meta":{"site-sidebar-layout":"default","site-content-layout":"default","ast-site-content-layout":"","site-content-style":"default","site-sidebar-style":"default","ast-global-header-display":"","ast-banner-title-visibility":"","ast-main-header-display":"","ast-hfb-above-header-display":"","ast-hfb-below-header-display":"","ast-hfb-mobile-header-display":"","site-post-title":"disabled","ast-breadcrumbs-content":"disabled","ast-featured-img":"disabled","footer-sml-layout":"","theme-transparent-header-meta":"default","adv-header-id-meta":"","stick-header-meta":"","header-above-stick-meta":"","header-main-stick-meta":"","header-below-stick-meta":"","astra-migrate-meta-layouts":"default","ast-page-background-enabled":"default","ast-page-background-meta":{"desktop":{"background-color":"","background-image":"","background-repeat":"repeat","background-position":"center center","background-size":"auto","background-attachment":"scroll","background-type":"","background-media":"","overlay-type":"","overlay-color":"","overlay-opacity":"","overlay-gradient":""},"tablet":{"background-color":"","background-image":"","background-repeat":"repeat","background-position":"center center","background-size":"auto","background-attachment":"scroll","background-type":"","background-media":"","overlay-type":"","overlay-color":"","overlay-opacity":"","overlay-gradient":""},"mobile":{"background-color":"","background-image":"","background-repeat":"repeat","background-position":"center center","background-size":"auto","background-attachment":"scroll","background-type":"","background-media":"","overlay-type":"","overlay-color":"","overlay-opacity":"","overlay-gradient":""}},"ast-content-background-meta":{"desktop":{"background-color":"var(--ast-global-color-5)","background-image":"","background-repeat":"repeat","background-position":"center center","background-size":"auto","background-attachment":"scroll","background-type":"","background-media":"","overlay-type":"","overlay-color":"","overlay-opacity":"","overlay-gradient":""},"tablet":{"background-color":"var(--ast-global-color-5)","background-image":"","background-repeat":"repeat","background-position":"center center","background-size":"auto","background-attachment":"scroll","background-type":"","background-media":"","overlay-type":"","overlay-color":"","overlay-opacity":"","overlay-gradient":""},"mobile":{"background-color":"var(--ast-global-color-5)","background-image":"","background-repeat":"repeat","background-position":"center center","background-size":"auto","background-attachment":"scroll","background-type":"","background-media":"","overlay-type":"","overlay-color":"","overlay-opacity":"","overlay-gradient":""}},"footnotes":""},"categories":[31],"tags":[],"class_list":["post-4064","page","type-page","status-publish","has-post-thumbnail","hentry","category-umgebung"],"yoast_head":"<!-- This site is optimized with the Yoast SEO plugin v27.5 - https:\/\/yoast.com\/product\/yoast-seo-wordpress\/ -->\n<title>D\u00f6rfer und St\u00e4dte in die Umgebung - Kuikhorne<\/title>\n<meta name=\"description\" content=\"In der Umgebung von Kuikhorne finden Sie verschiedene D\u00f6rfer und St\u00e4dte, die einen Besuch wert sind. Wir geben Ihnen gerne Tipps.\" \/>\n<meta name=\"robots\" content=\"index, follow, max-snippet:-1, max-image-preview:large, max-video-preview:-1\" \/>\n<link rel=\"canonical\" href=\"https:\/\/jachthavenkuikhorne.nl\/de\/umgebung\/doerfer-und-staedte\" \/>\n<meta property=\"og:locale\" content=\"de_DE\" \/>\n<meta property=\"og:type\" content=\"article\" \/>\n<meta property=\"og:title\" content=\"D\u00f6rfer und St\u00e4dte in die Umgebung - Kuikhorne\" \/>\n<meta property=\"og:description\" content=\"In der Umgebung von Kuikhorne finden Sie verschiedene D\u00f6rfer und St\u00e4dte, die einen Besuch wert sind. Wir geben Ihnen gerne Tipps.\" \/>\n<meta property=\"og:url\" content=\"https:\/\/jachthavenkuikhorne.nl\/de\/umgebung\/doerfer-und-staedte\" \/>\n<meta property=\"og:site_name\" content=\"Jachthaven Kuikhorne\" \/>\n<meta property=\"article:modified_time\" content=\"2022-05-30T15:16:55+00:00\" \/>\n<meta property=\"og:image\" content=\"https:\/\/jachthavenkuikhorne.nl\/wp-content\/uploads\/2013\/03\/10662162_331471577023840_548210168743428551_o.jpg\" \/>\n\t<meta property=\"og:image:width\" content=\"2048\" \/>\n\t<meta property=\"og:image:height\" content=\"1370\" \/>\n\t<meta property=\"og:image:type\" content=\"image\/jpeg\" \/>\n<meta name=\"twitter:card\" content=\"summary_large_image\" \/>\n<meta name=\"twitter:label1\" content=\"Gesch\u00e4tzte Lesezeit\" \/>\n\t<meta name=\"twitter:data1\" content=\"3\u00a0Minuten\" \/>\n<script type=\"application\/ld+json\" class=\"yoast-schema-graph\">{\"@context\":\"https:\\\/\\\/schema.org\",\"@graph\":[{\"@type\":\"WebPage\",\"@id\":\"https:\\\/\\\/jachthavenkuikhorne.nl\\\/de\\\/umgebung\\\/doerfer-und-staedte\",\"url\":\"https:\\\/\\\/jachthavenkuikhorne.nl\\\/de\\\/umgebung\\\/doerfer-und-staedte\",\"name\":\"D\u00f6rfer und St\u00e4dte in die Umgebung - Kuikhorne\",\"isPartOf\":{\"@id\":\"https:\\\/\\\/jachthavenkuikhorne.nl\\\/de\\\/#website\"},\"primaryImageOfPage\":{\"@id\":\"https:\\\/\\\/jachthavenkuikhorne.nl\\\/de\\\/umgebung\\\/doerfer-und-staedte#primaryimage\"},\"image\":{\"@id\":\"https:\\\/\\\/jachthavenkuikhorne.nl\\\/de\\\/umgebung\\\/doerfer-und-staedte#primaryimage\"},\"thumbnailUrl\":\"https:\\\/\\\/jachthavenkuikhorne.nl\\\/wp-content\\\/uploads\\\/2013\\\/03\\\/10662162_331471577023840_548210168743428551_o.jpg\",\"datePublished\":\"2021-02-15T15:22:07+00:00\",\"dateModified\":\"2022-05-30T15:16:55+00:00\",\"description\":\"In der Umgebung von Kuikhorne finden Sie verschiedene D\u00f6rfer und St\u00e4dte, die einen Besuch wert sind. Wir geben Ihnen gerne Tipps.\",\"breadcrumb\":{\"@id\":\"https:\\\/\\\/jachthavenkuikhorne.nl\\\/de\\\/umgebung\\\/doerfer-und-staedte#breadcrumb\"},\"inLanguage\":\"de\",\"potentialAction\":[{\"@type\":\"ReadAction\",\"target\":[\"https:\\\/\\\/jachthavenkuikhorne.nl\\\/de\\\/umgebung\\\/doerfer-und-staedte\"]}]},{\"@type\":\"ImageObject\",\"inLanguage\":\"de\",\"@id\":\"https:\\\/\\\/jachthavenkuikhorne.nl\\\/de\\\/umgebung\\\/doerfer-und-staedte#primaryimage\",\"url\":\"https:\\\/\\\/jachthavenkuikhorne.nl\\\/wp-content\\\/uploads\\\/2013\\\/03\\\/10662162_331471577023840_548210168743428551_o.jpg\",\"contentUrl\":\"https:\\\/\\\/jachthavenkuikhorne.nl\\\/wp-content\\\/uploads\\\/2013\\\/03\\\/10662162_331471577023840_548210168743428551_o.jpg\",\"width\":2048,\"height\":1370,\"caption\":\"Dokkum\"},{\"@type\":\"BreadcrumbList\",\"@id\":\"https:\\\/\\\/jachthavenkuikhorne.nl\\\/de\\\/umgebung\\\/doerfer-und-staedte#breadcrumb\",\"itemListElement\":[{\"@type\":\"ListItem\",\"position\":1,\"name\":\"Home\",\"item\":\"https:\\\/\\\/jachthavenkuikhorne.nl\\\/de\"},{\"@type\":\"ListItem\",\"position\":2,\"name\":\"Umgebung\",\"item\":\"https:\\\/\\\/jachthavenkuikhorne.nl\\\/de\\\/omgeving\"},{\"@type\":\"ListItem\",\"position\":3,\"name\":\"D\u00f6rfer und St\u00e4dte\"}]},{\"@type\":\"WebSite\",\"@id\":\"https:\\\/\\\/jachthavenkuikhorne.nl\\\/de\\\/#website\",\"url\":\"https:\\\/\\\/jachthavenkuikhorne.nl\\\/de\\\/\",\"name\":\"Jachthaven Kuikhorne\",\"description\":\"Goed onderhouden jachthaven in Kuikhorne, Friesland\",\"publisher\":{\"@id\":\"https:\\\/\\\/jachthavenkuikhorne.nl\\\/de\\\/#organization\"},\"potentialAction\":[{\"@type\":\"SearchAction\",\"target\":{\"@type\":\"EntryPoint\",\"urlTemplate\":\"https:\\\/\\\/jachthavenkuikhorne.nl\\\/de\\\/?s={search_term_string}\"},\"query-input\":{\"@type\":\"PropertyValueSpecification\",\"valueRequired\":true,\"valueName\":\"search_term_string\"}}],\"inLanguage\":\"de\"},{\"@type\":\"Organization\",\"@id\":\"https:\\\/\\\/jachthavenkuikhorne.nl\\\/de\\\/#organization\",\"name\":\"Jachthaven Kuikhorne\",\"url\":\"https:\\\/\\\/jachthavenkuikhorne.nl\\\/de\\\/\",\"logo\":{\"@type\":\"ImageObject\",\"inLanguage\":\"de\",\"@id\":\"https:\\\/\\\/jachthavenkuikhorne.nl\\\/de\\\/#\\\/schema\\\/logo\\\/image\\\/\",\"url\":\"https:\\\/\\\/jachthavenkuikhorne.nl\\\/wp-content\\\/uploads\\\/2020\\\/11\\\/logo-website-kuikhorne.png\",\"contentUrl\":\"https:\\\/\\\/jachthavenkuikhorne.nl\\\/wp-content\\\/uploads\\\/2020\\\/11\\\/logo-website-kuikhorne.png\",\"width\":198,\"height\":162,\"caption\":\"Jachthaven Kuikhorne\"},\"image\":{\"@id\":\"https:\\\/\\\/jachthavenkuikhorne.nl\\\/de\\\/#\\\/schema\\\/logo\\\/image\\\/\"}}]}<\/script>\n<!-- \/ Yoast SEO plugin. -->","yoast_head_json":{"title":"D\u00f6rfer und St\u00e4dte in die Umgebung - Kuikhorne","description":"In der Umgebung von Kuikhorne finden Sie verschiedene D\u00f6rfer und St\u00e4dte, die einen Besuch wert sind. Wir geben Ihnen gerne Tipps.","robots":{"index":"index","follow":"follow","max-snippet":"max-snippet:-1","max-image-preview":"max-image-preview:large","max-video-preview":"max-video-preview:-1"},"canonical":"https:\/\/jachthavenkuikhorne.nl\/de\/umgebung\/doerfer-und-staedte","og_locale":"de_DE","og_type":"article","og_title":"D\u00f6rfer und St\u00e4dte in die Umgebung - Kuikhorne","og_description":"In der Umgebung von Kuikhorne finden Sie verschiedene D\u00f6rfer und St\u00e4dte, die einen Besuch wert sind. Wir geben Ihnen gerne Tipps.","og_url":"https:\/\/jachthavenkuikhorne.nl\/de\/umgebung\/doerfer-und-staedte","og_site_name":"Jachthaven Kuikhorne","article_modified_time":"2022-05-30T15:16:55+00:00","og_image":[{"width":2048,"height":1370,"url":"https:\/\/jachthavenkuikhorne.nl\/wp-content\/uploads\/2013\/03\/10662162_331471577023840_548210168743428551_o.jpg","type":"image\/jpeg"}],"twitter_card":"summary_large_image","twitter_misc":{"Gesch\u00e4tzte Lesezeit":"3\u00a0Minuten"},"schema":{"@context":"https:\/\/schema.org","@graph":[{"@type":"WebPage","@id":"https:\/\/jachthavenkuikhorne.nl\/de\/umgebung\/doerfer-und-staedte","url":"https:\/\/jachthavenkuikhorne.nl\/de\/umgebung\/doerfer-und-staedte","name":"D\u00f6rfer und St\u00e4dte in die Umgebung - Kuikhorne","isPartOf":{"@id":"https:\/\/jachthavenkuikhorne.nl\/de\/#website"},"primaryImageOfPage":{"@id":"https:\/\/jachthavenkuikhorne.nl\/de\/umgebung\/doerfer-und-staedte#primaryimage"},"image":{"@id":"https:\/\/jachthavenkuikhorne.nl\/de\/umgebung\/doerfer-und-staedte#primaryimage"},"thumbnailUrl":"https:\/\/jachthavenkuikhorne.nl\/wp-content\/uploads\/2013\/03\/10662162_331471577023840_548210168743428551_o.jpg","datePublished":"2021-02-15T15:22:07+00:00","dateModified":"2022-05-30T15:16:55+00:00","description":"In der Umgebung von Kuikhorne finden Sie verschiedene D\u00f6rfer und St\u00e4dte, die einen Besuch wert sind. Wir geben Ihnen gerne Tipps.","breadcrumb":{"@id":"https:\/\/jachthavenkuikhorne.nl\/de\/umgebung\/doerfer-und-staedte#breadcrumb"},"inLanguage":"de","potentialAction":[{"@type":"ReadAction","target":["https:\/\/jachthavenkuikhorne.nl\/de\/umgebung\/doerfer-und-staedte"]}]},{"@type":"ImageObject","inLanguage":"de","@id":"https:\/\/jachthavenkuikhorne.nl\/de\/umgebung\/doerfer-und-staedte#primaryimage","url":"https:\/\/jachthavenkuikhorne.nl\/wp-content\/uploads\/2013\/03\/10662162_331471577023840_548210168743428551_o.jpg","contentUrl":"https:\/\/jachthavenkuikhorne.nl\/wp-content\/uploads\/2013\/03\/10662162_331471577023840_548210168743428551_o.jpg","width":2048,"height":1370,"caption":"Dokkum"},{"@type":"BreadcrumbList","@id":"https:\/\/jachthavenkuikhorne.nl\/de\/umgebung\/doerfer-und-staedte#breadcrumb","itemListElement":[{"@type":"ListItem","position":1,"name":"Home","item":"https:\/\/jachthavenkuikhorne.nl\/de"},{"@type":"ListItem","position":2,"name":"Umgebung","item":"https:\/\/jachthavenkuikhorne.nl\/de\/omgeving"},{"@type":"ListItem","position":3,"name":"D\u00f6rfer und St\u00e4dte"}]},{"@type":"WebSite","@id":"https:\/\/jachthavenkuikhorne.nl\/de\/#website","url":"https:\/\/jachthavenkuikhorne.nl\/de\/","name":"Jachthaven Kuikhorne","description":"Goed onderhouden jachthaven in Kuikhorne, Friesland","publisher":{"@id":"https:\/\/jachthavenkuikhorne.nl\/de\/#organization"},"potentialAction":[{"@type":"SearchAction","target":{"@type":"EntryPoint","urlTemplate":"https:\/\/jachthavenkuikhorne.nl\/de\/?s={search_term_string}"},"query-input":{"@type":"PropertyValueSpecification","valueRequired":true,"valueName":"search_term_string"}}],"inLanguage":"de"},{"@type":"Organization","@id":"https:\/\/jachthavenkuikhorne.nl\/de\/#organization","name":"Jachthaven Kuikhorne","url":"https:\/\/jachthavenkuikhorne.nl\/de\/","logo":{"@type":"ImageObject","inLanguage":"de","@id":"https:\/\/jachthavenkuikhorne.nl\/de\/#\/schema\/logo\/image\/","url":"https:\/\/jachthavenkuikhorne.nl\/wp-content\/uploads\/2020\/11\/logo-website-kuikhorne.png","contentUrl":"https:\/\/jachthavenkuikhorne.nl\/wp-content\/uploads\/2020\/11\/logo-website-kuikhorne.png","width":198,"height":162,"caption":"Jachthaven Kuikhorne"},"image":{"@id":"https:\/\/jachthavenkuikhorne.nl\/de\/#\/schema\/logo\/image\/"}}]}},"_links":{"self":[{"href":"https:\/\/jachthavenkuikhorne.nl\/de\/index.php?rest_route=\/wp\/v2\/pages\/4064","targetHints":{"allow":["GET"]}}],"collection":[{"href":"https:\/\/jachthavenkuikhorne.nl\/de\/index.php?rest_route=\/wp\/v2\/pages"}],"about":[{"href":"https:\/\/jachthavenkuikhorne.nl\/de\/index.php?rest_route=\/wp\/v2\/types\/page"}],"author":[{"embeddable":true,"href":"https:\/\/jachthavenkuikhorne.nl\/de\/index.php?rest_route=\/wp\/v2\/users\/1"}],"replies":[{"embeddable":true,"href":"https:\/\/jachthavenkuikhorne.nl\/de\/index.php?rest_route=%2Fwp%2Fv2%2Fcomments&post=4064"}],"version-history":[{"count":0,"href":"https:\/\/jachthavenkuikhorne.nl\/de\/index.php?rest_route=\/wp\/v2\/pages\/4064\/revisions"}],"up":[{"embeddable":true,"href":"https:\/\/jachthavenkuikhorne.nl\/de\/index.php?rest_route=\/wp\/v2\/pages\/2212"}],"wp:featuredmedia":[{"embeddable":true,"href":"https:\/\/jachthavenkuikhorne.nl\/de\/index.php?rest_route=\/wp\/v2\/media\/2564"}],"wp:attachment":[{"href":"https:\/\/jachthavenkuikhorne.nl\/de\/index.php?rest_route=%2Fwp%2Fv2%2Fmedia&parent=4064"}],"wp:term":[{"taxonomy":"category","embeddable":true,"href":"https:\/\/jachthavenkuikhorne.nl\/de\/index.php?rest_route=%2Fwp%2Fv2%2Fcategories&post=4064"},{"taxonomy":"post_tag","embeddable":true,"href":"https:\/\/jachthavenkuikhorne.nl\/de\/index.php?rest_route=%2Fwp%2Fv2%2Ftags&post=4064"}],"curies":[{"name":"wp","href":"https:\/\/api.w.org\/{rel}","templated":true}]}}