{"id":4058,"date":"2021-02-15T15:18:29","date_gmt":"2021-02-15T15:18:29","guid":{"rendered":"https:\/\/wordtaangewerkt.nl\/kuikhorne\/sanitaer\/"},"modified":"2022-05-30T15:13:21","modified_gmt":"2022-05-30T15:13:21","slug":"sanitaer","status":"publish","type":"page","link":"https:\/\/jachthavenkuikhorne.nl\/de\/ausstattung\/sanitaer","title":{"rendered":"Sanit\u00e4r"},"content":{"rendered":"<h1>Sanit\u00e4rgeb\u00e4ude<\/h1>\n<p>Unser Sanit\u00e4rgeb\u00e4ude ist ganzj\u00e4hrig ge\u00f6ffnet und verf\u00fcgt \u00fcber eine Damen- und eine Herrenabteilung. Duschen ist mit einem M\u00fcnzautomaten m\u00f6glich (0,50 \u20ac f\u00fcr 4 Minuten). Das Geb\u00e4ude ist mit einer Fu\u00dfbodenheizung ausgestattet und verf\u00fcgt \u00fcber eine behindertengerechte Dusche. Das Sanit\u00e4rgeb\u00e4ude wird regelm\u00e4\u00dfig und sorgf\u00e4ltig gereinigt. An der Au\u00dfenseite des Geb\u00e4udes befindet sich ein Geschirrsp\u00fcltisch mit kostenlosem Warmwasser.<\/p>\n<h3>Waschen und Trocknen<\/h3>\n<p>W\u00e4hrend Ihres Urlaubs k\u00f6nnen Sie schmutzige W\u00e4sche nicht vermeiden. In unserem Sanit\u00e4rgeb\u00e4ude stehen Ihnen gegen Geb\u00fchr eine Waschmaschine und ein Trockner zur Verf\u00fcgung.<\/p>\n<h3>Andere Einrichtungen<\/h3>\n<p>Im Sanit\u00e4rgeb\u00e4ude finden Sie verschiedene Prospekte \u00fcber die sch\u00f6nen Dinge, die Sie w\u00e4hrend Ihres Besuchs tun k\u00f6nnen. Dort finden Sie auch Brosch\u00fcren und Visitenkarten von anderen Wohnmobilstellpl\u00e4tzen. Au\u00dferhalb des Geb\u00e4udes befindet sich ein B\u00fcchertauschschrank. Sie k\u00f6nnen ein Buch ausleihen oder umtauschen, aber Sie k\u00f6nnen auch ein Buch mitnehmen. Gibt es B\u00fccher, die Sie nicht mehr lesen werden? Teilen Sie sie mit anderen und Ihr Buch bekommt ein zweites Leben!<\/p>\n<p>&nbsp;<\/p>\n<p>&nbsp;<\/p>\n","protected":false},"excerpt":{"rendered":"<p>Sanit\u00e4rgeb\u00e4ude Unser Sanit\u00e4rgeb\u00e4ude ist ganzj\u00e4hrig ge\u00f6ffnet und verf\u00fcgt \u00fcber eine Damen- und eine Herrenabteilung. Duschen ist mit einem M\u00fcnzautomaten m\u00f6glich (0,50 \u20ac f\u00fcr 4 Minuten). Das Geb\u00e4ude ist mit einer Fu\u00dfbodenheizung ausgestattet und verf\u00fcgt \u00fcber eine behindertengerechte Dusche. Das Sanit\u00e4rgeb\u00e4ude wird regelm\u00e4\u00dfig und sorgf\u00e4ltig gereinigt. An der Au\u00dfenseite des Geb\u00e4udes befindet sich ein Geschirrsp\u00fcltisch mit [&hellip;]<\/p>\n","protected":false},"author":1,"featured_media":4261,"parent":4054,"menu_order":0,"comment_status":"closed","ping_status":"closed","template":"","meta":{"site-sidebar-layout":"right-sidebar","site-content-layout":"default","ast-site-content-layout":"","site-content-style":"default","site-sidebar-style":"default","ast-global-header-display":"","ast-banner-title-visibility":"","ast-main-header-display":"","ast-hfb-above-header-display":"","ast-hfb-below-header-display":"","ast-hfb-mobile-header-display":"","site-post-title":"disabled","ast-breadcrumbs-content":"disabled","ast-featured-img":"disabled","footer-sml-layout":"","theme-transparent-header-meta":"default","adv-header-id-meta":"","stick-header-meta":"","header-above-stick-meta":"","header-main-stick-meta":"","header-below-stick-meta":"","astra-migrate-meta-layouts":"default","ast-page-background-enabled":"default","ast-page-background-meta":{"desktop":{"background-color":"","background-image":"","background-repeat":"repeat","background-position":"center center","background-size":"auto","background-attachment":"scroll","background-type":"","background-media":"","overlay-type":"","overlay-color":"","overlay-opacity":"","overlay-gradient":""},"tablet":{"background-color":"","background-image":"","background-repeat":"repeat","background-position":"center center","background-size":"auto","background-attachment":"scroll","background-type":"","background-media":"","overlay-type":"","overlay-color":"","overlay-opacity":"","overlay-gradient":""},"mobile":{"background-color":"","background-image":"","background-repeat":"repeat","background-position":"center center","background-size":"auto","background-attachment":"scroll","background-type":"","background-media":"","overlay-type":"","overlay-color":"","overlay-opacity":"","overlay-gradient":""}},"ast-content-background-meta":{"desktop":{"background-color":"var(--ast-global-color-5)","background-image":"","background-repeat":"repeat","background-position":"center center","background-size":"auto","background-attachment":"scroll","background-type":"","background-media":"","overlay-type":"","overlay-color":"","overlay-opacity":"","overlay-gradient":""},"tablet":{"background-color":"var(--ast-global-color-5)","background-image":"","background-repeat":"repeat","background-position":"center center","background-size":"auto","background-attachment":"scroll","background-type":"","background-media":"","overlay-type":"","overlay-color":"","overlay-opacity":"","overlay-gradient":""},"mobile":{"background-color":"var(--ast-global-color-5)","background-image":"","background-repeat":"repeat","background-position":"center center","background-size":"auto","background-attachment":"scroll","background-type":"","background-media":"","overlay-type":"","overlay-color":"","overlay-opacity":"","overlay-gradient":""}},"footnotes":""},"categories":[30],"tags":[],"class_list":["post-4058","page","type-page","status-publish","has-post-thumbnail","hentry","category-ausstattung"],"yoast_head":"<!-- This site is optimized with the Yoast SEO plugin v27.5 - https:\/\/yoast.com\/product\/yoast-seo-wordpress\/ -->\n<title>Sanit\u00e4r - Yachthafen Kuikhorne<\/title>\n<meta name=\"description\" content=\"Unser Sanit\u00e4rgeb\u00e4ude ist sehr komplett und hat eine M\u00e4nner- und eine Frauenabteilung. Sie k\u00f6nnen dort auch Ihre W\u00e4sche waschen.\" \/>\n<meta name=\"robots\" content=\"index, follow, max-snippet:-1, max-image-preview:large, max-video-preview:-1\" \/>\n<link rel=\"canonical\" href=\"https:\/\/jachthavenkuikhorne.nl\/de\/ausstattung\/sanitaer\" \/>\n<meta property=\"og:locale\" content=\"de_DE\" \/>\n<meta property=\"og:type\" content=\"article\" \/>\n<meta property=\"og:title\" content=\"Sanit\u00e4r - Yachthafen Kuikhorne\" \/>\n<meta property=\"og:description\" content=\"Unser Sanit\u00e4rgeb\u00e4ude ist sehr komplett und hat eine M\u00e4nner- und eine Frauenabteilung. Sie k\u00f6nnen dort auch Ihre W\u00e4sche waschen.\" \/>\n<meta property=\"og:url\" content=\"https:\/\/jachthavenkuikhorne.nl\/de\/ausstattung\/sanitaer\" \/>\n<meta property=\"og:site_name\" content=\"Jachthaven Kuikhorne\" \/>\n<meta property=\"article:modified_time\" content=\"2022-05-30T15:13:21+00:00\" \/>\n<meta property=\"og:image\" content=\"https:\/\/jachthavenkuikhorne.nl\/wp-content\/uploads\/2021\/02\/sanitairgebouw-018-scaled.jpg\" \/>\n\t<meta property=\"og:image:width\" content=\"2560\" \/>\n\t<meta property=\"og:image:height\" content=\"1434\" \/>\n\t<meta property=\"og:image:type\" content=\"image\/jpeg\" \/>\n<meta name=\"twitter:card\" content=\"summary_large_image\" \/>\n<meta name=\"twitter:label1\" content=\"Gesch\u00e4tzte Lesezeit\" \/>\n\t<meta name=\"twitter:data1\" content=\"1\u00a0Minute\" \/>\n<script type=\"application\/ld+json\" class=\"yoast-schema-graph\">{\"@context\":\"https:\\\/\\\/schema.org\",\"@graph\":[{\"@type\":\"WebPage\",\"@id\":\"https:\\\/\\\/jachthavenkuikhorne.nl\\\/de\\\/ausstattung\\\/sanitaer\",\"url\":\"https:\\\/\\\/jachthavenkuikhorne.nl\\\/de\\\/ausstattung\\\/sanitaer\",\"name\":\"Sanit\u00e4r - Yachthafen Kuikhorne\",\"isPartOf\":{\"@id\":\"https:\\\/\\\/jachthavenkuikhorne.nl\\\/de\\\/#website\"},\"primaryImageOfPage\":{\"@id\":\"https:\\\/\\\/jachthavenkuikhorne.nl\\\/de\\\/ausstattung\\\/sanitaer#primaryimage\"},\"image\":{\"@id\":\"https:\\\/\\\/jachthavenkuikhorne.nl\\\/de\\\/ausstattung\\\/sanitaer#primaryimage\"},\"thumbnailUrl\":\"https:\\\/\\\/jachthavenkuikhorne.nl\\\/wp-content\\\/uploads\\\/2021\\\/02\\\/sanitairgebouw-018-scaled.jpg\",\"datePublished\":\"2021-02-15T15:18:29+00:00\",\"dateModified\":\"2022-05-30T15:13:21+00:00\",\"description\":\"Unser Sanit\u00e4rgeb\u00e4ude ist sehr komplett und hat eine M\u00e4nner- und eine Frauenabteilung. Sie k\u00f6nnen dort auch Ihre W\u00e4sche waschen.\",\"breadcrumb\":{\"@id\":\"https:\\\/\\\/jachthavenkuikhorne.nl\\\/de\\\/ausstattung\\\/sanitaer#breadcrumb\"},\"inLanguage\":\"de\",\"potentialAction\":[{\"@type\":\"ReadAction\",\"target\":[\"https:\\\/\\\/jachthavenkuikhorne.nl\\\/de\\\/ausstattung\\\/sanitaer\"]}]},{\"@type\":\"ImageObject\",\"inLanguage\":\"de\",\"@id\":\"https:\\\/\\\/jachthavenkuikhorne.nl\\\/de\\\/ausstattung\\\/sanitaer#primaryimage\",\"url\":\"https:\\\/\\\/jachthavenkuikhorne.nl\\\/wp-content\\\/uploads\\\/2021\\\/02\\\/sanitairgebouw-018-scaled.jpg\",\"contentUrl\":\"https:\\\/\\\/jachthavenkuikhorne.nl\\\/wp-content\\\/uploads\\\/2021\\\/02\\\/sanitairgebouw-018-scaled.jpg\",\"width\":2560,\"height\":1434,\"caption\":\"SONY DSC\"},{\"@type\":\"BreadcrumbList\",\"@id\":\"https:\\\/\\\/jachthavenkuikhorne.nl\\\/de\\\/ausstattung\\\/sanitaer#breadcrumb\",\"itemListElement\":[{\"@type\":\"ListItem\",\"position\":1,\"name\":\"Home\",\"item\":\"https:\\\/\\\/jachthavenkuikhorne.nl\\\/de\"},{\"@type\":\"ListItem\",\"position\":2,\"name\":\"Ausstattung\",\"item\":\"https:\\\/\\\/jachthavenkuikhorne.nl\\\/de\\\/faciliteiten\"},{\"@type\":\"ListItem\",\"position\":3,\"name\":\"Sanit\u00e4r\"}]},{\"@type\":\"WebSite\",\"@id\":\"https:\\\/\\\/jachthavenkuikhorne.nl\\\/de\\\/#website\",\"url\":\"https:\\\/\\\/jachthavenkuikhorne.nl\\\/de\\\/\",\"name\":\"Jachthaven Kuikhorne\",\"description\":\"Goed onderhouden jachthaven in Kuikhorne, Friesland\",\"publisher\":{\"@id\":\"https:\\\/\\\/jachthavenkuikhorne.nl\\\/de\\\/#organization\"},\"potentialAction\":[{\"@type\":\"SearchAction\",\"target\":{\"@type\":\"EntryPoint\",\"urlTemplate\":\"https:\\\/\\\/jachthavenkuikhorne.nl\\\/de\\\/?s={search_term_string}\"},\"query-input\":{\"@type\":\"PropertyValueSpecification\",\"valueRequired\":true,\"valueName\":\"search_term_string\"}}],\"inLanguage\":\"de\"},{\"@type\":\"Organization\",\"@id\":\"https:\\\/\\\/jachthavenkuikhorne.nl\\\/de\\\/#organization\",\"name\":\"Jachthaven Kuikhorne\",\"url\":\"https:\\\/\\\/jachthavenkuikhorne.nl\\\/de\\\/\",\"logo\":{\"@type\":\"ImageObject\",\"inLanguage\":\"de\",\"@id\":\"https:\\\/\\\/jachthavenkuikhorne.nl\\\/de\\\/#\\\/schema\\\/logo\\\/image\\\/\",\"url\":\"https:\\\/\\\/jachthavenkuikhorne.nl\\\/wp-content\\\/uploads\\\/2020\\\/11\\\/logo-website-kuikhorne.png\",\"contentUrl\":\"https:\\\/\\\/jachthavenkuikhorne.nl\\\/wp-content\\\/uploads\\\/2020\\\/11\\\/logo-website-kuikhorne.png\",\"width\":198,\"height\":162,\"caption\":\"Jachthaven Kuikhorne\"},\"image\":{\"@id\":\"https:\\\/\\\/jachthavenkuikhorne.nl\\\/de\\\/#\\\/schema\\\/logo\\\/image\\\/\"}}]}<\/script>\n<!-- \/ Yoast SEO plugin. -->","yoast_head_json":{"title":"Sanit\u00e4r - Yachthafen Kuikhorne","description":"Unser Sanit\u00e4rgeb\u00e4ude ist sehr komplett und hat eine M\u00e4nner- und eine Frauenabteilung. Sie k\u00f6nnen dort auch Ihre W\u00e4sche waschen.","robots":{"index":"index","follow":"follow","max-snippet":"max-snippet:-1","max-image-preview":"max-image-preview:large","max-video-preview":"max-video-preview:-1"},"canonical":"https:\/\/jachthavenkuikhorne.nl\/de\/ausstattung\/sanitaer","og_locale":"de_DE","og_type":"article","og_title":"Sanit\u00e4r - Yachthafen Kuikhorne","og_description":"Unser Sanit\u00e4rgeb\u00e4ude ist sehr komplett und hat eine M\u00e4nner- und eine Frauenabteilung. Sie k\u00f6nnen dort auch Ihre W\u00e4sche waschen.","og_url":"https:\/\/jachthavenkuikhorne.nl\/de\/ausstattung\/sanitaer","og_site_name":"Jachthaven Kuikhorne","article_modified_time":"2022-05-30T15:13:21+00:00","og_image":[{"width":2560,"height":1434,"url":"https:\/\/jachthavenkuikhorne.nl\/wp-content\/uploads\/2021\/02\/sanitairgebouw-018-scaled.jpg","type":"image\/jpeg"}],"twitter_card":"summary_large_image","twitter_misc":{"Gesch\u00e4tzte Lesezeit":"1\u00a0Minute"},"schema":{"@context":"https:\/\/schema.org","@graph":[{"@type":"WebPage","@id":"https:\/\/jachthavenkuikhorne.nl\/de\/ausstattung\/sanitaer","url":"https:\/\/jachthavenkuikhorne.nl\/de\/ausstattung\/sanitaer","name":"Sanit\u00e4r - Yachthafen Kuikhorne","isPartOf":{"@id":"https:\/\/jachthavenkuikhorne.nl\/de\/#website"},"primaryImageOfPage":{"@id":"https:\/\/jachthavenkuikhorne.nl\/de\/ausstattung\/sanitaer#primaryimage"},"image":{"@id":"https:\/\/jachthavenkuikhorne.nl\/de\/ausstattung\/sanitaer#primaryimage"},"thumbnailUrl":"https:\/\/jachthavenkuikhorne.nl\/wp-content\/uploads\/2021\/02\/sanitairgebouw-018-scaled.jpg","datePublished":"2021-02-15T15:18:29+00:00","dateModified":"2022-05-30T15:13:21+00:00","description":"Unser Sanit\u00e4rgeb\u00e4ude ist sehr komplett und hat eine M\u00e4nner- und eine Frauenabteilung. Sie k\u00f6nnen dort auch Ihre W\u00e4sche waschen.","breadcrumb":{"@id":"https:\/\/jachthavenkuikhorne.nl\/de\/ausstattung\/sanitaer#breadcrumb"},"inLanguage":"de","potentialAction":[{"@type":"ReadAction","target":["https:\/\/jachthavenkuikhorne.nl\/de\/ausstattung\/sanitaer"]}]},{"@type":"ImageObject","inLanguage":"de","@id":"https:\/\/jachthavenkuikhorne.nl\/de\/ausstattung\/sanitaer#primaryimage","url":"https:\/\/jachthavenkuikhorne.nl\/wp-content\/uploads\/2021\/02\/sanitairgebouw-018-scaled.jpg","contentUrl":"https:\/\/jachthavenkuikhorne.nl\/wp-content\/uploads\/2021\/02\/sanitairgebouw-018-scaled.jpg","width":2560,"height":1434,"caption":"SONY DSC"},{"@type":"BreadcrumbList","@id":"https:\/\/jachthavenkuikhorne.nl\/de\/ausstattung\/sanitaer#breadcrumb","itemListElement":[{"@type":"ListItem","position":1,"name":"Home","item":"https:\/\/jachthavenkuikhorne.nl\/de"},{"@type":"ListItem","position":2,"name":"Ausstattung","item":"https:\/\/jachthavenkuikhorne.nl\/de\/faciliteiten"},{"@type":"ListItem","position":3,"name":"Sanit\u00e4r"}]},{"@type":"WebSite","@id":"https:\/\/jachthavenkuikhorne.nl\/de\/#website","url":"https:\/\/jachthavenkuikhorne.nl\/de\/","name":"Jachthaven Kuikhorne","description":"Goed onderhouden jachthaven in Kuikhorne, Friesland","publisher":{"@id":"https:\/\/jachthavenkuikhorne.nl\/de\/#organization"},"potentialAction":[{"@type":"SearchAction","target":{"@type":"EntryPoint","urlTemplate":"https:\/\/jachthavenkuikhorne.nl\/de\/?s={search_term_string}"},"query-input":{"@type":"PropertyValueSpecification","valueRequired":true,"valueName":"search_term_string"}}],"inLanguage":"de"},{"@type":"Organization","@id":"https:\/\/jachthavenkuikhorne.nl\/de\/#organization","name":"Jachthaven Kuikhorne","url":"https:\/\/jachthavenkuikhorne.nl\/de\/","logo":{"@type":"ImageObject","inLanguage":"de","@id":"https:\/\/jachthavenkuikhorne.nl\/de\/#\/schema\/logo\/image\/","url":"https:\/\/jachthavenkuikhorne.nl\/wp-content\/uploads\/2020\/11\/logo-website-kuikhorne.png","contentUrl":"https:\/\/jachthavenkuikhorne.nl\/wp-content\/uploads\/2020\/11\/logo-website-kuikhorne.png","width":198,"height":162,"caption":"Jachthaven Kuikhorne"},"image":{"@id":"https:\/\/jachthavenkuikhorne.nl\/de\/#\/schema\/logo\/image\/"}}]}},"_links":{"self":[{"href":"https:\/\/jachthavenkuikhorne.nl\/de\/index.php?rest_route=\/wp\/v2\/pages\/4058","targetHints":{"allow":["GET"]}}],"collection":[{"href":"https:\/\/jachthavenkuikhorne.nl\/de\/index.php?rest_route=\/wp\/v2\/pages"}],"about":[{"href":"https:\/\/jachthavenkuikhorne.nl\/de\/index.php?rest_route=\/wp\/v2\/types\/page"}],"author":[{"embeddable":true,"href":"https:\/\/jachthavenkuikhorne.nl\/de\/index.php?rest_route=\/wp\/v2\/users\/1"}],"replies":[{"embeddable":true,"href":"https:\/\/jachthavenkuikhorne.nl\/de\/index.php?rest_route=%2Fwp%2Fv2%2Fcomments&post=4058"}],"version-history":[{"count":0,"href":"https:\/\/jachthavenkuikhorne.nl\/de\/index.php?rest_route=\/wp\/v2\/pages\/4058\/revisions"}],"up":[{"embeddable":true,"href":"https:\/\/jachthavenkuikhorne.nl\/de\/index.php?rest_route=\/wp\/v2\/pages\/4054"}],"wp:featuredmedia":[{"embeddable":true,"href":"https:\/\/jachthavenkuikhorne.nl\/de\/index.php?rest_route=\/wp\/v2\/media\/4261"}],"wp:attachment":[{"href":"https:\/\/jachthavenkuikhorne.nl\/de\/index.php?rest_route=%2Fwp%2Fv2%2Fmedia&parent=4058"}],"wp:term":[{"taxonomy":"category","embeddable":true,"href":"https:\/\/jachthavenkuikhorne.nl\/de\/index.php?rest_route=%2Fwp%2Fv2%2Fcategories&post=4058"},{"taxonomy":"post_tag","embeddable":true,"href":"https:\/\/jachthavenkuikhorne.nl\/de\/index.php?rest_route=%2Fwp%2Fv2%2Ftags&post=4058"}],"curies":[{"name":"wp","href":"https:\/\/api.w.org\/{rel}","templated":true}]}}