{"id":4054,"date":"2021-02-15T15:16:37","date_gmt":"2021-02-15T15:16:37","guid":{"rendered":"https:\/\/wordtaangewerkt.nl\/kuikhorne\/ausstattung\/"},"modified":"2022-05-30T15:09:01","modified_gmt":"2022-05-30T15:09:01","slug":"ausstattung","status":"publish","type":"page","link":"https:\/\/jachthavenkuikhorne.nl\/de\/ausstattung","title":{"rendered":"Ausstattung"},"content":{"rendered":"\t\t<div data-elementor-type=\"wp-page\" data-elementor-id=\"4054\" class=\"elementor elementor-4054\" data-elementor-post-type=\"page\">\n\t\t\t\t\t\t<section class=\"elementor-section elementor-top-section elementor-element elementor-element-5f6ffd2 elementor-section-boxed elementor-section-height-default elementor-section-height-default\" data-id=\"5f6ffd2\" data-element_type=\"section\" data-e-type=\"section\">\n\t\t\t\t\t\t<div class=\"elementor-container elementor-column-gap-default\">\n\t\t\t\t\t<div class=\"elementor-column elementor-col-100 elementor-top-column elementor-element elementor-element-6e9258d\" data-id=\"6e9258d\" data-element_type=\"column\" data-e-type=\"column\">\n\t\t\t<div class=\"elementor-widget-wrap elementor-element-populated\">\n\t\t\t\t\t\t<div class=\"elementor-element elementor-element-76984fe elementor-widget elementor-widget-text-editor\" data-id=\"76984fe\" data-element_type=\"widget\" data-e-type=\"widget\" data-widget_type=\"text-editor.default\">\n\t\t\t\t<div class=\"elementor-widget-container\">\n\t\t\t\t\t\t\t\t\t<h1>Hervorragend Ausstattung in gut gepflegtem Yachthafen.<\/h1><h2>Genie\u00dfen Sie die sch\u00f6nen Liege- und Wohnmobilstellpl\u00e4tze.<\/h2><p>Yachthafen \u2018t Eibertsnest in De Westereen\u00a0 verf\u00fcgt \u00fcber eine umfangreiche Ausstattung, die Ihren Aufenthalt bei uns so angenehm wie m\u00f6glich macht \u2013 egal ob als Liegeplatzmieter oder als Passant. Auch wenn Sie mit dem Wohnmobil kommen, wartet eine umfassende und moderne Ausstattung auf Sie. Ein Hafen im besten Sinne des Wortes: f\u00fcr Boote, Wohnmobile und nat\u00fcrlich auch f\u00fcr Sie.<\/p>\t\t\t\t\t\t\t\t<\/div>\n\t\t\t\t<\/div>\n\t\t\t\t\t<\/div>\n\t\t<\/div>\n\t\t\t\t\t<\/div>\n\t\t<\/section>\n\t\t\t\t<section class=\"elementor-section elementor-top-section elementor-element elementor-element-32e9ea3 elementor-section-boxed elementor-section-height-default elementor-section-height-default\" data-id=\"32e9ea3\" data-element_type=\"section\" data-e-type=\"section\">\n\t\t\t\t\t\t<div class=\"elementor-container elementor-column-gap-default\">\n\t\t\t\t\t<div class=\"elementor-column elementor-col-50 elementor-top-column elementor-element elementor-element-c38a1a5\" data-id=\"c38a1a5\" data-element_type=\"column\" data-e-type=\"column\">\n\t\t\t<div class=\"elementor-widget-wrap elementor-element-populated\">\n\t\t\t\t\t\t<div class=\"elementor-element elementor-element-dba86f7 elementor-widget elementor-widget-text-editor\" data-id=\"dba86f7\" data-element_type=\"widget\" data-e-type=\"widget\" data-widget_type=\"text-editor.default\">\n\t\t\t\t<div class=\"elementor-widget-container\">\n\t\t\t\t\t\t\t\t\t<h2>Sicherheit<\/h2>\n<ul>\n<li>Gel\u00e4nde mit Schranken gesichert<\/li>\n<li>24-Stunden-Kamera\u00fcberwachung<\/li>\n<li>Gel\u00e4nde nur mit SEP-Card zug\u00e4nglich<\/li>\n<li>Immer jemand vor Ort<\/li>\n<li>Defibrillator\/Erste-Hilfe-Koffer<\/li>\n<\/ul>\n\t\t\t\t\t\t\t\t<\/div>\n\t\t\t\t<\/div>\n\t\t\t\t<div class=\"elementor-element elementor-element-62aae37 elementor-widget elementor-widget-text-editor\" data-id=\"62aae37\" data-element_type=\"widget\" data-e-type=\"widget\" data-widget_type=\"text-editor.default\">\n\t\t\t\t<div class=\"elementor-widget-container\">\n\t\t\t\t\t\t\t\t\t<h2>\u00a0Annehmlichkeiten und Komfort<\/h2>\n<h2><\/h2>\n<ul>\n<li>Kostenloses WLAN<\/li>\n<li>Tankstelle mit Diesel und Benzin<\/li>\n<li>Ladestation f\u00fcr Elektroboote<\/li>\n<li>Flaschengas und Campinggas<\/li>\n<li>Stromanschluss auf den Stegen<\/li>\n<li>Wasserzapfstelle<\/li>\n<li>Grauwasserentsorgungsstelle<\/li>\n<li>Modernes Sanit\u00e4rgeb\u00e4ude mit Fu\u00dfbodenheizung<\/li>\n<li>Barrierefreie Duschen f\u00fcr Menschen mit Behinderung<\/li>\n<li>Waschmaschine und Trockner<\/li>\n<li>Chemietoilettenentsorgung<\/li>\n<li>Ausreichend halbbefestigte Parkpl\u00e4tze<\/li>\n<li>Ferienappartement, in dem Sie Ihre G\u00e4ste unterbringen k\u00f6nnen<\/li>\n<\/ul>\n\t\t\t\t\t\t\t\t<\/div>\n\t\t\t\t<\/div>\n\t\t\t\t\t<\/div>\n\t\t<\/div>\n\t\t\t\t<div class=\"elementor-column elementor-col-50 elementor-top-column elementor-element elementor-element-92754cc\" data-id=\"92754cc\" data-element_type=\"column\" data-e-type=\"column\">\n\t\t\t<div class=\"elementor-widget-wrap elementor-element-populated\">\n\t\t\t\t\t\t<div class=\"elementor-element elementor-element-a3edf93 elementor-widget elementor-widget-text-editor\" data-id=\"a3edf93\" data-element_type=\"widget\" data-e-type=\"widget\" data-widget_type=\"text-editor.default\">\n\t\t\t\t<div class=\"elementor-widget-container\">\n\t\t\t\t\t\t\t\t\t<h2>Entspannung und Erholung<\/h2><ul><li><a href=\"https:\/\/jachthavenkuikhorne.nl\/sloep-huren\">Schaluppenvermietung<\/a><\/li><li>50 Wohnmobilstellpl\u00e4tze<\/li><li>Beheiztes Sanit\u00e4rgeb\u00e4ude<\/li><li>Ferienappartement<\/li><li>Einkaufsm\u00f6glichkeiten nur 2\u00a0km entfernt<\/li><li>Kostenlose Fahrradkarten (leihweise)<\/li><li>Verkauf von Radwanderkarten mit Fahrradknotenpunkten<\/li><li>Trampolin und Kletterger\u00fcst mit Rutsche<\/li><li>Radfahren und wandern in der direkten Umgebung<\/li><li>Angeln<\/li><\/ul>\t\t\t\t\t\t\t\t<\/div>\n\t\t\t\t<\/div>\n\t\t\t\t<div class=\"elementor-element elementor-element-c6898be elementor-widget elementor-widget-text-editor\" data-id=\"c6898be\" data-element_type=\"widget\" data-e-type=\"widget\" data-widget_type=\"text-editor.default\">\n\t\t\t\t<div class=\"elementor-widget-container\">\n\t\t\t\t\t\t\t\t\t<h2>Liegepl\u00e4tze, Lager und Wartung<\/h2>\n<ul>\n<li>300 Liegepl\u00e4tze\u00a0(bis 12 Meter)<\/li>\n<li>Yachtlacke, Wartungsmaterialien und Ersatzteile<\/li>\n<li>4 Do-it-yourself-Hallen<\/li>\n<li>Slipanlage<\/li>\n<li>Offene und \u00fcberdachte, frostfreie Winterlager<\/li>\n<li>Hydraulischer Bootswagen bis 15 Tonnen.<\/li>\n<li>Wartung und Reparatur<\/li>\n<li><a href=\"http:\/\/www.stienstrajachtschilderwerken.nl\/\">Yachtanstrich<\/a><\/li>\n<li>Verkauf von LodeStar Schlauchbooten<\/li>\n<\/ul>\n\t\t\t\t\t\t\t\t<\/div>\n\t\t\t\t<\/div>\n\t\t\t\t\t<\/div>\n\t\t<\/div>\n\t\t\t\t\t<\/div>\n\t\t<\/section>\n\t\t\t\t<section class=\"elementor-section elementor-top-section elementor-element elementor-element-f1a389b elementor-section-boxed elementor-section-height-default elementor-section-height-default\" data-id=\"f1a389b\" data-element_type=\"section\" data-e-type=\"section\">\n\t\t\t\t\t\t<div class=\"elementor-container elementor-column-gap-default\">\n\t\t\t\t\t<div class=\"elementor-column elementor-col-100 elementor-top-column elementor-element elementor-element-a260cde\" data-id=\"a260cde\" data-element_type=\"column\" data-e-type=\"column\">\n\t\t\t<div class=\"elementor-widget-wrap elementor-element-populated\">\n\t\t\t\t\t\t<div class=\"elementor-element elementor-element-939dfa4 elementor-arrows-position-inside elementor-pagination-position-outside elementor-widget elementor-widget-image-carousel\" data-id=\"939dfa4\" data-element_type=\"widget\" data-e-type=\"widget\" data-settings=\"{&quot;slides_to_show&quot;:&quot;1&quot;,&quot;navigation&quot;:&quot;both&quot;,&quot;autoplay&quot;:&quot;yes&quot;,&quot;pause_on_hover&quot;:&quot;yes&quot;,&quot;pause_on_interaction&quot;:&quot;yes&quot;,&quot;autoplay_speed&quot;:5000,&quot;infinite&quot;:&quot;yes&quot;,&quot;effect&quot;:&quot;slide&quot;,&quot;speed&quot;:500}\" data-widget_type=\"image-carousel.default\">\n\t\t\t\t<div class=\"elementor-widget-container\">\n\t\t\t\t\t\t\t<div class=\"elementor-image-carousel-wrapper swiper\" role=\"region\" aria-roledescription=\"carousel\" aria-label=\"Bild Karussell\" dir=\"ltr\">\n\t\t\t<div class=\"elementor-image-carousel swiper-wrapper\" aria-live=\"off\">\n\t\t\t\t\t\t\t\t<div class=\"swiper-slide\" role=\"group\" aria-roledescription=\"slide\" aria-label=\"1 von 4\"><figure class=\"swiper-slide-inner\"><img decoding=\"async\" class=\"swiper-slide-image\" src=\"https:\/\/jachthavenkuikhorne.nl\/wp-content\/uploads\/elementor\/thumbs\/20170930_130725-r2cwm4ch8dk8vajf662uzb4bv6ez5mcx682zgm7hqg.jpg\" alt=\"20170930_130725\" \/><\/figure><\/div><div class=\"swiper-slide\" role=\"group\" aria-roledescription=\"slide\" aria-label=\"2 von 4\"><figure class=\"swiper-slide-inner\"><img decoding=\"async\" class=\"swiper-slide-image\" src=\"https:\/\/jachthavenkuikhorne.nl\/wp-content\/uploads\/elementor\/thumbs\/drone-campertv2-r2cwm4ch8dk8vajf662uzb4bv6ez5mcx682zgm7hqg.jpg\" alt=\"default\" \/><\/figure><\/div><div class=\"swiper-slide\" role=\"group\" aria-roledescription=\"slide\" aria-label=\"3 von 4\"><figure class=\"swiper-slide-inner\"><img decoding=\"async\" class=\"swiper-slide-image\" src=\"https:\/\/jachthavenkuikhorne.nl\/wp-content\/uploads\/elementor\/thumbs\/DSC00067-1536x1028-r2cwm4ch8dk8vajf662uzb4bv6ez5mcx682zgm7hqg.jpg\" alt=\"DSC00067-1536x1028\" \/><\/figure><\/div><div class=\"swiper-slide\" role=\"group\" aria-roledescription=\"slide\" aria-label=\"4 von 4\"><figure class=\"swiper-slide-inner\"><img decoding=\"async\" class=\"swiper-slide-image\" src=\"https:\/\/jachthavenkuikhorne.nl\/wp-content\/uploads\/elementor\/thumbs\/105576731_3412924468726788_6370601417474208603_n-1-r2cwm5abf7lj6wi20ohhjsvsgkacdbgnicqgxw63k8.jpg\" alt=\"105576731_3412924468726788_6370601417474208603_n-1\" \/><\/figure><\/div>\t\t\t<\/div>\n\t\t\t\t\t\t\t\t\t\t\t\t<div class=\"elementor-swiper-button elementor-swiper-button-prev\" role=\"button\" tabindex=\"0\">\n\t\t\t\t\t\t<i aria-hidden=\"true\" class=\"eicon-chevron-left\"><\/i>\t\t\t\t\t<\/div>\n\t\t\t\t\t<div class=\"elementor-swiper-button elementor-swiper-button-next\" role=\"button\" tabindex=\"0\">\n\t\t\t\t\t\t<i aria-hidden=\"true\" class=\"eicon-chevron-right\"><\/i>\t\t\t\t\t<\/div>\n\t\t\t\t\n\t\t\t\t\t\t\t\t\t<div class=\"swiper-pagination\"><\/div>\n\t\t\t\t\t\t\t\t\t<\/div>\n\t\t\t\t\t\t<\/div>\n\t\t\t\t<\/div>\n\t\t\t\t\t<\/div>\n\t\t<\/div>\n\t\t\t\t\t<\/div>\n\t\t<\/section>\n\t\t\t\t<\/div>\n\t\t","protected":false},"excerpt":{"rendered":"<p>Hervorragend Ausstattung in gut gepflegtem Yachthafen. Genie\u00dfen Sie die sch\u00f6nen Liege- und Wohnmobilstellpl\u00e4tze. Yachthafen \u2018t Eibertsnest in De Westereen\u00a0 verf\u00fcgt \u00fcber eine umfangreiche Ausstattung, die Ihren Aufenthalt bei uns so angenehm wie m\u00f6glich macht \u2013 egal ob als Liegeplatzmieter oder als Passant. Auch wenn Sie mit dem Wohnmobil kommen, wartet eine umfassende und moderne Ausstattung [&hellip;]<\/p>\n","protected":false},"author":1,"featured_media":3469,"parent":0,"menu_order":0,"comment_status":"closed","ping_status":"closed","template":"","meta":{"site-sidebar-layout":"no-sidebar","site-content-layout":"default","ast-site-content-layout":"","site-content-style":"default","site-sidebar-style":"default","ast-global-header-display":"","ast-banner-title-visibility":"","ast-main-header-display":"","ast-hfb-above-header-display":"","ast-hfb-below-header-display":"","ast-hfb-mobile-header-display":"","site-post-title":"disabled","ast-breadcrumbs-content":"disabled","ast-featured-img":"disabled","footer-sml-layout":"","theme-transparent-header-meta":"default","adv-header-id-meta":"","stick-header-meta":"","header-above-stick-meta":"","header-main-stick-meta":"","header-below-stick-meta":"","astra-migrate-meta-layouts":"default","ast-page-background-enabled":"default","ast-page-background-meta":{"desktop":{"background-color":"","background-image":"","background-repeat":"repeat","background-position":"center center","background-size":"auto","background-attachment":"scroll","background-type":"","background-media":"","overlay-type":"","overlay-color":"","overlay-opacity":"","overlay-gradient":""},"tablet":{"background-color":"","background-image":"","background-repeat":"repeat","background-position":"center center","background-size":"auto","background-attachment":"scroll","background-type":"","background-media":"","overlay-type":"","overlay-color":"","overlay-opacity":"","overlay-gradient":""},"mobile":{"background-color":"","background-image":"","background-repeat":"repeat","background-position":"center center","background-size":"auto","background-attachment":"scroll","background-type":"","background-media":"","overlay-type":"","overlay-color":"","overlay-opacity":"","overlay-gradient":""}},"ast-content-background-meta":{"desktop":{"background-color":"var(--ast-global-color-5)","background-image":"","background-repeat":"repeat","background-position":"center center","background-size":"auto","background-attachment":"scroll","background-type":"","background-media":"","overlay-type":"","overlay-color":"","overlay-opacity":"","overlay-gradient":""},"tablet":{"background-color":"var(--ast-global-color-5)","background-image":"","background-repeat":"repeat","background-position":"center center","background-size":"auto","background-attachment":"scroll","background-type":"","background-media":"","overlay-type":"","overlay-color":"","overlay-opacity":"","overlay-gradient":""},"mobile":{"background-color":"var(--ast-global-color-5)","background-image":"","background-repeat":"repeat","background-position":"center center","background-size":"auto","background-attachment":"scroll","background-type":"","background-media":"","overlay-type":"","overlay-color":"","overlay-opacity":"","overlay-gradient":""}},"footnotes":""},"categories":[30],"tags":[],"class_list":["post-4054","page","type-page","status-publish","has-post-thumbnail","hentry","category-ausstattung"],"yoast_head":"<!-- This site is optimized with the Yoast SEO plugin v27.5 - https:\/\/yoast.com\/product\/yoast-seo-wordpress\/ -->\n<title>Ausstattung - Yachthafen Kuikhorne<\/title>\n<meta name=\"description\" content=\"Sie suchen einen Yachthafen in Friesland mit ausgezeichneten Einrichtungen? Marina Kuikhorne hat alles. Besuch unsere Website!\" \/>\n<meta name=\"robots\" content=\"index, follow, max-snippet:-1, max-image-preview:large, max-video-preview:-1\" \/>\n<link rel=\"canonical\" href=\"https:\/\/jachthavenkuikhorne.nl\/de\/ausstattung\" \/>\n<meta property=\"og:locale\" content=\"de_DE\" \/>\n<meta property=\"og:type\" content=\"article\" \/>\n<meta property=\"og:title\" content=\"Ausstattung - Yachthafen Kuikhorne\" \/>\n<meta property=\"og:description\" content=\"Sie suchen einen Yachthafen in Friesland mit ausgezeichneten Einrichtungen? Marina Kuikhorne hat alles. Besuch unsere Website!\" \/>\n<meta property=\"og:url\" content=\"https:\/\/jachthavenkuikhorne.nl\/de\/ausstattung\" \/>\n<meta property=\"og:site_name\" content=\"Jachthaven Kuikhorne\" \/>\n<meta property=\"article:modified_time\" content=\"2022-05-30T15:09:01+00:00\" \/>\n<meta property=\"og:image\" content=\"https:\/\/jachthavenkuikhorne.nl\/wp-content\/uploads\/2020\/12\/header-foto-steiger-en-boten-kuikhorne.jpg\" \/>\n\t<meta property=\"og:image:width\" content=\"2400\" \/>\n\t<meta property=\"og:image:height\" content=\"1607\" \/>\n\t<meta property=\"og:image:type\" content=\"image\/jpeg\" \/>\n<meta name=\"twitter:card\" content=\"summary_large_image\" \/>\n<meta name=\"twitter:label1\" content=\"Gesch\u00e4tzte Lesezeit\" \/>\n\t<meta name=\"twitter:data1\" content=\"3\u00a0Minuten\" \/>\n<script type=\"application\/ld+json\" class=\"yoast-schema-graph\">{\"@context\":\"https:\\\/\\\/schema.org\",\"@graph\":[{\"@type\":\"WebPage\",\"@id\":\"https:\\\/\\\/jachthavenkuikhorne.nl\\\/de\\\/ausstattung\",\"url\":\"https:\\\/\\\/jachthavenkuikhorne.nl\\\/de\\\/ausstattung\",\"name\":\"Ausstattung - Yachthafen Kuikhorne\",\"isPartOf\":{\"@id\":\"https:\\\/\\\/jachthavenkuikhorne.nl\\\/de\\\/#website\"},\"primaryImageOfPage\":{\"@id\":\"https:\\\/\\\/jachthavenkuikhorne.nl\\\/de\\\/ausstattung#primaryimage\"},\"image\":{\"@id\":\"https:\\\/\\\/jachthavenkuikhorne.nl\\\/de\\\/ausstattung#primaryimage\"},\"thumbnailUrl\":\"https:\\\/\\\/jachthavenkuikhorne.nl\\\/wp-content\\\/uploads\\\/2020\\\/12\\\/header-foto-steiger-en-boten-kuikhorne.jpg\",\"datePublished\":\"2021-02-15T15:16:37+00:00\",\"dateModified\":\"2022-05-30T15:09:01+00:00\",\"description\":\"Sie suchen einen Yachthafen in Friesland mit ausgezeichneten Einrichtungen? Marina Kuikhorne hat alles. Besuch unsere Website!\",\"breadcrumb\":{\"@id\":\"https:\\\/\\\/jachthavenkuikhorne.nl\\\/de\\\/ausstattung#breadcrumb\"},\"inLanguage\":\"de\",\"potentialAction\":[{\"@type\":\"ReadAction\",\"target\":[\"https:\\\/\\\/jachthavenkuikhorne.nl\\\/de\\\/ausstattung\"]}]},{\"@type\":\"ImageObject\",\"inLanguage\":\"de\",\"@id\":\"https:\\\/\\\/jachthavenkuikhorne.nl\\\/de\\\/ausstattung#primaryimage\",\"url\":\"https:\\\/\\\/jachthavenkuikhorne.nl\\\/wp-content\\\/uploads\\\/2020\\\/12\\\/header-foto-steiger-en-boten-kuikhorne.jpg\",\"contentUrl\":\"https:\\\/\\\/jachthavenkuikhorne.nl\\\/wp-content\\\/uploads\\\/2020\\\/12\\\/header-foto-steiger-en-boten-kuikhorne.jpg\",\"width\":2400,\"height\":1607,\"caption\":\"SONY DSC\"},{\"@type\":\"BreadcrumbList\",\"@id\":\"https:\\\/\\\/jachthavenkuikhorne.nl\\\/de\\\/ausstattung#breadcrumb\",\"itemListElement\":[{\"@type\":\"ListItem\",\"position\":1,\"name\":\"Home\",\"item\":\"https:\\\/\\\/jachthavenkuikhorne.nl\\\/de\"},{\"@type\":\"ListItem\",\"position\":2,\"name\":\"Ausstattung\"}]},{\"@type\":\"WebSite\",\"@id\":\"https:\\\/\\\/jachthavenkuikhorne.nl\\\/de\\\/#website\",\"url\":\"https:\\\/\\\/jachthavenkuikhorne.nl\\\/de\\\/\",\"name\":\"Jachthaven Kuikhorne\",\"description\":\"Goed onderhouden jachthaven in Kuikhorne, Friesland\",\"publisher\":{\"@id\":\"https:\\\/\\\/jachthavenkuikhorne.nl\\\/de\\\/#organization\"},\"potentialAction\":[{\"@type\":\"SearchAction\",\"target\":{\"@type\":\"EntryPoint\",\"urlTemplate\":\"https:\\\/\\\/jachthavenkuikhorne.nl\\\/de\\\/?s={search_term_string}\"},\"query-input\":{\"@type\":\"PropertyValueSpecification\",\"valueRequired\":true,\"valueName\":\"search_term_string\"}}],\"inLanguage\":\"de\"},{\"@type\":\"Organization\",\"@id\":\"https:\\\/\\\/jachthavenkuikhorne.nl\\\/de\\\/#organization\",\"name\":\"Jachthaven Kuikhorne\",\"url\":\"https:\\\/\\\/jachthavenkuikhorne.nl\\\/de\\\/\",\"logo\":{\"@type\":\"ImageObject\",\"inLanguage\":\"de\",\"@id\":\"https:\\\/\\\/jachthavenkuikhorne.nl\\\/de\\\/#\\\/schema\\\/logo\\\/image\\\/\",\"url\":\"https:\\\/\\\/jachthavenkuikhorne.nl\\\/wp-content\\\/uploads\\\/2020\\\/11\\\/logo-website-kuikhorne.png\",\"contentUrl\":\"https:\\\/\\\/jachthavenkuikhorne.nl\\\/wp-content\\\/uploads\\\/2020\\\/11\\\/logo-website-kuikhorne.png\",\"width\":198,\"height\":162,\"caption\":\"Jachthaven Kuikhorne\"},\"image\":{\"@id\":\"https:\\\/\\\/jachthavenkuikhorne.nl\\\/de\\\/#\\\/schema\\\/logo\\\/image\\\/\"}}]}<\/script>\n<!-- \/ Yoast SEO plugin. -->","yoast_head_json":{"title":"Ausstattung - Yachthafen Kuikhorne","description":"Sie suchen einen Yachthafen in Friesland mit ausgezeichneten Einrichtungen? Marina Kuikhorne hat alles. Besuch unsere Website!","robots":{"index":"index","follow":"follow","max-snippet":"max-snippet:-1","max-image-preview":"max-image-preview:large","max-video-preview":"max-video-preview:-1"},"canonical":"https:\/\/jachthavenkuikhorne.nl\/de\/ausstattung","og_locale":"de_DE","og_type":"article","og_title":"Ausstattung - Yachthafen Kuikhorne","og_description":"Sie suchen einen Yachthafen in Friesland mit ausgezeichneten Einrichtungen? Marina Kuikhorne hat alles. Besuch unsere Website!","og_url":"https:\/\/jachthavenkuikhorne.nl\/de\/ausstattung","og_site_name":"Jachthaven Kuikhorne","article_modified_time":"2022-05-30T15:09:01+00:00","og_image":[{"width":2400,"height":1607,"url":"https:\/\/jachthavenkuikhorne.nl\/wp-content\/uploads\/2020\/12\/header-foto-steiger-en-boten-kuikhorne.jpg","type":"image\/jpeg"}],"twitter_card":"summary_large_image","twitter_misc":{"Gesch\u00e4tzte Lesezeit":"3\u00a0Minuten"},"schema":{"@context":"https:\/\/schema.org","@graph":[{"@type":"WebPage","@id":"https:\/\/jachthavenkuikhorne.nl\/de\/ausstattung","url":"https:\/\/jachthavenkuikhorne.nl\/de\/ausstattung","name":"Ausstattung - Yachthafen Kuikhorne","isPartOf":{"@id":"https:\/\/jachthavenkuikhorne.nl\/de\/#website"},"primaryImageOfPage":{"@id":"https:\/\/jachthavenkuikhorne.nl\/de\/ausstattung#primaryimage"},"image":{"@id":"https:\/\/jachthavenkuikhorne.nl\/de\/ausstattung#primaryimage"},"thumbnailUrl":"https:\/\/jachthavenkuikhorne.nl\/wp-content\/uploads\/2020\/12\/header-foto-steiger-en-boten-kuikhorne.jpg","datePublished":"2021-02-15T15:16:37+00:00","dateModified":"2022-05-30T15:09:01+00:00","description":"Sie suchen einen Yachthafen in Friesland mit ausgezeichneten Einrichtungen? Marina Kuikhorne hat alles. Besuch unsere Website!","breadcrumb":{"@id":"https:\/\/jachthavenkuikhorne.nl\/de\/ausstattung#breadcrumb"},"inLanguage":"de","potentialAction":[{"@type":"ReadAction","target":["https:\/\/jachthavenkuikhorne.nl\/de\/ausstattung"]}]},{"@type":"ImageObject","inLanguage":"de","@id":"https:\/\/jachthavenkuikhorne.nl\/de\/ausstattung#primaryimage","url":"https:\/\/jachthavenkuikhorne.nl\/wp-content\/uploads\/2020\/12\/header-foto-steiger-en-boten-kuikhorne.jpg","contentUrl":"https:\/\/jachthavenkuikhorne.nl\/wp-content\/uploads\/2020\/12\/header-foto-steiger-en-boten-kuikhorne.jpg","width":2400,"height":1607,"caption":"SONY DSC"},{"@type":"BreadcrumbList","@id":"https:\/\/jachthavenkuikhorne.nl\/de\/ausstattung#breadcrumb","itemListElement":[{"@type":"ListItem","position":1,"name":"Home","item":"https:\/\/jachthavenkuikhorne.nl\/de"},{"@type":"ListItem","position":2,"name":"Ausstattung"}]},{"@type":"WebSite","@id":"https:\/\/jachthavenkuikhorne.nl\/de\/#website","url":"https:\/\/jachthavenkuikhorne.nl\/de\/","name":"Jachthaven Kuikhorne","description":"Goed onderhouden jachthaven in Kuikhorne, Friesland","publisher":{"@id":"https:\/\/jachthavenkuikhorne.nl\/de\/#organization"},"potentialAction":[{"@type":"SearchAction","target":{"@type":"EntryPoint","urlTemplate":"https:\/\/jachthavenkuikhorne.nl\/de\/?s={search_term_string}"},"query-input":{"@type":"PropertyValueSpecification","valueRequired":true,"valueName":"search_term_string"}}],"inLanguage":"de"},{"@type":"Organization","@id":"https:\/\/jachthavenkuikhorne.nl\/de\/#organization","name":"Jachthaven Kuikhorne","url":"https:\/\/jachthavenkuikhorne.nl\/de\/","logo":{"@type":"ImageObject","inLanguage":"de","@id":"https:\/\/jachthavenkuikhorne.nl\/de\/#\/schema\/logo\/image\/","url":"https:\/\/jachthavenkuikhorne.nl\/wp-content\/uploads\/2020\/11\/logo-website-kuikhorne.png","contentUrl":"https:\/\/jachthavenkuikhorne.nl\/wp-content\/uploads\/2020\/11\/logo-website-kuikhorne.png","width":198,"height":162,"caption":"Jachthaven Kuikhorne"},"image":{"@id":"https:\/\/jachthavenkuikhorne.nl\/de\/#\/schema\/logo\/image\/"}}]}},"_links":{"self":[{"href":"https:\/\/jachthavenkuikhorne.nl\/de\/index.php?rest_route=\/wp\/v2\/pages\/4054","targetHints":{"allow":["GET"]}}],"collection":[{"href":"https:\/\/jachthavenkuikhorne.nl\/de\/index.php?rest_route=\/wp\/v2\/pages"}],"about":[{"href":"https:\/\/jachthavenkuikhorne.nl\/de\/index.php?rest_route=\/wp\/v2\/types\/page"}],"author":[{"embeddable":true,"href":"https:\/\/jachthavenkuikhorne.nl\/de\/index.php?rest_route=\/wp\/v2\/users\/1"}],"replies":[{"embeddable":true,"href":"https:\/\/jachthavenkuikhorne.nl\/de\/index.php?rest_route=%2Fwp%2Fv2%2Fcomments&post=4054"}],"version-history":[{"count":0,"href":"https:\/\/jachthavenkuikhorne.nl\/de\/index.php?rest_route=\/wp\/v2\/pages\/4054\/revisions"}],"wp:featuredmedia":[{"embeddable":true,"href":"https:\/\/jachthavenkuikhorne.nl\/de\/index.php?rest_route=\/wp\/v2\/media\/3469"}],"wp:attachment":[{"href":"https:\/\/jachthavenkuikhorne.nl\/de\/index.php?rest_route=%2Fwp%2Fv2%2Fmedia&parent=4054"}],"wp:term":[{"taxonomy":"category","embeddable":true,"href":"https:\/\/jachthavenkuikhorne.nl\/de\/index.php?rest_route=%2Fwp%2Fv2%2Fcategories&post=4054"},{"taxonomy":"post_tag","embeddable":true,"href":"https:\/\/jachthavenkuikhorne.nl\/de\/index.php?rest_route=%2Fwp%2Fv2%2Ftags&post=4054"}],"curies":[{"name":"wp","href":"https:\/\/api.w.org\/{rel}","templated":true}]}}