{"id":4044,"date":"2021-02-15T15:09:20","date_gmt":"2021-02-15T15:09:20","guid":{"rendered":"https:\/\/wordtaangewerkt.nl\/kuikhorne\/lodges\/reservieren-lodges\/"},"modified":"2023-02-20T07:22:55","modified_gmt":"2023-02-20T07:22:55","slug":"reservieren-chalets","status":"publish","type":"page","link":"https:\/\/jachthavenkuikhorne.nl\/de\/chalets\/reservieren-chalets","title":{"rendered":"Reservieren Chalets"},"content":{"rendered":"\t\t<div data-elementor-type=\"wp-page\" data-elementor-id=\"4044\" class=\"elementor elementor-4044\" data-elementor-post-type=\"page\">\n\t\t\t\t\t\t<section class=\"elementor-section elementor-top-section elementor-element elementor-element-1079629 elementor-section-boxed elementor-section-height-default elementor-section-height-default\" data-id=\"1079629\" data-element_type=\"section\" data-e-type=\"section\">\n\t\t\t\t\t\t<div class=\"elementor-container elementor-column-gap-default\">\n\t\t\t\t\t<div class=\"elementor-column elementor-col-100 elementor-top-column elementor-element elementor-element-7acbbe25\" data-id=\"7acbbe25\" data-element_type=\"column\" data-e-type=\"column\">\n\t\t\t<div class=\"elementor-widget-wrap elementor-element-populated\">\n\t\t\t\t\t\t<div class=\"elementor-element elementor-element-74ed2f94 elementor-widget elementor-widget-text-editor\" data-id=\"74ed2f94\" data-element_type=\"widget\" data-e-type=\"widget\" data-widget_type=\"text-editor.default\">\n\t\t\t\t<div class=\"elementor-widget-container\">\n\t\t\t\t\t\t\t\t\t<h1>Chalet reservieren<\/h1>\n\t\t\t\t\t\t\t\t<\/div>\n\t\t\t\t<\/div>\n\t\t\t\t\t<\/div>\n\t\t<\/div>\n\t\t\t\t\t<\/div>\n\t\t<\/section>\n\t\t\t\t<section class=\"elementor-section elementor-top-section elementor-element elementor-element-cd420cd elementor-section-boxed elementor-section-height-default elementor-section-height-default\" data-id=\"cd420cd\" data-element_type=\"section\" data-e-type=\"section\">\n\t\t\t\t\t\t<div class=\"elementor-container elementor-column-gap-default\">\n\t\t\t\t\t<div class=\"elementor-column elementor-col-50 elementor-top-column elementor-element elementor-element-234bfef\" data-id=\"234bfef\" data-element_type=\"column\" data-e-type=\"column\">\n\t\t\t<div class=\"elementor-widget-wrap elementor-element-populated\">\n\t\t\t\t\t\t<div class=\"elementor-element elementor-element-6c1348d elementor-widget elementor-widget-text-editor\" data-id=\"6c1348d\" data-element_type=\"widget\" data-e-type=\"widget\" data-widget_type=\"text-editor.default\">\n\t\t\t\t<div class=\"elementor-widget-container\">\n\t\t\t\t\t\t\t\t\t<p>Diese luxuri\u00f6sen Zwei-Personen-Chalets befinden sich in wundersch\u00f6ner Lage im Yachthafen Kuikhorne in der N\u00e4he von De Westereen in Friesland. Diese sch\u00f6nen Chalets sind komplett ausgestattet. Genie\u00dfen Sie von Ihrer Terrasse aus den Blick \u00fcber das Wasser und die Boote im Hafen. Eine Schaluppe im Yachthafen von Kuikhorne mieten ist auch eine Option, in einem Yachthafen macht es immer Spa\u00df!<\/p><p>Ist Ihr gew\u00fcnschter Zeitraum nicht mehr verfr\u00fcgbar? Mailen Sie uns an info&#64;jac&#104;&#116;&#104;&#97;&#118;&#101;&#110;&#107;&#117;&#105;&#x6b;&#x68;&#x6f;&#x72;&#x6e;&#x65;&#x2e;&#x6e;&#x6c; und wir werden sehen was wir f\u00fcr Sie tun k\u00f6nnen.<\/p><p>\u00a0<\/p>\t\t\t\t\t\t\t\t<\/div>\n\t\t\t\t<\/div>\n\t\t\t\t\t<\/div>\n\t\t<\/div>\n\t\t\t\t<div class=\"elementor-column elementor-col-50 elementor-top-column elementor-element elementor-element-226b9f9\" data-id=\"226b9f9\" data-element_type=\"column\" data-e-type=\"column\">\n\t\t\t<div class=\"elementor-widget-wrap elementor-element-populated\">\n\t\t\t\t\t\t<div class=\"elementor-element elementor-element-0c15942 elementor-arrows-position-inside elementor-pagination-position-outside elementor-widget elementor-widget-image-carousel\" data-id=\"0c15942\" data-element_type=\"widget\" data-e-type=\"widget\" data-settings=\"{&quot;slides_to_show&quot;:&quot;1&quot;,&quot;navigation&quot;:&quot;both&quot;,&quot;autoplay&quot;:&quot;yes&quot;,&quot;pause_on_hover&quot;:&quot;yes&quot;,&quot;pause_on_interaction&quot;:&quot;yes&quot;,&quot;autoplay_speed&quot;:5000,&quot;infinite&quot;:&quot;yes&quot;,&quot;effect&quot;:&quot;slide&quot;,&quot;speed&quot;:500}\" data-widget_type=\"image-carousel.default\">\n\t\t\t\t<div class=\"elementor-widget-container\">\n\t\t\t\t\t\t\t<div class=\"elementor-image-carousel-wrapper swiper\" role=\"region\" aria-roledescription=\"carousel\" aria-label=\"Bild Karussell\" dir=\"ltr\">\n\t\t\t<div class=\"elementor-image-carousel swiper-wrapper\" aria-live=\"off\">\n\t\t\t\t\t\t\t\t<div class=\"swiper-slide\" role=\"group\" aria-roledescription=\"slide\" aria-label=\"1 von 11\"><figure class=\"swiper-slide-inner\"><img decoding=\"async\" class=\"swiper-slide-image\" src=\"https:\/\/jachthavenkuikhorne.nl\/wp-content\/uploads\/elementor\/thumbs\/IMG20210624155608-r2cwluy0wbn2vrxw7ayplbn08hq8z0vcmtvme05yg0.jpg\" alt=\"chalet am wasser\" \/><\/figure><\/div><div class=\"swiper-slide\" role=\"group\" aria-roledescription=\"slide\" aria-label=\"2 von 11\"><figure class=\"swiper-slide-inner\"><img decoding=\"async\" class=\"swiper-slide-image\" src=\"https:\/\/jachthavenkuikhorne.nl\/wp-content\/uploads\/elementor\/thumbs\/IMG_2291-r2cwluy0wbn2vrxw7ayplbn08hq8z0vcmtvme05yg0.jpg\" alt=\"Chalet Kuikhorne\" \/><\/figure><\/div><div class=\"swiper-slide\" role=\"group\" aria-roledescription=\"slide\" aria-label=\"3 von 11\"><figure class=\"swiper-slide-inner\"><img decoding=\"async\" class=\"swiper-slide-image\" src=\"https:\/\/jachthavenkuikhorne.nl\/wp-content\/uploads\/elementor\/thumbs\/IMG_2301-1-r2cwluy0wbn2vrxw7ayplbn08hq8z0vcmtvme05yg0.jpg\" alt=\"Chalet Friesland\" \/><\/figure><\/div><div class=\"swiper-slide\" role=\"group\" aria-roledescription=\"slide\" aria-label=\"4 von 11\"><figure class=\"swiper-slide-inner\"><img decoding=\"async\" class=\"swiper-slide-image\" src=\"https:\/\/jachthavenkuikhorne.nl\/wp-content\/uploads\/elementor\/thumbs\/IMG_2366-r2cwlwtp9zpnizv5wbryqb5xf9gzef2tb36lck363k.jpg\" alt=\"Chalet Friesland\" \/><\/figure><\/div><div class=\"swiper-slide\" role=\"group\" aria-roledescription=\"slide\" aria-label=\"5 von 11\"><figure class=\"swiper-slide-inner\"><img decoding=\"async\" class=\"swiper-slide-image\" src=\"https:\/\/jachthavenkuikhorne.nl\/wp-content\/uploads\/elementor\/thumbs\/IMG_1227-2-scaled-r2cwlvvv35od7dwj1tdc5tegtvlm6pz2yyj3va4k9s.jpg\" alt=\"IMG_1227 (2)\" \/><\/figure><\/div><div class=\"swiper-slide\" role=\"group\" aria-roledescription=\"slide\" aria-label=\"6 von 11\"><figure class=\"swiper-slide-inner\"><img decoding=\"async\" class=\"swiper-slide-image\" src=\"https:\/\/jachthavenkuikhorne.nl\/wp-content\/uploads\/elementor\/thumbs\/IMG_1224-scaled-r2cwlvvv35od7dwj1tdc5tegtvlm6pz2yyj3va4k9s.jpg\" alt=\"woonkamer chalet\" \/><\/figure><\/div><div class=\"swiper-slide\" role=\"group\" aria-roledescription=\"slide\" aria-label=\"7 von 11\"><figure class=\"swiper-slide-inner\"><img decoding=\"async\" class=\"swiper-slide-image\" src=\"https:\/\/jachthavenkuikhorne.nl\/wp-content\/uploads\/elementor\/thumbs\/IMG_2299-r2cwluy0wbn2vrxw7ayplbn08hq8z0vcmtvme05yg0.jpg\" alt=\"Chalet aan het water in Friesland\" \/><\/figure><\/div><div class=\"swiper-slide\" role=\"group\" aria-roledescription=\"slide\" aria-label=\"8 von 11\"><figure class=\"swiper-slide-inner\"><img decoding=\"async\" class=\"swiper-slide-image\" src=\"https:\/\/jachthavenkuikhorne.nl\/wp-content\/uploads\/elementor\/thumbs\/IMG-20210308-WA0004-scaled-r2cwlvvv35od7dwj1tdc5tegtvlm6pz2yyj3va4k9s.jpeg\" alt=\"IMG-20210308-WA0004\" \/><\/figure><\/div><div class=\"swiper-slide\" role=\"group\" aria-roledescription=\"slide\" aria-label=\"9 von 11\"><figure class=\"swiper-slide-inner\"><img decoding=\"async\" class=\"swiper-slide-image\" src=\"https:\/\/jachthavenkuikhorne.nl\/wp-content\/uploads\/elementor\/thumbs\/IMG_1212-scaled-r2cwlvvv35od7dwj1tdc5tegtvlm6pz2yyj3va4k9s.jpg\" alt=\"Chalet aan de jachthaven\" \/><\/figure><\/div><div class=\"swiper-slide\" role=\"group\" aria-roledescription=\"slide\" aria-label=\"10 von 11\"><figure class=\"swiper-slide-inner\"><img decoding=\"async\" class=\"swiper-slide-image\" src=\"https:\/\/jachthavenkuikhorne.nl\/wp-content\/uploads\/elementor\/thumbs\/IMG_1214-scaled-r2cwlvvv35od7dwj1tdc5tegtvlm6pz2yyj3va4k9s.jpg\" alt=\"badkamer chalet\" \/><\/figure><\/div><div class=\"swiper-slide\" role=\"group\" aria-roledescription=\"slide\" aria-label=\"11 von 11\"><figure class=\"swiper-slide-inner\"><img decoding=\"async\" class=\"swiper-slide-image\" src=\"https:\/\/jachthavenkuikhorne.nl\/wp-content\/uploads\/elementor\/thumbs\/IMG_2377-r2cwlwtp9zpnizv5wbryqb5xf9gzef2tb36lck363k.jpg\" alt=\"Sanitair Kuikhorn\" \/><\/figure><\/div>\t\t\t<\/div>\n\t\t\t\t\t\t\t\t\t\t\t\t<div class=\"elementor-swiper-button elementor-swiper-button-prev\" role=\"button\" tabindex=\"0\">\n\t\t\t\t\t\t<i aria-hidden=\"true\" class=\"eicon-chevron-left\"><\/i>\t\t\t\t\t<\/div>\n\t\t\t\t\t<div class=\"elementor-swiper-button elementor-swiper-button-next\" role=\"button\" tabindex=\"0\">\n\t\t\t\t\t\t<i aria-hidden=\"true\" class=\"eicon-chevron-right\"><\/i>\t\t\t\t\t<\/div>\n\t\t\t\t\n\t\t\t\t\t\t\t\t\t<div class=\"swiper-pagination\"><\/div>\n\t\t\t\t\t\t\t\t\t<\/div>\n\t\t\t\t\t\t<\/div>\n\t\t\t\t<\/div>\n\t\t\t\t\t<\/div>\n\t\t<\/div>\n\t\t\t\t\t<\/div>\n\t\t<\/section>\n\t\t\t\t<section class=\"elementor-section elementor-top-section elementor-element elementor-element-1c624c6 elementor-section-boxed elementor-section-height-default elementor-section-height-default\" data-id=\"1c624c6\" data-element_type=\"section\" data-e-type=\"section\">\n\t\t\t\t\t\t<div class=\"elementor-container elementor-column-gap-default\">\n\t\t\t\t\t<div class=\"elementor-column elementor-col-100 elementor-top-column elementor-element elementor-element-a8e2ec6\" data-id=\"a8e2ec6\" data-element_type=\"column\" data-e-type=\"column\">\n\t\t\t<div class=\"elementor-widget-wrap elementor-element-populated\">\n\t\t\t\t\t\t<div class=\"elementor-element elementor-element-23f4672 elementor-widget elementor-widget-text-editor\" data-id=\"23f4672\" data-element_type=\"widget\" data-e-type=\"widget\" data-widget_type=\"text-editor.default\">\n\t\t\t\t<div class=\"elementor-widget-container\">\n\t\t\t\t\t\t\t\t\t<p><script type=\"text\/javascript\" src=\"https:\/\/widget.123boeken.nl\/2k08Ye6HkBZwLw321jf1cA2Wn3Q61ze4I5l5qC1U9K1j6734J2\/widgets.js\"><\/script><\/p>\n<div data-widget=\"123boeken\" data-apikey=\"2k08Ye6HkBZwLw321jf1cA2Wn3Q61ze4I5l5qC1U9K1j6734J2\" data-type=\"calendar\" data-object-id=\"65598\" data-show-text=\"0\" data-show-images=\"0\"><\/div>\n\t\t\t\t\t\t\t\t<\/div>\n\t\t\t\t<\/div>\n\t\t\t\t\t<\/div>\n\t\t<\/div>\n\t\t\t\t\t<\/div>\n\t\t<\/section>\n\t\t\t\t<\/div>\n\t\t","protected":false},"excerpt":{"rendered":"<p>Chalet reservieren Diese luxuri\u00f6sen Zwei-Personen-Chalets befinden sich in wundersch\u00f6ner Lage im Yachthafen Kuikhorne in der N\u00e4he von De Westereen in Friesland. Diese sch\u00f6nen Chalets sind komplett ausgestattet. Genie\u00dfen Sie von Ihrer Terrasse aus den Blick \u00fcber das Wasser und die Boote im Hafen. Eine Schaluppe im Yachthafen von Kuikhorne mieten ist auch eine Option, in [&hellip;]<\/p>\n","protected":false},"author":1,"featured_media":6471,"parent":4040,"menu_order":0,"comment_status":"closed","ping_status":"closed","template":"","meta":{"site-sidebar-layout":"default","site-content-layout":"default","ast-site-content-layout":"","site-content-style":"default","site-sidebar-style":"default","ast-global-header-display":"","ast-banner-title-visibility":"","ast-main-header-display":"","ast-hfb-above-header-display":"","ast-hfb-below-header-display":"","ast-hfb-mobile-header-display":"","site-post-title":"disabled","ast-breadcrumbs-content":"disabled","ast-featured-img":"disabled","footer-sml-layout":"","theme-transparent-header-meta":"default","adv-header-id-meta":"","stick-header-meta":"","header-above-stick-meta":"","header-main-stick-meta":"","header-below-stick-meta":"","astra-migrate-meta-layouts":"default","ast-page-background-enabled":"default","ast-page-background-meta":{"desktop":{"background-color":"","background-image":"","background-repeat":"repeat","background-position":"center center","background-size":"auto","background-attachment":"scroll","background-type":"","background-media":"","overlay-type":"","overlay-color":"","overlay-opacity":"","overlay-gradient":""},"tablet":{"background-color":"","background-image":"","background-repeat":"repeat","background-position":"center center","background-size":"auto","background-attachment":"scroll","background-type":"","background-media":"","overlay-type":"","overlay-color":"","overlay-opacity":"","overlay-gradient":""},"mobile":{"background-color":"","background-image":"","background-repeat":"repeat","background-position":"center center","background-size":"auto","background-attachment":"scroll","background-type":"","background-media":"","overlay-type":"","overlay-color":"","overlay-opacity":"","overlay-gradient":""}},"ast-content-background-meta":{"desktop":{"background-color":"var(--ast-global-color-5)","background-image":"","background-repeat":"repeat","background-position":"center center","background-size":"auto","background-attachment":"scroll","background-type":"","background-media":"","overlay-type":"","overlay-color":"","overlay-opacity":"","overlay-gradient":""},"tablet":{"background-color":"var(--ast-global-color-5)","background-image":"","background-repeat":"repeat","background-position":"center center","background-size":"auto","background-attachment":"scroll","background-type":"","background-media":"","overlay-type":"","overlay-color":"","overlay-opacity":"","overlay-gradient":""},"mobile":{"background-color":"var(--ast-global-color-5)","background-image":"","background-repeat":"repeat","background-position":"center center","background-size":"auto","background-attachment":"scroll","background-type":"","background-media":"","overlay-type":"","overlay-color":"","overlay-opacity":"","overlay-gradient":""}},"footnotes":""},"categories":[29],"tags":[],"class_list":["post-4044","page","type-page","status-publish","has-post-thumbnail","hentry","category-Chalets-de"],"yoast_head":"<!-- This site is optimized with the Yoast SEO plugin v27.3 - https:\/\/yoast.com\/product\/yoast-seo-wordpress\/ -->\n<title>Reservieren Chalets - Yachthafen Kuikhorne<\/title>\n<meta name=\"description\" content=\"Buchen Sie jetzt ein Chalet im Jachthaven Kuikhorne und genie\u00dfen Sie die sch\u00f6ne Umgebung Frieslands. Radfahren , Fahren und Wandern!\" \/>\n<meta name=\"robots\" content=\"index, follow, max-snippet:-1, max-image-preview:large, max-video-preview:-1\" \/>\n<link rel=\"canonical\" href=\"https:\/\/jachthavenkuikhorne.nl\/de\/chalets\/reservieren-chalets\" \/>\n<meta property=\"og:locale\" content=\"de_DE\" \/>\n<meta property=\"og:type\" content=\"article\" \/>\n<meta property=\"og:title\" content=\"Reservieren Chalets - Yachthafen Kuikhorne\" \/>\n<meta property=\"og:description\" content=\"Buchen Sie jetzt ein Chalet im Jachthaven Kuikhorne und genie\u00dfen Sie die sch\u00f6ne Umgebung Frieslands. Radfahren , Fahren und Wandern!\" \/>\n<meta property=\"og:url\" content=\"https:\/\/jachthavenkuikhorne.nl\/de\/chalets\/reservieren-chalets\" \/>\n<meta property=\"og:site_name\" content=\"Jachthaven Kuikhorne\" \/>\n<meta property=\"article:modified_time\" content=\"2023-02-20T07:22:55+00:00\" \/>\n<meta property=\"og:image\" content=\"https:\/\/jachthavenkuikhorne.nl\/wp-content\/uploads\/2021\/11\/IMG20210624155548.jpg\" \/>\n\t<meta property=\"og:image:width\" content=\"2400\" \/>\n\t<meta property=\"og:image:height\" content=\"1800\" \/>\n\t<meta property=\"og:image:type\" content=\"image\/jpeg\" \/>\n<meta name=\"twitter:card\" content=\"summary_large_image\" \/>\n<meta name=\"twitter:label1\" content=\"Gesch\u00e4tzte Lesezeit\" \/>\n\t<meta name=\"twitter:data1\" content=\"4\u00a0Minuten\" \/>\n<script type=\"application\/ld+json\" class=\"yoast-schema-graph\">{\"@context\":\"https:\\\/\\\/schema.org\",\"@graph\":[{\"@type\":\"WebPage\",\"@id\":\"https:\\\/\\\/jachthavenkuikhorne.nl\\\/de\\\/chalets\\\/reservieren-chalets\",\"url\":\"https:\\\/\\\/jachthavenkuikhorne.nl\\\/de\\\/chalets\\\/reservieren-chalets\",\"name\":\"Reservieren Chalets - Yachthafen Kuikhorne\",\"isPartOf\":{\"@id\":\"https:\\\/\\\/jachthavenkuikhorne.nl\\\/de\\\/#website\"},\"primaryImageOfPage\":{\"@id\":\"https:\\\/\\\/jachthavenkuikhorne.nl\\\/de\\\/chalets\\\/reservieren-chalets#primaryimage\"},\"image\":{\"@id\":\"https:\\\/\\\/jachthavenkuikhorne.nl\\\/de\\\/chalets\\\/reservieren-chalets#primaryimage\"},\"thumbnailUrl\":\"https:\\\/\\\/jachthavenkuikhorne.nl\\\/wp-content\\\/uploads\\\/2021\\\/11\\\/IMG20210624155548.jpg\",\"datePublished\":\"2021-02-15T15:09:20+00:00\",\"dateModified\":\"2023-02-20T07:22:55+00:00\",\"description\":\"Buchen Sie jetzt ein Chalet im Jachthaven Kuikhorne und genie\u00dfen Sie die sch\u00f6ne Umgebung Frieslands. Radfahren , Fahren und Wandern!\",\"breadcrumb\":{\"@id\":\"https:\\\/\\\/jachthavenkuikhorne.nl\\\/de\\\/chalets\\\/reservieren-chalets#breadcrumb\"},\"inLanguage\":\"de\",\"potentialAction\":[{\"@type\":\"ReadAction\",\"target\":[\"https:\\\/\\\/jachthavenkuikhorne.nl\\\/de\\\/chalets\\\/reservieren-chalets\"]}]},{\"@type\":\"ImageObject\",\"inLanguage\":\"de\",\"@id\":\"https:\\\/\\\/jachthavenkuikhorne.nl\\\/de\\\/chalets\\\/reservieren-chalets#primaryimage\",\"url\":\"https:\\\/\\\/jachthavenkuikhorne.nl\\\/wp-content\\\/uploads\\\/2021\\\/11\\\/IMG20210624155548.jpg\",\"contentUrl\":\"https:\\\/\\\/jachthavenkuikhorne.nl\\\/wp-content\\\/uploads\\\/2021\\\/11\\\/IMG20210624155548.jpg\",\"width\":2400,\"height\":1800,\"caption\":\"Chalet aan de jachthaven\"},{\"@type\":\"BreadcrumbList\",\"@id\":\"https:\\\/\\\/jachthavenkuikhorne.nl\\\/de\\\/chalets\\\/reservieren-chalets#breadcrumb\",\"itemListElement\":[{\"@type\":\"ListItem\",\"position\":1,\"name\":\"Home\",\"item\":\"https:\\\/\\\/jachthavenkuikhorne.nl\\\/de\"},{\"@type\":\"ListItem\",\"position\":2,\"name\":\"Chalets\",\"item\":\"https:\\\/\\\/jachthavenkuikhorne.nl\\\/de\\\/chalets\"},{\"@type\":\"ListItem\",\"position\":3,\"name\":\"Reservieren Chalets\"}]},{\"@type\":\"WebSite\",\"@id\":\"https:\\\/\\\/jachthavenkuikhorne.nl\\\/de\\\/#website\",\"url\":\"https:\\\/\\\/jachthavenkuikhorne.nl\\\/de\\\/\",\"name\":\"Jachthaven Kuikhorne\",\"description\":\"Goed onderhouden jachthaven in Kuikhorne, Friesland\",\"publisher\":{\"@id\":\"https:\\\/\\\/jachthavenkuikhorne.nl\\\/de\\\/#organization\"},\"potentialAction\":[{\"@type\":\"SearchAction\",\"target\":{\"@type\":\"EntryPoint\",\"urlTemplate\":\"https:\\\/\\\/jachthavenkuikhorne.nl\\\/de\\\/?s={search_term_string}\"},\"query-input\":{\"@type\":\"PropertyValueSpecification\",\"valueRequired\":true,\"valueName\":\"search_term_string\"}}],\"inLanguage\":\"de\"},{\"@type\":\"Organization\",\"@id\":\"https:\\\/\\\/jachthavenkuikhorne.nl\\\/de\\\/#organization\",\"name\":\"Jachthaven Kuikhorne\",\"url\":\"https:\\\/\\\/jachthavenkuikhorne.nl\\\/de\\\/\",\"logo\":{\"@type\":\"ImageObject\",\"inLanguage\":\"de\",\"@id\":\"https:\\\/\\\/jachthavenkuikhorne.nl\\\/de\\\/#\\\/schema\\\/logo\\\/image\\\/\",\"url\":\"https:\\\/\\\/jachthavenkuikhorne.nl\\\/wp-content\\\/uploads\\\/2020\\\/11\\\/logo-website-kuikhorne.png\",\"contentUrl\":\"https:\\\/\\\/jachthavenkuikhorne.nl\\\/wp-content\\\/uploads\\\/2020\\\/11\\\/logo-website-kuikhorne.png\",\"width\":198,\"height\":162,\"caption\":\"Jachthaven Kuikhorne\"},\"image\":{\"@id\":\"https:\\\/\\\/jachthavenkuikhorne.nl\\\/de\\\/#\\\/schema\\\/logo\\\/image\\\/\"}}]}<\/script>\n<!-- \/ Yoast SEO plugin. -->","yoast_head_json":{"title":"Reservieren Chalets - Yachthafen Kuikhorne","description":"Buchen Sie jetzt ein Chalet im Jachthaven Kuikhorne und genie\u00dfen Sie die sch\u00f6ne Umgebung Frieslands. Radfahren , Fahren und Wandern!","robots":{"index":"index","follow":"follow","max-snippet":"max-snippet:-1","max-image-preview":"max-image-preview:large","max-video-preview":"max-video-preview:-1"},"canonical":"https:\/\/jachthavenkuikhorne.nl\/de\/chalets\/reservieren-chalets","og_locale":"de_DE","og_type":"article","og_title":"Reservieren Chalets - Yachthafen Kuikhorne","og_description":"Buchen Sie jetzt ein Chalet im Jachthaven Kuikhorne und genie\u00dfen Sie die sch\u00f6ne Umgebung Frieslands. Radfahren , Fahren und Wandern!","og_url":"https:\/\/jachthavenkuikhorne.nl\/de\/chalets\/reservieren-chalets","og_site_name":"Jachthaven Kuikhorne","article_modified_time":"2023-02-20T07:22:55+00:00","og_image":[{"width":2400,"height":1800,"url":"https:\/\/jachthavenkuikhorne.nl\/wp-content\/uploads\/2021\/11\/IMG20210624155548.jpg","type":"image\/jpeg"}],"twitter_card":"summary_large_image","twitter_misc":{"Gesch\u00e4tzte Lesezeit":"4\u00a0Minuten"},"schema":{"@context":"https:\/\/schema.org","@graph":[{"@type":"WebPage","@id":"https:\/\/jachthavenkuikhorne.nl\/de\/chalets\/reservieren-chalets","url":"https:\/\/jachthavenkuikhorne.nl\/de\/chalets\/reservieren-chalets","name":"Reservieren Chalets - Yachthafen Kuikhorne","isPartOf":{"@id":"https:\/\/jachthavenkuikhorne.nl\/de\/#website"},"primaryImageOfPage":{"@id":"https:\/\/jachthavenkuikhorne.nl\/de\/chalets\/reservieren-chalets#primaryimage"},"image":{"@id":"https:\/\/jachthavenkuikhorne.nl\/de\/chalets\/reservieren-chalets#primaryimage"},"thumbnailUrl":"https:\/\/jachthavenkuikhorne.nl\/wp-content\/uploads\/2021\/11\/IMG20210624155548.jpg","datePublished":"2021-02-15T15:09:20+00:00","dateModified":"2023-02-20T07:22:55+00:00","description":"Buchen Sie jetzt ein Chalet im Jachthaven Kuikhorne und genie\u00dfen Sie die sch\u00f6ne Umgebung Frieslands. Radfahren , Fahren und Wandern!","breadcrumb":{"@id":"https:\/\/jachthavenkuikhorne.nl\/de\/chalets\/reservieren-chalets#breadcrumb"},"inLanguage":"de","potentialAction":[{"@type":"ReadAction","target":["https:\/\/jachthavenkuikhorne.nl\/de\/chalets\/reservieren-chalets"]}]},{"@type":"ImageObject","inLanguage":"de","@id":"https:\/\/jachthavenkuikhorne.nl\/de\/chalets\/reservieren-chalets#primaryimage","url":"https:\/\/jachthavenkuikhorne.nl\/wp-content\/uploads\/2021\/11\/IMG20210624155548.jpg","contentUrl":"https:\/\/jachthavenkuikhorne.nl\/wp-content\/uploads\/2021\/11\/IMG20210624155548.jpg","width":2400,"height":1800,"caption":"Chalet aan de jachthaven"},{"@type":"BreadcrumbList","@id":"https:\/\/jachthavenkuikhorne.nl\/de\/chalets\/reservieren-chalets#breadcrumb","itemListElement":[{"@type":"ListItem","position":1,"name":"Home","item":"https:\/\/jachthavenkuikhorne.nl\/de"},{"@type":"ListItem","position":2,"name":"Chalets","item":"https:\/\/jachthavenkuikhorne.nl\/de\/chalets"},{"@type":"ListItem","position":3,"name":"Reservieren Chalets"}]},{"@type":"WebSite","@id":"https:\/\/jachthavenkuikhorne.nl\/de\/#website","url":"https:\/\/jachthavenkuikhorne.nl\/de\/","name":"Jachthaven Kuikhorne","description":"Goed onderhouden jachthaven in Kuikhorne, Friesland","publisher":{"@id":"https:\/\/jachthavenkuikhorne.nl\/de\/#organization"},"potentialAction":[{"@type":"SearchAction","target":{"@type":"EntryPoint","urlTemplate":"https:\/\/jachthavenkuikhorne.nl\/de\/?s={search_term_string}"},"query-input":{"@type":"PropertyValueSpecification","valueRequired":true,"valueName":"search_term_string"}}],"inLanguage":"de"},{"@type":"Organization","@id":"https:\/\/jachthavenkuikhorne.nl\/de\/#organization","name":"Jachthaven Kuikhorne","url":"https:\/\/jachthavenkuikhorne.nl\/de\/","logo":{"@type":"ImageObject","inLanguage":"de","@id":"https:\/\/jachthavenkuikhorne.nl\/de\/#\/schema\/logo\/image\/","url":"https:\/\/jachthavenkuikhorne.nl\/wp-content\/uploads\/2020\/11\/logo-website-kuikhorne.png","contentUrl":"https:\/\/jachthavenkuikhorne.nl\/wp-content\/uploads\/2020\/11\/logo-website-kuikhorne.png","width":198,"height":162,"caption":"Jachthaven Kuikhorne"},"image":{"@id":"https:\/\/jachthavenkuikhorne.nl\/de\/#\/schema\/logo\/image\/"}}]}},"_links":{"self":[{"href":"https:\/\/jachthavenkuikhorne.nl\/de\/index.php?rest_route=\/wp\/v2\/pages\/4044","targetHints":{"allow":["GET"]}}],"collection":[{"href":"https:\/\/jachthavenkuikhorne.nl\/de\/index.php?rest_route=\/wp\/v2\/pages"}],"about":[{"href":"https:\/\/jachthavenkuikhorne.nl\/de\/index.php?rest_route=\/wp\/v2\/types\/page"}],"author":[{"embeddable":true,"href":"https:\/\/jachthavenkuikhorne.nl\/de\/index.php?rest_route=\/wp\/v2\/users\/1"}],"replies":[{"embeddable":true,"href":"https:\/\/jachthavenkuikhorne.nl\/de\/index.php?rest_route=%2Fwp%2Fv2%2Fcomments&post=4044"}],"version-history":[{"count":0,"href":"https:\/\/jachthavenkuikhorne.nl\/de\/index.php?rest_route=\/wp\/v2\/pages\/4044\/revisions"}],"up":[{"embeddable":true,"href":"https:\/\/jachthavenkuikhorne.nl\/de\/index.php?rest_route=\/wp\/v2\/pages\/4040"}],"wp:featuredmedia":[{"embeddable":true,"href":"https:\/\/jachthavenkuikhorne.nl\/de\/index.php?rest_route=\/wp\/v2\/media\/6471"}],"wp:attachment":[{"href":"https:\/\/jachthavenkuikhorne.nl\/de\/index.php?rest_route=%2Fwp%2Fv2%2Fmedia&parent=4044"}],"wp:term":[{"taxonomy":"category","embeddable":true,"href":"https:\/\/jachthavenkuikhorne.nl\/de\/index.php?rest_route=%2Fwp%2Fv2%2Fcategories&post=4044"},{"taxonomy":"post_tag","embeddable":true,"href":"https:\/\/jachthavenkuikhorne.nl\/de\/index.php?rest_route=%2Fwp%2Fv2%2Ftags&post=4044"}],"curies":[{"name":"wp","href":"https:\/\/api.w.org\/{rel}","templated":true}]}}