{"id":4040,"date":"2021-02-15T15:08:25","date_gmt":"2021-02-15T15:08:25","guid":{"rendered":"https:\/\/wordtaangewerkt.nl\/kuikhorne\/lodges\/"},"modified":"2023-08-01T06:25:31","modified_gmt":"2023-08-01T06:25:31","slug":"chalets","status":"publish","type":"page","link":"https:\/\/jachthavenkuikhorne.nl\/de\/chalets","title":{"rendered":"Chalets"},"content":{"rendered":"\t\t<div data-elementor-type=\"wp-page\" data-elementor-id=\"4040\" class=\"elementor elementor-4040\" data-elementor-post-type=\"page\">\n\t\t\t\t\t\t<section class=\"elementor-section elementor-top-section elementor-element elementor-element-704be98 elementor-section-full_width elementor-section-stretched elementor-section-height-default elementor-section-height-default\" data-id=\"704be98\" data-element_type=\"section\" data-e-type=\"section\" data-settings=\"{&quot;stretch_section&quot;:&quot;section-stretched&quot;,&quot;background_background&quot;:&quot;classic&quot;}\">\n\t\t\t\t\t\t<div class=\"elementor-container elementor-column-gap-default\">\n\t\t\t\t\t<div class=\"elementor-column elementor-col-100 elementor-top-column elementor-element elementor-element-dd1a72f\" data-id=\"dd1a72f\" data-element_type=\"column\" data-e-type=\"column\" data-settings=\"{&quot;background_background&quot;:&quot;classic&quot;}\">\n\t\t\t<div class=\"elementor-widget-wrap elementor-element-populated\">\n\t\t\t\t\t\t<div class=\"elementor-element elementor-element-ded6fae elementor-widget elementor-widget-heading\" data-id=\"ded6fae\" data-element_type=\"widget\" data-e-type=\"widget\" data-widget_type=\"heading.default\">\n\t\t\t\t<div class=\"elementor-widget-container\">\n\t\t\t\t\t<h2 class=\"elementor-heading-title elementor-size-default\">Chalet mieten<\/h2>\t\t\t\t<\/div>\n\t\t\t\t<\/div>\n\t\t\t\t<div class=\"elementor-element elementor-element-c04fdf8 elementor-widget elementor-widget-heading\" data-id=\"c04fdf8\" data-element_type=\"widget\" data-e-type=\"widget\" data-widget_type=\"heading.default\">\n\t\t\t\t<div class=\"elementor-widget-container\">\n\t\t\t\t\t<p class=\"elementor-heading-title elementor-size-default\"><a href=\"https:\/\/jachthavenkuikhorne.nl\/de\/reservieren\/\">Luxe chalets, direkt am Wasser, f\u00fcr zwei Personen<\/a><\/p>\t\t\t\t<\/div>\n\t\t\t\t<\/div>\n\t\t\t\t<div class=\"elementor-element elementor-element-d92ab78 elementor-align-center elementor-widget elementor-widget-button\" data-id=\"d92ab78\" data-element_type=\"widget\" data-e-type=\"widget\" data-widget_type=\"button.default\">\n\t\t\t\t<div class=\"elementor-widget-container\">\n\t\t\t\t\t\t\t\t\t<div class=\"elementor-button-wrapper\">\n\t\t\t\t\t<a class=\"elementor-button elementor-button-link elementor-size-md\" href=\"https:\/\/jachthavenkuikhorne.nl\/de\/reservieren\/\">\n\t\t\t\t\t\t<span class=\"elementor-button-content-wrapper\">\n\t\t\t\t\t\t\t\t\t<span class=\"elementor-button-text\">Direkt reservieren<\/span>\n\t\t\t\t\t<\/span>\n\t\t\t\t\t<\/a>\n\t\t\t\t<\/div>\n\t\t\t\t\t\t\t\t<\/div>\n\t\t\t\t<\/div>\n\t\t\t\t\t<\/div>\n\t\t<\/div>\n\t\t\t\t\t<\/div>\n\t\t<\/section>\n\t\t\t\t<section class=\"elementor-section elementor-top-section elementor-element elementor-element-7e99ea3 elementor-section-boxed elementor-section-height-default elementor-section-height-default\" data-id=\"7e99ea3\" data-element_type=\"section\" data-e-type=\"section\">\n\t\t\t\t\t\t<div class=\"elementor-container elementor-column-gap-default\">\n\t\t\t\t\t<div class=\"elementor-column elementor-col-50 elementor-top-column elementor-element elementor-element-485662e5\" data-id=\"485662e5\" data-element_type=\"column\" data-e-type=\"column\">\n\t\t\t<div class=\"elementor-widget-wrap elementor-element-populated\">\n\t\t\t\t\t\t<div class=\"elementor-element elementor-element-42218838 elementor-widget elementor-widget-text-editor\" data-id=\"42218838\" data-element_type=\"widget\" data-e-type=\"widget\" data-widget_type=\"text-editor.default\">\n\t\t\t\t<div class=\"elementor-widget-container\">\n\t\t\t\t\t\t\t\t\t<h2>Chalets f\u00fcr zwei Personen<\/h2><p>Die sch\u00f6nen, luxuri\u00f6sen Chalets befinden sich in wundersch\u00f6ner Lage am Yachthafen in Friesland, sind komplett ausgestattet und f\u00fcr bis zu 2 Personen eingerichtet. Genie\u00dfen Sie von Ihrer Terrasse mit Gartenm\u00f6beln den Blick \u00fcber das Wasser und die Boote im Hafen. In einem Yachthafen gibt es immer Unterhaltung. Der perfekte Weg, um sich zu entspannen.<\/p><p>Die Chalets eignen sich f\u00fcr einen langen oder kurzen Urlaub. Das Chalet verf\u00fcgt \u00fcber ein gem\u00fctliches, helles Wohnzimmer, Schlafzimmer, Bad, WC, Terrasse und Veranda. Die K\u00fcche verf\u00fcgt \u00fcber eine voll ausgestattete K\u00fcche mit Geschirrsp\u00fcler. F\u00fcr gro\u00dfe oder kleine W\u00e4sche k\u00f6nnen Sie die Waschmaschine und den Trockner im Sanit\u00e4rgeb\u00e4ude an anderer Stelle im Hafenbereich verwenden.<\/p><p>Das <a href=\"https:\/\/jachthavenkuikhorne.nl\/de\/schaluppenverleih\/\">Mieten einer Schaluppe <\/a>ist ebenfalls m\u00f6glich.<\/p><p>Entdecken Sie die <a href=\"https:\/\/jachthavenkuikhorne.nl\/de\/umgebung\/\">wundersch\u00f6ne Friesische Wouden-Gegend<\/a> vom Wasser aus. Besuchen Sie zum Beispiel die wundersch\u00f6ne 11-St\u00e4dte-Stadt Dokkum mit ihren wundersch\u00f6nen Hochburgen und Fassaden oder segeln Sie zum Nationalpark De Alde Feanen in Earnew\u00e2ld.<\/p><p>Es gibt viele sch\u00f6ne Sehensw\u00fcrdigkeiten oder Orte in der\u00a0<a href=\"https:\/\/jachthavenkuikhorne.nl\/de\/umgebung\/\" target=\"_blank\" rel=\"noopener\">Umgebung<\/a> zu besuchen. Genie\u00dfen Sie einen Hauch frischer Luft auf Ameland oder verbringen Sie einen Tag in Dokkum, Drachten, Leeuwarden oder Groningen. Wir informieren Sie gerne im Park dar\u00fcber.<\/p><p>Vergessen Sie nicht, Ihr Fahrrad mitzubringen. Die jachhaven Kuikhorne befindet sich in einem wundersch\u00f6nen <a href=\"https:\/\/jachthavenkuikhorne.nl\/de\/wandern-und-radfahren\/\">Fahrradgebiet<\/a>. Neben dem Radfahren k\u00f6nnen Sie hier auch sch\u00f6ne Spazierg\u00e4nge machen. Entdecken Sie die 340 Hektar gro\u00dfen B\u00fbtefjild-Sumpfgebiete zu Fu\u00df.<\/p><p>Wir verwenden die <a href=\"https:\/\/jachthavenkuikhorne.nl\/wp-content\/uploads\/2021\/03\/939-RECRON-Voorwaarden-Toeristisch-Verblijf-Duits-blauw.pdf\">RECRON-Bedingungen\u00a0<\/a><\/p>\t\t\t\t\t\t\t\t<\/div>\n\t\t\t\t<\/div>\n\t\t\t\t<div class=\"elementor-element elementor-element-a5fbd28 elementor-widget elementor-widget-button\" data-id=\"a5fbd28\" data-element_type=\"widget\" data-e-type=\"widget\" data-widget_type=\"button.default\">\n\t\t\t\t<div class=\"elementor-widget-container\">\n\t\t\t\t\t\t\t\t\t<div class=\"elementor-button-wrapper\">\n\t\t\t\t\t<a class=\"elementor-button elementor-button-link elementor-size-sm\" href=\"https:\/\/jachthavenkuikhorne.nl\/de\/Chalets\/reservieren-Chalets\/\">\n\t\t\t\t\t\t<span class=\"elementor-button-content-wrapper\">\n\t\t\t\t\t\t\t\t\t<span class=\"elementor-button-text\">Direkt reservieren<\/span>\n\t\t\t\t\t<\/span>\n\t\t\t\t\t<\/a>\n\t\t\t\t<\/div>\n\t\t\t\t\t\t\t\t<\/div>\n\t\t\t\t<\/div>\n\t\t\t\t\t<\/div>\n\t\t<\/div>\n\t\t\t\t<div class=\"elementor-column elementor-col-50 elementor-top-column elementor-element elementor-element-483bcf39\" data-id=\"483bcf39\" data-element_type=\"column\" data-e-type=\"column\">\n\t\t\t<div class=\"elementor-widget-wrap elementor-element-populated\">\n\t\t\t\t\t\t<div class=\"elementor-element elementor-element-54735563 content-align-cta-default elementor-widget elementor-widget-eael-cta-box\" data-id=\"54735563\" data-element_type=\"widget\" data-e-type=\"widget\" data-widget_type=\"eael-cta-box.default\">\n\t\t\t\t<div class=\"elementor-widget-container\">\n\t\t\t\t\t\t\t<div class=\"eael-call-to-action cta-basic bg-lite cta-preset-1\">\n        <h3 class=\"title eael-cta-heading\">Unsere Chalets:<\/h3><ul><li>Haustierfrei<\/li><li>Direkt am Yachthafen<\/li><li>Bequem und luxuri\u00f6s<\/li><li>Wundersch\u00f6ne Fahrrad- und Wanderumgebung.<\/li><li>Viele Angelm\u00f6glichkeiten.<\/li><li>Zentralheizung<\/li><li>Betten gemacht<\/li><li>Handtuchpaket<\/li><li>Ankunftstage am Montag und Freitag<span class=\"Apple-converted-space\">\u00a0<\/span><\/li><\/ul><a href=\"http:\/\/www.jachthavenkuikhorne.nl\/de\/reservieren\" class=\"cta-button cta-preset-1  \">Direkt reservieren<\/a>\t<\/div>\n\t\t\t\t\t\t\t\t<\/div>\n\t\t\t\t<\/div>\n\t\t\t\t\t<\/div>\n\t\t<\/div>\n\t\t\t\t\t<\/div>\n\t\t<\/section>\n\t\t\t\t<section class=\"elementor-section elementor-top-section elementor-element elementor-element-fb46170 elementor-section-boxed elementor-section-height-default elementor-section-height-default\" data-id=\"fb46170\" data-element_type=\"section\" data-e-type=\"section\">\n\t\t\t\t\t\t<div class=\"elementor-container elementor-column-gap-default\">\n\t\t\t\t\t<div class=\"elementor-column elementor-col-100 elementor-top-column elementor-element elementor-element-7cdcb47\" data-id=\"7cdcb47\" data-element_type=\"column\" data-e-type=\"column\">\n\t\t\t<div class=\"elementor-widget-wrap elementor-element-populated\">\n\t\t\t\t\t\t<div class=\"elementor-element elementor-element-fbdbfdc elementor-arrows-position-inside elementor-pagination-position-outside elementor-widget elementor-widget-image-carousel\" data-id=\"fbdbfdc\" data-element_type=\"widget\" data-e-type=\"widget\" data-settings=\"{&quot;slides_to_show&quot;:&quot;1&quot;,&quot;navigation&quot;:&quot;both&quot;,&quot;autoplay&quot;:&quot;yes&quot;,&quot;pause_on_hover&quot;:&quot;yes&quot;,&quot;pause_on_interaction&quot;:&quot;yes&quot;,&quot;autoplay_speed&quot;:5000,&quot;infinite&quot;:&quot;yes&quot;,&quot;effect&quot;:&quot;slide&quot;,&quot;speed&quot;:500}\" data-widget_type=\"image-carousel.default\">\n\t\t\t\t<div class=\"elementor-widget-container\">\n\t\t\t\t\t\t\t<div class=\"elementor-image-carousel-wrapper swiper\" role=\"region\" aria-roledescription=\"carousel\" aria-label=\"Bild Karussell\" dir=\"ltr\">\n\t\t\t<div class=\"elementor-image-carousel swiper-wrapper\" aria-live=\"off\">\n\t\t\t\t\t\t\t\t<div class=\"swiper-slide\" role=\"group\" aria-roledescription=\"slide\" aria-label=\"1 von 9\"><figure class=\"swiper-slide-inner\"><img decoding=\"async\" class=\"swiper-slide-image\" src=\"https:\/\/jachthavenkuikhorne.nl\/wp-content\/uploads\/elementor\/thumbs\/Chalet-buitenkant-r2cwluy87gcjmm7q0mst7l15ou3mds7aqmez8hzcjk.jpg\" alt=\"Chalet aan de jachthaven\" \/><\/figure><\/div><div class=\"swiper-slide\" role=\"group\" aria-roledescription=\"slide\" aria-label=\"2 von 9\"><figure class=\"swiper-slide-inner\"><img decoding=\"async\" class=\"swiper-slide-image\" src=\"https:\/\/jachthavenkuikhorne.nl\/wp-content\/uploads\/elementor\/thumbs\/IMG_2291-r2cwluy87gcjmm7q0mst7l15ou3mds7aqmez8hzcjk.jpg\" alt=\"Chalet Kuikhorne\" \/><\/figure><\/div><div class=\"swiper-slide\" role=\"group\" aria-roledescription=\"slide\" aria-label=\"3 von 9\"><figure class=\"swiper-slide-inner\"><img decoding=\"async\" class=\"swiper-slide-image\" src=\"https:\/\/jachthavenkuikhorne.nl\/wp-content\/uploads\/elementor\/thumbs\/IMG_1224-scaled-r2cwlvw2eadty86cv57fs2sma7yzlhb12r2gprxydc.jpg\" alt=\"woonkamer chalet\" \/><\/figure><\/div><div class=\"swiper-slide\" role=\"group\" aria-roledescription=\"slide\" aria-label=\"4 von 9\"><figure class=\"swiper-slide-inner\"><img decoding=\"async\" class=\"swiper-slide-image\" src=\"https:\/\/jachthavenkuikhorne.nl\/wp-content\/uploads\/elementor\/thumbs\/IMG_1227-2-scaled-r2cwlvw2eadty86cv57fs2sma7yzlhb12r2gprxydc.jpg\" alt=\"IMG_1227 (2)\" \/><\/figure><\/div><div class=\"swiper-slide\" role=\"group\" aria-roledescription=\"slide\" aria-label=\"5 von 9\"><figure class=\"swiper-slide-inner\"><img decoding=\"async\" class=\"swiper-slide-image\" src=\"https:\/\/jachthavenkuikhorne.nl\/wp-content\/uploads\/elementor\/thumbs\/IMG_2366-r2cwlwtwl4f49u4zpnm2ckk2vluct6erevpy71wk74.jpg\" alt=\"Chalet Friesland\" \/><\/figure><\/div><div class=\"swiper-slide\" role=\"group\" aria-roledescription=\"slide\" aria-label=\"6 von 9\"><figure class=\"swiper-slide-inner\"><img decoding=\"async\" class=\"swiper-slide-image\" src=\"https:\/\/jachthavenkuikhorne.nl\/wp-content\/uploads\/elementor\/thumbs\/IMG-20210308-WA0004-scaled-r2cwlvw2eadty86cv57fs2sma7yzlhb12r2gprxydc.jpeg\" alt=\"IMG-20210308-WA0004\" \/><\/figure><\/div><div class=\"swiper-slide\" role=\"group\" aria-roledescription=\"slide\" aria-label=\"7 von 9\"><figure class=\"swiper-slide-inner\"><img decoding=\"async\" class=\"swiper-slide-image\" src=\"https:\/\/jachthavenkuikhorne.nl\/wp-content\/uploads\/elementor\/thumbs\/IMG_1212-scaled-r2cwlvw2eadty86cv57fs2sma7yzlhb12r2gprxydc.jpg\" alt=\"Chalet aan de jachthaven\" \/><\/figure><\/div><div class=\"swiper-slide\" role=\"group\" aria-roledescription=\"slide\" aria-label=\"8 von 9\"><figure class=\"swiper-slide-inner\"><img decoding=\"async\" class=\"swiper-slide-image\" src=\"https:\/\/jachthavenkuikhorne.nl\/wp-content\/uploads\/elementor\/thumbs\/IMG_1214-scaled-r2cwlvw2eadty86cv57fs2sma7yzlhb12r2gprxydc.jpg\" alt=\"badkamer chalet\" \/><\/figure><\/div><div class=\"swiper-slide\" role=\"group\" aria-roledescription=\"slide\" aria-label=\"9 von 9\"><figure class=\"swiper-slide-inner\"><img decoding=\"async\" class=\"swiper-slide-image\" src=\"https:\/\/jachthavenkuikhorne.nl\/wp-content\/uploads\/elementor\/thumbs\/IMG_2377-r2cwlwtwl4f49u4zpnm2ckk2vluct6erevpy71wk74.jpg\" alt=\"Sanitair Kuikhorn\" \/><\/figure><\/div>\t\t\t<\/div>\n\t\t\t\t\t\t\t\t\t\t\t\t<div class=\"elementor-swiper-button elementor-swiper-button-prev\" role=\"button\" tabindex=\"0\">\n\t\t\t\t\t\t<i aria-hidden=\"true\" class=\"eicon-chevron-left\"><\/i>\t\t\t\t\t<\/div>\n\t\t\t\t\t<div class=\"elementor-swiper-button elementor-swiper-button-next\" role=\"button\" tabindex=\"0\">\n\t\t\t\t\t\t<i aria-hidden=\"true\" class=\"eicon-chevron-right\"><\/i>\t\t\t\t\t<\/div>\n\t\t\t\t\n\t\t\t\t\t\t\t\t\t<div class=\"swiper-pagination\"><\/div>\n\t\t\t\t\t\t\t\t\t<\/div>\n\t\t\t\t\t\t<\/div>\n\t\t\t\t<\/div>\n\t\t\t\t\t<\/div>\n\t\t<\/div>\n\t\t\t\t\t<\/div>\n\t\t<\/section>\n\t\t\t\t<\/div>\n\t\t","protected":false},"excerpt":{"rendered":"<p>Chalet mieten Luxe chalets, direkt am Wasser, f\u00fcr zwei Personen Direkt reservieren Chalets f\u00fcr zwei Personen Die sch\u00f6nen, luxuri\u00f6sen Chalets befinden sich in wundersch\u00f6ner Lage am Yachthafen in Friesland, sind komplett ausgestattet und f\u00fcr bis zu 2 Personen eingerichtet. Genie\u00dfen Sie von Ihrer Terrasse mit Gartenm\u00f6beln den Blick \u00fcber das Wasser und die Boote im [&hellip;]<\/p>\n","protected":false},"author":1,"featured_media":0,"parent":0,"menu_order":0,"comment_status":"closed","ping_status":"closed","template":"","meta":{"site-sidebar-layout":"no-sidebar","site-content-layout":"default","ast-site-content-layout":"","site-content-style":"default","site-sidebar-style":"default","ast-global-header-display":"","ast-banner-title-visibility":"","ast-main-header-display":"","ast-hfb-above-header-display":"","ast-hfb-below-header-display":"","ast-hfb-mobile-header-display":"","site-post-title":"disabled","ast-breadcrumbs-content":"disabled","ast-featured-img":"disabled","footer-sml-layout":"","theme-transparent-header-meta":"default","adv-header-id-meta":"","stick-header-meta":"","header-above-stick-meta":"","header-main-stick-meta":"","header-below-stick-meta":"","astra-migrate-meta-layouts":"default","ast-page-background-enabled":"default","ast-page-background-meta":{"desktop":{"background-color":"","background-image":"","background-repeat":"repeat","background-position":"center center","background-size":"auto","background-attachment":"scroll","background-type":"","background-media":"","overlay-type":"","overlay-color":"","overlay-opacity":"","overlay-gradient":""},"tablet":{"background-color":"","background-image":"","background-repeat":"repeat","background-position":"center center","background-size":"auto","background-attachment":"scroll","background-type":"","background-media":"","overlay-type":"","overlay-color":"","overlay-opacity":"","overlay-gradient":""},"mobile":{"background-color":"","background-image":"","background-repeat":"repeat","background-position":"center center","background-size":"auto","background-attachment":"scroll","background-type":"","background-media":"","overlay-type":"","overlay-color":"","overlay-opacity":"","overlay-gradient":""}},"ast-content-background-meta":{"desktop":{"background-color":"var(--ast-global-color-5)","background-image":"","background-repeat":"repeat","background-position":"center center","background-size":"auto","background-attachment":"scroll","background-type":"","background-media":"","overlay-type":"","overlay-color":"","overlay-opacity":"","overlay-gradient":""},"tablet":{"background-color":"var(--ast-global-color-5)","background-image":"","background-repeat":"repeat","background-position":"center center","background-size":"auto","background-attachment":"scroll","background-type":"","background-media":"","overlay-type":"","overlay-color":"","overlay-opacity":"","overlay-gradient":""},"mobile":{"background-color":"var(--ast-global-color-5)","background-image":"","background-repeat":"repeat","background-position":"center center","background-size":"auto","background-attachment":"scroll","background-type":"","background-media":"","overlay-type":"","overlay-color":"","overlay-opacity":"","overlay-gradient":""}},"footnotes":""},"categories":[29],"tags":[],"class_list":["post-4040","page","type-page","status-publish","hentry","category-Chalets-de"],"yoast_head":"<!-- This site is optimized with the Yoast SEO plugin v27.4 - https:\/\/yoast.com\/product\/yoast-seo-wordpress\/ -->\n<title>Chalets - Jachthaven Kuikhorne<\/title>\n<meta name=\"description\" content=\"Sie suchen ein Chalet in Friesland? Jachthaven Kuikhorne vermietet drei sch\u00f6ne Zweipersonen-Chalets am Yachthafen.\" \/>\n<meta name=\"robots\" content=\"index, follow, max-snippet:-1, max-image-preview:large, max-video-preview:-1\" \/>\n<link rel=\"canonical\" href=\"https:\/\/jachthavenkuikhorne.nl\/de\/chalets\" \/>\n<meta property=\"og:locale\" content=\"de_DE\" \/>\n<meta property=\"og:type\" content=\"article\" \/>\n<meta property=\"og:title\" content=\"Chalets - Jachthaven Kuikhorne\" \/>\n<meta property=\"og:description\" content=\"Sie suchen ein Chalet in Friesland? Jachthaven Kuikhorne vermietet drei sch\u00f6ne Zweipersonen-Chalets am Yachthafen.\" \/>\n<meta property=\"og:url\" content=\"https:\/\/jachthavenkuikhorne.nl\/de\/chalets\" \/>\n<meta property=\"og:site_name\" content=\"Jachthaven Kuikhorne\" \/>\n<meta property=\"article:modified_time\" content=\"2023-08-01T06:25:31+00:00\" \/>\n<meta property=\"og:image\" content=\"https:\/\/jachthavenkuikhorne.nl\/wp-content\/uploads\/elementor\/thumbs\/Chalet-buitenkant-pxd6mv1lnu49zo084cws6mn7ydnzlju1xa1i36opxc.jpg\" \/>\n<meta name=\"twitter:card\" content=\"summary_large_image\" \/>\n<meta name=\"twitter:label1\" content=\"Gesch\u00e4tzte Lesezeit\" \/>\n\t<meta name=\"twitter:data1\" content=\"4\u00a0Minuten\" \/>\n<script type=\"application\/ld+json\" class=\"yoast-schema-graph\">{\"@context\":\"https:\\\/\\\/schema.org\",\"@graph\":[{\"@type\":\"WebPage\",\"@id\":\"https:\\\/\\\/jachthavenkuikhorne.nl\\\/de\\\/chalets\",\"url\":\"https:\\\/\\\/jachthavenkuikhorne.nl\\\/de\\\/chalets\",\"name\":\"Chalets - Jachthaven Kuikhorne\",\"isPartOf\":{\"@id\":\"https:\\\/\\\/jachthavenkuikhorne.nl\\\/de\\\/#website\"},\"primaryImageOfPage\":{\"@id\":\"https:\\\/\\\/jachthavenkuikhorne.nl\\\/de\\\/chalets#primaryimage\"},\"image\":{\"@id\":\"https:\\\/\\\/jachthavenkuikhorne.nl\\\/de\\\/chalets#primaryimage\"},\"thumbnailUrl\":\"https:\\\/\\\/jachthavenkuikhorne.nl\\\/wp-content\\\/uploads\\\/elementor\\\/thumbs\\\/Chalet-buitenkant-pxd6mv1lnu49zo084cws6mn7ydnzlju1xa1i36opxc.jpg\",\"datePublished\":\"2021-02-15T15:08:25+00:00\",\"dateModified\":\"2023-08-01T06:25:31+00:00\",\"description\":\"Sie suchen ein Chalet in Friesland? Jachthaven Kuikhorne vermietet drei sch\u00f6ne Zweipersonen-Chalets am Yachthafen.\",\"breadcrumb\":{\"@id\":\"https:\\\/\\\/jachthavenkuikhorne.nl\\\/de\\\/chalets#breadcrumb\"},\"inLanguage\":\"de\",\"potentialAction\":[{\"@type\":\"ReadAction\",\"target\":[\"https:\\\/\\\/jachthavenkuikhorne.nl\\\/de\\\/chalets\"]}]},{\"@type\":\"ImageObject\",\"inLanguage\":\"de\",\"@id\":\"https:\\\/\\\/jachthavenkuikhorne.nl\\\/de\\\/chalets#primaryimage\",\"url\":\"https:\\\/\\\/jachthavenkuikhorne.nl\\\/wp-content\\\/uploads\\\/elementor\\\/thumbs\\\/Chalet-buitenkant-pxd6mv1lnu49zo084cws6mn7ydnzlju1xa1i36opxc.jpg\",\"contentUrl\":\"https:\\\/\\\/jachthavenkuikhorne.nl\\\/wp-content\\\/uploads\\\/elementor\\\/thumbs\\\/Chalet-buitenkant-pxd6mv1lnu49zo084cws6mn7ydnzlju1xa1i36opxc.jpg\"},{\"@type\":\"BreadcrumbList\",\"@id\":\"https:\\\/\\\/jachthavenkuikhorne.nl\\\/de\\\/chalets#breadcrumb\",\"itemListElement\":[{\"@type\":\"ListItem\",\"position\":1,\"name\":\"Home\",\"item\":\"https:\\\/\\\/jachthavenkuikhorne.nl\\\/de\"},{\"@type\":\"ListItem\",\"position\":2,\"name\":\"Chalets\"}]},{\"@type\":\"WebSite\",\"@id\":\"https:\\\/\\\/jachthavenkuikhorne.nl\\\/de\\\/#website\",\"url\":\"https:\\\/\\\/jachthavenkuikhorne.nl\\\/de\\\/\",\"name\":\"Jachthaven Kuikhorne\",\"description\":\"Goed onderhouden jachthaven in Kuikhorne, Friesland\",\"publisher\":{\"@id\":\"https:\\\/\\\/jachthavenkuikhorne.nl\\\/de\\\/#organization\"},\"potentialAction\":[{\"@type\":\"SearchAction\",\"target\":{\"@type\":\"EntryPoint\",\"urlTemplate\":\"https:\\\/\\\/jachthavenkuikhorne.nl\\\/de\\\/?s={search_term_string}\"},\"query-input\":{\"@type\":\"PropertyValueSpecification\",\"valueRequired\":true,\"valueName\":\"search_term_string\"}}],\"inLanguage\":\"de\"},{\"@type\":\"Organization\",\"@id\":\"https:\\\/\\\/jachthavenkuikhorne.nl\\\/de\\\/#organization\",\"name\":\"Jachthaven Kuikhorne\",\"url\":\"https:\\\/\\\/jachthavenkuikhorne.nl\\\/de\\\/\",\"logo\":{\"@type\":\"ImageObject\",\"inLanguage\":\"de\",\"@id\":\"https:\\\/\\\/jachthavenkuikhorne.nl\\\/de\\\/#\\\/schema\\\/logo\\\/image\\\/\",\"url\":\"https:\\\/\\\/jachthavenkuikhorne.nl\\\/wp-content\\\/uploads\\\/2020\\\/11\\\/logo-website-kuikhorne.png\",\"contentUrl\":\"https:\\\/\\\/jachthavenkuikhorne.nl\\\/wp-content\\\/uploads\\\/2020\\\/11\\\/logo-website-kuikhorne.png\",\"width\":198,\"height\":162,\"caption\":\"Jachthaven Kuikhorne\"},\"image\":{\"@id\":\"https:\\\/\\\/jachthavenkuikhorne.nl\\\/de\\\/#\\\/schema\\\/logo\\\/image\\\/\"}}]}<\/script>\n<!-- \/ Yoast SEO plugin. -->","yoast_head_json":{"title":"Chalets - Jachthaven Kuikhorne","description":"Sie suchen ein Chalet in Friesland? Jachthaven Kuikhorne vermietet drei sch\u00f6ne Zweipersonen-Chalets am Yachthafen.","robots":{"index":"index","follow":"follow","max-snippet":"max-snippet:-1","max-image-preview":"max-image-preview:large","max-video-preview":"max-video-preview:-1"},"canonical":"https:\/\/jachthavenkuikhorne.nl\/de\/chalets","og_locale":"de_DE","og_type":"article","og_title":"Chalets - Jachthaven Kuikhorne","og_description":"Sie suchen ein Chalet in Friesland? Jachthaven Kuikhorne vermietet drei sch\u00f6ne Zweipersonen-Chalets am Yachthafen.","og_url":"https:\/\/jachthavenkuikhorne.nl\/de\/chalets","og_site_name":"Jachthaven Kuikhorne","article_modified_time":"2023-08-01T06:25:31+00:00","og_image":[{"url":"https:\/\/jachthavenkuikhorne.nl\/wp-content\/uploads\/elementor\/thumbs\/Chalet-buitenkant-pxd6mv1lnu49zo084cws6mn7ydnzlju1xa1i36opxc.jpg","type":"","width":"","height":""}],"twitter_card":"summary_large_image","twitter_misc":{"Gesch\u00e4tzte Lesezeit":"4\u00a0Minuten"},"schema":{"@context":"https:\/\/schema.org","@graph":[{"@type":"WebPage","@id":"https:\/\/jachthavenkuikhorne.nl\/de\/chalets","url":"https:\/\/jachthavenkuikhorne.nl\/de\/chalets","name":"Chalets - Jachthaven Kuikhorne","isPartOf":{"@id":"https:\/\/jachthavenkuikhorne.nl\/de\/#website"},"primaryImageOfPage":{"@id":"https:\/\/jachthavenkuikhorne.nl\/de\/chalets#primaryimage"},"image":{"@id":"https:\/\/jachthavenkuikhorne.nl\/de\/chalets#primaryimage"},"thumbnailUrl":"https:\/\/jachthavenkuikhorne.nl\/wp-content\/uploads\/elementor\/thumbs\/Chalet-buitenkant-pxd6mv1lnu49zo084cws6mn7ydnzlju1xa1i36opxc.jpg","datePublished":"2021-02-15T15:08:25+00:00","dateModified":"2023-08-01T06:25:31+00:00","description":"Sie suchen ein Chalet in Friesland? Jachthaven Kuikhorne vermietet drei sch\u00f6ne Zweipersonen-Chalets am Yachthafen.","breadcrumb":{"@id":"https:\/\/jachthavenkuikhorne.nl\/de\/chalets#breadcrumb"},"inLanguage":"de","potentialAction":[{"@type":"ReadAction","target":["https:\/\/jachthavenkuikhorne.nl\/de\/chalets"]}]},{"@type":"ImageObject","inLanguage":"de","@id":"https:\/\/jachthavenkuikhorne.nl\/de\/chalets#primaryimage","url":"https:\/\/jachthavenkuikhorne.nl\/wp-content\/uploads\/elementor\/thumbs\/Chalet-buitenkant-pxd6mv1lnu49zo084cws6mn7ydnzlju1xa1i36opxc.jpg","contentUrl":"https:\/\/jachthavenkuikhorne.nl\/wp-content\/uploads\/elementor\/thumbs\/Chalet-buitenkant-pxd6mv1lnu49zo084cws6mn7ydnzlju1xa1i36opxc.jpg"},{"@type":"BreadcrumbList","@id":"https:\/\/jachthavenkuikhorne.nl\/de\/chalets#breadcrumb","itemListElement":[{"@type":"ListItem","position":1,"name":"Home","item":"https:\/\/jachthavenkuikhorne.nl\/de"},{"@type":"ListItem","position":2,"name":"Chalets"}]},{"@type":"WebSite","@id":"https:\/\/jachthavenkuikhorne.nl\/de\/#website","url":"https:\/\/jachthavenkuikhorne.nl\/de\/","name":"Jachthaven Kuikhorne","description":"Goed onderhouden jachthaven in Kuikhorne, Friesland","publisher":{"@id":"https:\/\/jachthavenkuikhorne.nl\/de\/#organization"},"potentialAction":[{"@type":"SearchAction","target":{"@type":"EntryPoint","urlTemplate":"https:\/\/jachthavenkuikhorne.nl\/de\/?s={search_term_string}"},"query-input":{"@type":"PropertyValueSpecification","valueRequired":true,"valueName":"search_term_string"}}],"inLanguage":"de"},{"@type":"Organization","@id":"https:\/\/jachthavenkuikhorne.nl\/de\/#organization","name":"Jachthaven Kuikhorne","url":"https:\/\/jachthavenkuikhorne.nl\/de\/","logo":{"@type":"ImageObject","inLanguage":"de","@id":"https:\/\/jachthavenkuikhorne.nl\/de\/#\/schema\/logo\/image\/","url":"https:\/\/jachthavenkuikhorne.nl\/wp-content\/uploads\/2020\/11\/logo-website-kuikhorne.png","contentUrl":"https:\/\/jachthavenkuikhorne.nl\/wp-content\/uploads\/2020\/11\/logo-website-kuikhorne.png","width":198,"height":162,"caption":"Jachthaven Kuikhorne"},"image":{"@id":"https:\/\/jachthavenkuikhorne.nl\/de\/#\/schema\/logo\/image\/"}}]}},"_links":{"self":[{"href":"https:\/\/jachthavenkuikhorne.nl\/de\/index.php?rest_route=\/wp\/v2\/pages\/4040","targetHints":{"allow":["GET"]}}],"collection":[{"href":"https:\/\/jachthavenkuikhorne.nl\/de\/index.php?rest_route=\/wp\/v2\/pages"}],"about":[{"href":"https:\/\/jachthavenkuikhorne.nl\/de\/index.php?rest_route=\/wp\/v2\/types\/page"}],"author":[{"embeddable":true,"href":"https:\/\/jachthavenkuikhorne.nl\/de\/index.php?rest_route=\/wp\/v2\/users\/1"}],"replies":[{"embeddable":true,"href":"https:\/\/jachthavenkuikhorne.nl\/de\/index.php?rest_route=%2Fwp%2Fv2%2Fcomments&post=4040"}],"version-history":[{"count":0,"href":"https:\/\/jachthavenkuikhorne.nl\/de\/index.php?rest_route=\/wp\/v2\/pages\/4040\/revisions"}],"wp:attachment":[{"href":"https:\/\/jachthavenkuikhorne.nl\/de\/index.php?rest_route=%2Fwp%2Fv2%2Fmedia&parent=4040"}],"wp:term":[{"taxonomy":"category","embeddable":true,"href":"https:\/\/jachthavenkuikhorne.nl\/de\/index.php?rest_route=%2Fwp%2Fv2%2Fcategories&post=4040"},{"taxonomy":"post_tag","embeddable":true,"href":"https:\/\/jachthavenkuikhorne.nl\/de\/index.php?rest_route=%2Fwp%2Fv2%2Ftags&post=4040"}],"curies":[{"name":"wp","href":"https:\/\/api.w.org\/{rel}","templated":true}]}}