{"id":4033,"date":"2021-02-15T14:59:05","date_gmt":"2021-02-15T14:59:05","guid":{"rendered":"https:\/\/wordtaangewerkt.nl\/kuikhorne\/wohnmobilstellplaetze\/vorschriften\/"},"modified":"2022-05-30T13:01:47","modified_gmt":"2022-05-30T13:01:47","slug":"vorschriften","status":"publish","type":"page","link":"https:\/\/jachthavenkuikhorne.nl\/de\/wohnmobilstellplaetze\/vorschriften","title":{"rendered":"Vorschriften"},"content":{"rendered":"<ul>\n<li>Die Wohnmobile m\u00fcssen entsprechend auf den gekennzeichneten Stellpl\u00e4tzen abgestellt werden. Es darf nur ein Stellplatz belegt werden.<\/li>\n<li>Zus\u00e4tzliche Zelte, Teppiche und Vorzelte sind nicht erlaubt. Eine Markise ist erlaubt.<\/li>\n<li>Alle Einrichtungen und Entsorgungsstationen m\u00fcssen mit Sorgfalt behandelt werden. F\u00fcr den Abfluss des Abwassers muss ein Schlauch verwendet werden. NIEMALS MIT DEM RAD AUF DER GRUBE STEHEN! Sch\u00e4den an Reifen, die durch Missbrauch des Abwasserkanals verursacht werden, k\u00f6nnen dem Betreiber nicht angelastet werden. Jede Besch\u00e4digung der Grube muss dem Verwalter unverz\u00fcglich gemeldet werden.<\/li>\n<li>Jegliche L\u00e4rmbel\u00e4stigung, insbesondere zwischen 22.00 und 7.00 Uhr, ist zu vermeiden.<\/li>\n<li>Der Wohnmobilstellplatz ist sauber und aufger\u00e4umt zu halten und zu r\u00e4umen. F\u00e4kalien und Abw\u00e4sser sind in geeigneten Beh\u00e4ltern zu sammeln und an der vorgesehenen Sanit\u00e4rstation zu entsorgen. Bitte denken Sie daran, Ihren Abfall zu trennen.<\/li>\n<li>Grillen ist nur mit Erlaubnis des Verwalters und entsprechender Ausr\u00fcstung erlaubt. Es ist darauf zu achten, dass der Rasen nicht besch\u00e4digt wird. Ascher\u00fcckst\u00e4nde m\u00fcssen vollst\u00e4ndig abgel\u00f6scht werden, bevor sie mit dem Restm\u00fcll entsorgt werden. Bitte beachten Sie, dass Ihre Nachbarn nicht in unzumutbarer Weise durch Rauch bel\u00e4stigt werden d\u00fcrfen. Offenes Feuer ist verboten.<\/li>\n<li>D\u00fcsen\u00f6fen und Klimaanlagen sind nicht erlaubt.<\/li>\n<li>Hunde und Katzen sind an der Leine zu f\u00fchren. (Auch in der N\u00e4he des Wohnmobils) und lassen Sie den Hund \/ die Katze aus dem Feld. Nehmen Sie eine Tasche mit?<\/li>\n<li>Eine Nutzung, die l\u00e4nger als eine Woche dauert, muss dem Eigent\u00fcmer gemeldet und von ihm genehmigt werden.<\/li>\n<li>Es ist nicht m\u00f6glich, Pl\u00e4tze f\u00fcr und untereinander zu reservieren.<\/li>\n<li>Benutzen Sie Ihr Radio und\/oder Ihren Fernseher nur f\u00fcr sich selbst und st\u00f6ren Sie Ihre Nachbarn nicht.<\/li>\n<li>Am Abreisetag muss Ihr Stellplatz bis 11.00 Uhr gereinigt und ger\u00e4umt sein, andernfalls sind wir gezwungen, Ihnen einen weiteren Tag zu berechnen. (Wollen Sie immer noch Rad fahren? Dann k\u00f6nnen Sie Ihr Wohnmobil kostenlos auf dem gro\u00dfen Parkplatz abstellen, damit wir den Wohnmobilplatz f\u00fcr neue G\u00e4ste freigeben k\u00f6nnen.<\/li>\n<li>Sch\u00e4den an Wohnmobilen k\u00f6nnen dem Eigent\u00fcmer nicht angelastet werden.<\/li>\n<li>Das Graben von Brunnen, Gr\u00e4ben usw. ist nicht erlaubt.<\/li>\n<li>Die Benutzung des Spielplatzes erfolgt auf eigene Gefahr.<\/li>\n<li>Man muss die Anweisungen des Besitzers befolgen.<\/li>\n<li>Es ist nicht erlaubt, zwischen der Pumpstation und dem Hausboot im Zusammenhang mit dem Anlegen von Booten zum Betanken, Entladen und Wasserzapfen zu fischen. Dies ist nach 18.00 Uhr m\u00f6glich. Im hinteren Teil des Campingplatzes, in der N\u00e4he der Wohnmobile am Wasser und im Hafen, ist das Angeln den ganzen Tag \u00fcber erlaubt.<\/li>\n<li>DIE VERWENDUNG VON WASSER UND JERRYCAN IST IN DEN SANTASY BLOCKS NICHT ERLAUBT (AUCH NICHT IN DEN ENTSORGUNGSBLOCKS) wegen der Zerst\u00f6rung der Kr\u00e4ne&#8230;<\/li>\n<li>Sie k\u00f6nnen die Wasserstelle mit einem M\u00fcnzpfand nutzen (0,10 \u20ac f\u00fcr 10 Liter, 1,00 \u20ac f\u00fcr 100 Liter).<\/li>\n<li>Die Verwendung eines WiFi-Verst\u00e4rkers ist weder erlaubt noch notwendig. Immer noch schlechter Empfang? Sagen Sie es dem Manager.<\/li>\n<li>Wenn Sie zufrieden sind, sagen Sie es weiter, wenn Sie Beschwerden haben, sagen Sie es uns.<br \/>\nJanuar 2022<\/li>\n<\/ul>\n","protected":false},"excerpt":{"rendered":"<p>Die Wohnmobile m\u00fcssen entsprechend auf den gekennzeichneten Stellpl\u00e4tzen abgestellt werden. Es darf nur ein Stellplatz belegt werden. Zus\u00e4tzliche Zelte, Teppiche und Vorzelte sind nicht erlaubt. Eine Markise ist erlaubt. Alle Einrichtungen und Entsorgungsstationen m\u00fcssen mit Sorgfalt behandelt werden. F\u00fcr den Abfluss des Abwassers muss ein Schlauch verwendet werden. NIEMALS MIT DEM RAD AUF DER GRUBE [&hellip;]<\/p>\n","protected":false},"author":1,"featured_media":0,"parent":3537,"menu_order":0,"comment_status":"closed","ping_status":"closed","template":"","meta":{"site-sidebar-layout":"default","site-content-layout":"default","ast-site-content-layout":"","site-content-style":"default","site-sidebar-style":"default","ast-global-header-display":"","ast-banner-title-visibility":"","ast-main-header-display":"","ast-hfb-above-header-display":"","ast-hfb-below-header-display":"","ast-hfb-mobile-header-display":"","site-post-title":"","ast-breadcrumbs-content":"","ast-featured-img":"","footer-sml-layout":"","theme-transparent-header-meta":"default","adv-header-id-meta":"","stick-header-meta":"","header-above-stick-meta":"","header-main-stick-meta":"","header-below-stick-meta":"","astra-migrate-meta-layouts":"default","ast-page-background-enabled":"default","ast-page-background-meta":{"desktop":{"background-color":"","background-image":"","background-repeat":"repeat","background-position":"center center","background-size":"auto","background-attachment":"scroll","background-type":"","background-media":"","overlay-type":"","overlay-color":"","overlay-opacity":"","overlay-gradient":""},"tablet":{"background-color":"","background-image":"","background-repeat":"repeat","background-position":"center center","background-size":"auto","background-attachment":"scroll","background-type":"","background-media":"","overlay-type":"","overlay-color":"","overlay-opacity":"","overlay-gradient":""},"mobile":{"background-color":"","background-image":"","background-repeat":"repeat","background-position":"center center","background-size":"auto","background-attachment":"scroll","background-type":"","background-media":"","overlay-type":"","overlay-color":"","overlay-opacity":"","overlay-gradient":""}},"ast-content-background-meta":{"desktop":{"background-color":"var(--ast-global-color-5)","background-image":"","background-repeat":"repeat","background-position":"center center","background-size":"auto","background-attachment":"scroll","background-type":"","background-media":"","overlay-type":"","overlay-color":"","overlay-opacity":"","overlay-gradient":""},"tablet":{"background-color":"var(--ast-global-color-5)","background-image":"","background-repeat":"repeat","background-position":"center center","background-size":"auto","background-attachment":"scroll","background-type":"","background-media":"","overlay-type":"","overlay-color":"","overlay-opacity":"","overlay-gradient":""},"mobile":{"background-color":"var(--ast-global-color-5)","background-image":"","background-repeat":"repeat","background-position":"center center","background-size":"auto","background-attachment":"scroll","background-type":"","background-media":"","overlay-type":"","overlay-color":"","overlay-opacity":"","overlay-gradient":""}},"footnotes":""},"categories":[28],"tags":[],"class_list":["post-4033","page","type-page","status-publish","hentry","category-wohnmobilstellplatze"],"yoast_head":"<!-- This site is optimized with the Yoast SEO plugin v27.6 - https:\/\/yoast.com\/product\/yoast-seo-wordpress\/ -->\n<title>Vorschriften - Jachthaven Kuikhorne<\/title>\n<meta name=\"description\" content=\"Bitte nehmen Sie sich einen Moment Zeit, um unsere Campingplatzordnung zu lesen. Wir erwarten von Ihnen, dass Sie sie respektieren.\" \/>\n<meta name=\"robots\" content=\"index, follow, max-snippet:-1, max-image-preview:large, max-video-preview:-1\" \/>\n<link rel=\"canonical\" href=\"https:\/\/jachthavenkuikhorne.nl\/de\/wohnmobilstellplaetze\/vorschriften\" \/>\n<meta property=\"og:locale\" content=\"de_DE\" \/>\n<meta property=\"og:type\" content=\"article\" \/>\n<meta property=\"og:title\" content=\"Vorschriften - Jachthaven Kuikhorne\" \/>\n<meta property=\"og:description\" content=\"Bitte nehmen Sie sich einen Moment Zeit, um unsere Campingplatzordnung zu lesen. Wir erwarten von Ihnen, dass Sie sie respektieren.\" \/>\n<meta property=\"og:url\" content=\"https:\/\/jachthavenkuikhorne.nl\/de\/wohnmobilstellplaetze\/vorschriften\" \/>\n<meta property=\"og:site_name\" content=\"Jachthaven Kuikhorne\" \/>\n<meta property=\"article:modified_time\" content=\"2022-05-30T13:01:47+00:00\" \/>\n<meta name=\"twitter:card\" content=\"summary_large_image\" \/>\n<meta name=\"twitter:label1\" content=\"Gesch\u00e4tzte Lesezeit\" \/>\n\t<meta name=\"twitter:data1\" content=\"3\u00a0Minuten\" \/>\n<script type=\"application\/ld+json\" class=\"yoast-schema-graph\">{\"@context\":\"https:\\\/\\\/schema.org\",\"@graph\":[{\"@type\":\"WebPage\",\"@id\":\"https:\\\/\\\/jachthavenkuikhorne.nl\\\/de\\\/wohnmobilstellplaetze\\\/vorschriften\",\"url\":\"https:\\\/\\\/jachthavenkuikhorne.nl\\\/de\\\/wohnmobilstellplaetze\\\/vorschriften\",\"name\":\"Vorschriften - Jachthaven Kuikhorne\",\"isPartOf\":{\"@id\":\"https:\\\/\\\/jachthavenkuikhorne.nl\\\/de\\\/#website\"},\"datePublished\":\"2021-02-15T14:59:05+00:00\",\"dateModified\":\"2022-05-30T13:01:47+00:00\",\"description\":\"Bitte nehmen Sie sich einen Moment Zeit, um unsere Campingplatzordnung zu lesen. Wir erwarten von Ihnen, dass Sie sie respektieren.\",\"breadcrumb\":{\"@id\":\"https:\\\/\\\/jachthavenkuikhorne.nl\\\/de\\\/wohnmobilstellplaetze\\\/vorschriften#breadcrumb\"},\"inLanguage\":\"de\",\"potentialAction\":[{\"@type\":\"ReadAction\",\"target\":[\"https:\\\/\\\/jachthavenkuikhorne.nl\\\/de\\\/wohnmobilstellplaetze\\\/vorschriften\"]}]},{\"@type\":\"BreadcrumbList\",\"@id\":\"https:\\\/\\\/jachthavenkuikhorne.nl\\\/de\\\/wohnmobilstellplaetze\\\/vorschriften#breadcrumb\",\"itemListElement\":[{\"@type\":\"ListItem\",\"position\":1,\"name\":\"Home\",\"item\":\"https:\\\/\\\/jachthavenkuikhorne.nl\\\/de\"},{\"@type\":\"ListItem\",\"position\":2,\"name\":\"Wohnmobilstellpl\u00e4tze\",\"item\":\"https:\\\/\\\/jachthavenkuikhorne.nl\\\/de\\\/camperplaatsen\"},{\"@type\":\"ListItem\",\"position\":3,\"name\":\"Vorschriften\"}]},{\"@type\":\"WebSite\",\"@id\":\"https:\\\/\\\/jachthavenkuikhorne.nl\\\/de\\\/#website\",\"url\":\"https:\\\/\\\/jachthavenkuikhorne.nl\\\/de\\\/\",\"name\":\"Jachthaven Kuikhorne\",\"description\":\"Goed onderhouden jachthaven in Kuikhorne, Friesland\",\"publisher\":{\"@id\":\"https:\\\/\\\/jachthavenkuikhorne.nl\\\/de\\\/#organization\"},\"potentialAction\":[{\"@type\":\"SearchAction\",\"target\":{\"@type\":\"EntryPoint\",\"urlTemplate\":\"https:\\\/\\\/jachthavenkuikhorne.nl\\\/de\\\/?s={search_term_string}\"},\"query-input\":{\"@type\":\"PropertyValueSpecification\",\"valueRequired\":true,\"valueName\":\"search_term_string\"}}],\"inLanguage\":\"de\"},{\"@type\":\"Organization\",\"@id\":\"https:\\\/\\\/jachthavenkuikhorne.nl\\\/de\\\/#organization\",\"name\":\"Jachthaven Kuikhorne\",\"url\":\"https:\\\/\\\/jachthavenkuikhorne.nl\\\/de\\\/\",\"logo\":{\"@type\":\"ImageObject\",\"inLanguage\":\"de\",\"@id\":\"https:\\\/\\\/jachthavenkuikhorne.nl\\\/de\\\/#\\\/schema\\\/logo\\\/image\\\/\",\"url\":\"https:\\\/\\\/jachthavenkuikhorne.nl\\\/wp-content\\\/uploads\\\/2020\\\/11\\\/logo-website-kuikhorne.png\",\"contentUrl\":\"https:\\\/\\\/jachthavenkuikhorne.nl\\\/wp-content\\\/uploads\\\/2020\\\/11\\\/logo-website-kuikhorne.png\",\"width\":198,\"height\":162,\"caption\":\"Jachthaven Kuikhorne\"},\"image\":{\"@id\":\"https:\\\/\\\/jachthavenkuikhorne.nl\\\/de\\\/#\\\/schema\\\/logo\\\/image\\\/\"}}]}<\/script>\n<!-- \/ Yoast SEO plugin. -->","yoast_head_json":{"title":"Vorschriften - Jachthaven Kuikhorne","description":"Bitte nehmen Sie sich einen Moment Zeit, um unsere Campingplatzordnung zu lesen. Wir erwarten von Ihnen, dass Sie sie respektieren.","robots":{"index":"index","follow":"follow","max-snippet":"max-snippet:-1","max-image-preview":"max-image-preview:large","max-video-preview":"max-video-preview:-1"},"canonical":"https:\/\/jachthavenkuikhorne.nl\/de\/wohnmobilstellplaetze\/vorschriften","og_locale":"de_DE","og_type":"article","og_title":"Vorschriften - Jachthaven Kuikhorne","og_description":"Bitte nehmen Sie sich einen Moment Zeit, um unsere Campingplatzordnung zu lesen. Wir erwarten von Ihnen, dass Sie sie respektieren.","og_url":"https:\/\/jachthavenkuikhorne.nl\/de\/wohnmobilstellplaetze\/vorschriften","og_site_name":"Jachthaven Kuikhorne","article_modified_time":"2022-05-30T13:01:47+00:00","twitter_card":"summary_large_image","twitter_misc":{"Gesch\u00e4tzte Lesezeit":"3\u00a0Minuten"},"schema":{"@context":"https:\/\/schema.org","@graph":[{"@type":"WebPage","@id":"https:\/\/jachthavenkuikhorne.nl\/de\/wohnmobilstellplaetze\/vorschriften","url":"https:\/\/jachthavenkuikhorne.nl\/de\/wohnmobilstellplaetze\/vorschriften","name":"Vorschriften - Jachthaven Kuikhorne","isPartOf":{"@id":"https:\/\/jachthavenkuikhorne.nl\/de\/#website"},"datePublished":"2021-02-15T14:59:05+00:00","dateModified":"2022-05-30T13:01:47+00:00","description":"Bitte nehmen Sie sich einen Moment Zeit, um unsere Campingplatzordnung zu lesen. Wir erwarten von Ihnen, dass Sie sie respektieren.","breadcrumb":{"@id":"https:\/\/jachthavenkuikhorne.nl\/de\/wohnmobilstellplaetze\/vorschriften#breadcrumb"},"inLanguage":"de","potentialAction":[{"@type":"ReadAction","target":["https:\/\/jachthavenkuikhorne.nl\/de\/wohnmobilstellplaetze\/vorschriften"]}]},{"@type":"BreadcrumbList","@id":"https:\/\/jachthavenkuikhorne.nl\/de\/wohnmobilstellplaetze\/vorschriften#breadcrumb","itemListElement":[{"@type":"ListItem","position":1,"name":"Home","item":"https:\/\/jachthavenkuikhorne.nl\/de"},{"@type":"ListItem","position":2,"name":"Wohnmobilstellpl\u00e4tze","item":"https:\/\/jachthavenkuikhorne.nl\/de\/camperplaatsen"},{"@type":"ListItem","position":3,"name":"Vorschriften"}]},{"@type":"WebSite","@id":"https:\/\/jachthavenkuikhorne.nl\/de\/#website","url":"https:\/\/jachthavenkuikhorne.nl\/de\/","name":"Jachthaven Kuikhorne","description":"Goed onderhouden jachthaven in Kuikhorne, Friesland","publisher":{"@id":"https:\/\/jachthavenkuikhorne.nl\/de\/#organization"},"potentialAction":[{"@type":"SearchAction","target":{"@type":"EntryPoint","urlTemplate":"https:\/\/jachthavenkuikhorne.nl\/de\/?s={search_term_string}"},"query-input":{"@type":"PropertyValueSpecification","valueRequired":true,"valueName":"search_term_string"}}],"inLanguage":"de"},{"@type":"Organization","@id":"https:\/\/jachthavenkuikhorne.nl\/de\/#organization","name":"Jachthaven Kuikhorne","url":"https:\/\/jachthavenkuikhorne.nl\/de\/","logo":{"@type":"ImageObject","inLanguage":"de","@id":"https:\/\/jachthavenkuikhorne.nl\/de\/#\/schema\/logo\/image\/","url":"https:\/\/jachthavenkuikhorne.nl\/wp-content\/uploads\/2020\/11\/logo-website-kuikhorne.png","contentUrl":"https:\/\/jachthavenkuikhorne.nl\/wp-content\/uploads\/2020\/11\/logo-website-kuikhorne.png","width":198,"height":162,"caption":"Jachthaven Kuikhorne"},"image":{"@id":"https:\/\/jachthavenkuikhorne.nl\/de\/#\/schema\/logo\/image\/"}}]}},"_links":{"self":[{"href":"https:\/\/jachthavenkuikhorne.nl\/de\/index.php?rest_route=\/wp\/v2\/pages\/4033","targetHints":{"allow":["GET"]}}],"collection":[{"href":"https:\/\/jachthavenkuikhorne.nl\/de\/index.php?rest_route=\/wp\/v2\/pages"}],"about":[{"href":"https:\/\/jachthavenkuikhorne.nl\/de\/index.php?rest_route=\/wp\/v2\/types\/page"}],"author":[{"embeddable":true,"href":"https:\/\/jachthavenkuikhorne.nl\/de\/index.php?rest_route=\/wp\/v2\/users\/1"}],"replies":[{"embeddable":true,"href":"https:\/\/jachthavenkuikhorne.nl\/de\/index.php?rest_route=%2Fwp%2Fv2%2Fcomments&post=4033"}],"version-history":[{"count":0,"href":"https:\/\/jachthavenkuikhorne.nl\/de\/index.php?rest_route=\/wp\/v2\/pages\/4033\/revisions"}],"up":[{"embeddable":true,"href":"https:\/\/jachthavenkuikhorne.nl\/de\/index.php?rest_route=\/wp\/v2\/pages\/3537"}],"wp:attachment":[{"href":"https:\/\/jachthavenkuikhorne.nl\/de\/index.php?rest_route=%2Fwp%2Fv2%2Fmedia&parent=4033"}],"wp:term":[{"taxonomy":"category","embeddable":true,"href":"https:\/\/jachthavenkuikhorne.nl\/de\/index.php?rest_route=%2Fwp%2Fv2%2Fcategories&post=4033"},{"taxonomy":"post_tag","embeddable":true,"href":"https:\/\/jachthavenkuikhorne.nl\/de\/index.php?rest_route=%2Fwp%2Fv2%2Ftags&post=4033"}],"curies":[{"name":"wp","href":"https:\/\/api.w.org\/{rel}","templated":true}]}}