{"id":3483,"date":"2020-12-09T11:55:50","date_gmt":"2020-12-09T11:55:50","guid":{"rendered":"https:\/\/wordtaangewerkt.nl\/kuikhorne\/?page_id=3483"},"modified":"2022-05-30T15:25:21","modified_gmt":"2022-05-30T15:25:21","slug":"wandern-und-radfahren","status":"publish","type":"page","link":"https:\/\/jachthavenkuikhorne.nl\/de\/wandern-und-radfahren","title":{"rendered":"Wandern und Radfahren"},"content":{"rendered":"\t\t<div data-elementor-type=\"wp-page\" data-elementor-id=\"3483\" class=\"elementor elementor-3483\" data-elementor-post-type=\"page\">\n\t\t\t\t\t\t<section class=\"elementor-section elementor-top-section elementor-element elementor-element-373f2933 elementor-section-boxed elementor-section-height-default elementor-section-height-default\" data-id=\"373f2933\" data-element_type=\"section\" data-e-type=\"section\">\n\t\t\t\t\t\t<div class=\"elementor-container elementor-column-gap-default\">\n\t\t\t\t\t<div class=\"elementor-column elementor-col-100 elementor-top-column elementor-element elementor-element-451e2208\" data-id=\"451e2208\" data-element_type=\"column\" data-e-type=\"column\">\n\t\t\t<div class=\"elementor-widget-wrap elementor-element-populated\">\n\t\t\t\t\t\t<div class=\"elementor-element elementor-element-c476193 elementor-widget elementor-widget-text-editor\" data-id=\"c476193\" data-element_type=\"widget\" data-e-type=\"widget\" data-widget_type=\"text-editor.default\">\n\t\t\t\t<div class=\"elementor-widget-container\">\n\t\t\t\t\t\t\t\t\t<h1>Wandern und Radfahren<\/h1><p>Die Umgebung eignet sich hervorragend f\u00fcr Rad- und Wandertouren. Anhand der Fahrradknotenpunkte k\u00f6nnen Sie sich die sch\u00f6nsten Routen anzeigen lassen. Im Naturschutzgebiet De Houtwiel kann man hervorragend wandern. Sie k\u00f6nnen bei uns Wander- und Fahrradrouten ausleihen und wir haben auch kostenlose Fahrradkarten, die Sie als Gast ausleihen k\u00f6nnen.<\/p><p>In der Umgebung gibt es zahlreiche Sehensw\u00fcrdigkeiten zu besichtigen. Wir haben einige davon f\u00fcr Sie aufgelistet.<\/p><ul><li>Das Klompenmuseum Scherjon besitzt eine umfangreiche Sammlung von Holzschuhen aus der ganzen Welt. Sie stellen auch Holzschuhe auf traditionelle Art und Weise her.<\/li><li>Kinder von 4-12 Jahren haben viel Spa\u00df im gro\u00dfen Spielpark von Sanjes Fertier.<\/li><li>Liebhaber botanischer G\u00e4rten sollten unbedingt den De Kruidhof besuchen.<\/li><li>Wenn Sie sich f\u00fcr Kulturgeschichte und Schl\u00f6sser interessieren, ist ein Schierstins definitiv etwas f\u00fcr Sie.<\/li><\/ul><p>Es besteht auch die M\u00f6glichkeit, mit dem Zug nach Leeuwarden oder Groningen zu fahren. Oder wie w\u00e4re es mit einem Tag an der frischen Luft auf Ameland oder Schiermonnikoog?<\/p><p>\u00a0<\/p>\t\t\t\t\t\t\t\t<\/div>\n\t\t\t\t<\/div>\n\t\t\t\t<div class=\"elementor-element elementor-element-70bd6b7 elementor-arrows-position-inside elementor-pagination-position-outside elementor-widget elementor-widget-image-carousel\" data-id=\"70bd6b7\" data-element_type=\"widget\" data-e-type=\"widget\" data-settings=\"{&quot;slides_to_show&quot;:&quot;1&quot;,&quot;navigation&quot;:&quot;both&quot;,&quot;autoplay&quot;:&quot;yes&quot;,&quot;pause_on_hover&quot;:&quot;yes&quot;,&quot;pause_on_interaction&quot;:&quot;yes&quot;,&quot;autoplay_speed&quot;:5000,&quot;infinite&quot;:&quot;yes&quot;,&quot;effect&quot;:&quot;slide&quot;,&quot;speed&quot;:500}\" data-widget_type=\"image-carousel.default\">\n\t\t\t\t<div class=\"elementor-widget-container\">\n\t\t\t\t\t\t\t<div class=\"elementor-image-carousel-wrapper swiper\" role=\"region\" aria-roledescription=\"carousel\" aria-label=\"Bild Karussell\" dir=\"ltr\">\n\t\t\t<div class=\"elementor-image-carousel swiper-wrapper\" aria-live=\"off\">\n\t\t\t\t\t\t\t\t<div class=\"swiper-slide\" role=\"group\" aria-roledescription=\"slide\" aria-label=\"1 von 7\"><figure class=\"swiper-slide-inner\"><img decoding=\"async\" class=\"swiper-slide-image\" src=\"https:\/\/jachthavenkuikhorne.nl\/wp-content\/uploads\/elementor\/thumbs\/Jachthaven-Eibertsnest-Houtwiel-r2cwlypg3dcixmrm33n3kcjkav6rvfqj5g62kyfurs.jpg\" alt=\"Prachtige fiets \/ wandel omgeving\" \/><\/figure><\/div><div class=\"swiper-slide\" role=\"group\" aria-roledescription=\"slide\" aria-label=\"2 von 7\"><figure class=\"swiper-slide-inner\"><img decoding=\"async\" class=\"swiper-slide-image\" src=\"https:\/\/jachthavenkuikhorne.nl\/wp-content\/uploads\/elementor\/thumbs\/20160609_194821-scaled-r2cwm3en1jiyjoksbno8etcv9sjlxx96u3fhzc8vwo.jpg\" alt=\"B\u00fbtefjild\" \/><\/figure><\/div><div class=\"swiper-slide\" role=\"group\" aria-roledescription=\"slide\" aria-label=\"3 von 7\"><figure class=\"swiper-slide-inner\"><img decoding=\"async\" class=\"swiper-slide-image\" src=\"https:\/\/jachthavenkuikhorne.nl\/wp-content\/uploads\/elementor\/thumbs\/15271801_646151175565380_7702864913296347298_o-r2cwlwtrpp9yaeuce2tufd0n43g1g1j2h6v3mein48.jpg\" alt=\"Omgeving Jachthaven Kuikhorne\" \/><\/figure><\/div><div class=\"swiper-slide\" role=\"group\" aria-roledescription=\"slide\" aria-label=\"4 von 7\"><figure class=\"swiper-slide-inner\"><img decoding=\"async\" class=\"swiper-slide-image\" src=\"https:\/\/jachthavenkuikhorne.nl\/wp-content\/uploads\/elementor\/thumbs\/IMG20200524134100-r2cwlvvxiv8nysvpjkf7uv96ipko8cfc527m54k1ag.jpg\" alt=\"Butenfjild Feanw\u00e2lden\" \/><\/figure><\/div><div class=\"swiper-slide\" role=\"group\" aria-roledescription=\"slide\" aria-label=\"5 von 7\"><figure class=\"swiper-slide-inner\"><img decoding=\"async\" class=\"swiper-slide-image\" src=\"https:\/\/jachthavenkuikhorne.nl\/wp-content\/uploads\/elementor\/thumbs\/fiets2-r2cwlvvxiv8nysvpjkf7uv96ipko8cfc527m54k1ag.jpg\" alt=\"Omgeving Kuikhorne\" \/><\/figure><\/div><div class=\"swiper-slide\" role=\"group\" aria-roledescription=\"slide\" aria-label=\"6 von 7\"><figure class=\"swiper-slide-inner\"><img decoding=\"async\" class=\"swiper-slide-image\" src=\"https:\/\/jachthavenkuikhorne.nl\/wp-content\/uploads\/elementor\/thumbs\/97992240_3314324245253478_8588403753986555904_n-1-r2cwlwtrpp9yaeuce2tufd0n43g1g1j2h6v3mein48.jpg\" alt=\"Omgeving Jachthaven Kuikhorne\" \/><\/figure><\/div><div class=\"swiper-slide\" role=\"group\" aria-roledescription=\"slide\" aria-label=\"7 von 7\"><figure class=\"swiper-slide-inner\"><img decoding=\"async\" class=\"swiper-slide-image\" src=\"https:\/\/jachthavenkuikhorne.nl\/wp-content\/uploads\/elementor\/thumbs\/20160609_195544-r2cwlwtrpp9yaeuce2tufd0n43g1g1j2h6v3mein48.jpg\" alt=\"20160609_195544\" \/><\/figure><\/div>\t\t\t<\/div>\n\t\t\t\t\t\t\t\t\t\t\t\t<div class=\"elementor-swiper-button elementor-swiper-button-prev\" role=\"button\" tabindex=\"0\">\n\t\t\t\t\t\t<i aria-hidden=\"true\" class=\"eicon-chevron-left\"><\/i>\t\t\t\t\t<\/div>\n\t\t\t\t\t<div class=\"elementor-swiper-button elementor-swiper-button-next\" role=\"button\" tabindex=\"0\">\n\t\t\t\t\t\t<i aria-hidden=\"true\" class=\"eicon-chevron-right\"><\/i>\t\t\t\t\t<\/div>\n\t\t\t\t\n\t\t\t\t\t\t\t\t\t<div class=\"swiper-pagination\"><\/div>\n\t\t\t\t\t\t\t\t\t<\/div>\n\t\t\t\t\t\t<\/div>\n\t\t\t\t<\/div>\n\t\t\t\t\t<\/div>\n\t\t<\/div>\n\t\t\t\t\t<\/div>\n\t\t<\/section>\n\t\t\t\t<\/div>\n\t\t","protected":false},"excerpt":{"rendered":"<p>Wandern und Radfahren Die Umgebung eignet sich hervorragend f\u00fcr Rad- und Wandertouren. Anhand der Fahrradknotenpunkte k\u00f6nnen Sie sich die sch\u00f6nsten Routen anzeigen lassen. Im Naturschutzgebiet De Houtwiel kann man hervorragend wandern. Sie k\u00f6nnen bei uns Wander- und Fahrradrouten ausleihen und wir haben auch kostenlose Fahrradkarten, die Sie als Gast ausleihen k\u00f6nnen. In der Umgebung gibt [&hellip;]<\/p>\n","protected":false},"author":1,"featured_media":2555,"parent":2212,"menu_order":0,"comment_status":"closed","ping_status":"closed","template":"","meta":{"site-sidebar-layout":"default","site-content-layout":"default","ast-site-content-layout":"","site-content-style":"default","site-sidebar-style":"default","ast-global-header-display":"","ast-banner-title-visibility":"","ast-main-header-display":"","ast-hfb-above-header-display":"","ast-hfb-below-header-display":"","ast-hfb-mobile-header-display":"","site-post-title":"disabled","ast-breadcrumbs-content":"disabled","ast-featured-img":"disabled","footer-sml-layout":"","theme-transparent-header-meta":"default","adv-header-id-meta":"","stick-header-meta":"","header-above-stick-meta":"","header-main-stick-meta":"","header-below-stick-meta":"","astra-migrate-meta-layouts":"default","ast-page-background-enabled":"default","ast-page-background-meta":{"desktop":{"background-color":"","background-image":"","background-repeat":"repeat","background-position":"center center","background-size":"auto","background-attachment":"scroll","background-type":"","background-media":"","overlay-type":"","overlay-color":"","overlay-opacity":"","overlay-gradient":""},"tablet":{"background-color":"","background-image":"","background-repeat":"repeat","background-position":"center center","background-size":"auto","background-attachment":"scroll","background-type":"","background-media":"","overlay-type":"","overlay-color":"","overlay-opacity":"","overlay-gradient":""},"mobile":{"background-color":"","background-image":"","background-repeat":"repeat","background-position":"center center","background-size":"auto","background-attachment":"scroll","background-type":"","background-media":"","overlay-type":"","overlay-color":"","overlay-opacity":"","overlay-gradient":""}},"ast-content-background-meta":{"desktop":{"background-color":"var(--ast-global-color-5)","background-image":"","background-repeat":"repeat","background-position":"center center","background-size":"auto","background-attachment":"scroll","background-type":"","background-media":"","overlay-type":"","overlay-color":"","overlay-opacity":"","overlay-gradient":""},"tablet":{"background-color":"var(--ast-global-color-5)","background-image":"","background-repeat":"repeat","background-position":"center center","background-size":"auto","background-attachment":"scroll","background-type":"","background-media":"","overlay-type":"","overlay-color":"","overlay-opacity":"","overlay-gradient":""},"mobile":{"background-color":"var(--ast-global-color-5)","background-image":"","background-repeat":"repeat","background-position":"center center","background-size":"auto","background-attachment":"scroll","background-type":"","background-media":"","overlay-type":"","overlay-color":"","overlay-opacity":"","overlay-gradient":""}},"footnotes":""},"categories":[31],"tags":[],"class_list":["post-3483","page","type-page","status-publish","has-post-thumbnail","hentry","category-umgebung"],"yoast_head":"<!-- This site is optimized with the Yoast SEO plugin v27.3 - https:\/\/yoast.com\/product\/yoast-seo-wordpress\/ -->\n<title>Wandern und Radfahren - Yachthafen Kuikhorne<\/title>\n<meta name=\"description\" content=\"In der Umgebung des Jachthafens Kuikhorne k\u00f6nnen Sie sch\u00f6ne Wanderungen und Radtouren unternehmen. Wir geben auch gerne Tipps f\u00fcr Ausfl\u00fcge.\" \/>\n<meta name=\"robots\" content=\"index, follow, max-snippet:-1, max-image-preview:large, max-video-preview:-1\" \/>\n<link rel=\"canonical\" href=\"https:\/\/jachthavenkuikhorne.nl\/de\/wandern-und-radfahren\" \/>\n<meta property=\"og:locale\" content=\"de_DE\" \/>\n<meta property=\"og:type\" content=\"article\" \/>\n<meta property=\"og:title\" content=\"Wandern und Radfahren - Yachthafen Kuikhorne\" \/>\n<meta property=\"og:description\" content=\"In der Umgebung des Jachthafens Kuikhorne k\u00f6nnen Sie sch\u00f6ne Wanderungen und Radtouren unternehmen. Wir geben auch gerne Tipps f\u00fcr Ausfl\u00fcge.\" \/>\n<meta property=\"og:url\" content=\"https:\/\/jachthavenkuikhorne.nl\/de\/wandern-und-radfahren\" \/>\n<meta property=\"og:site_name\" content=\"Jachthaven Kuikhorne\" \/>\n<meta property=\"article:modified_time\" content=\"2022-05-30T15:25:21+00:00\" \/>\n<meta property=\"og:image\" content=\"https:\/\/jachthavenkuikhorne.nl\/wp-content\/uploads\/2013\/03\/10557490-331471817023816-7853207549959673268-o.jpg\" \/>\n\t<meta property=\"og:image:width\" content=\"2048\" \/>\n\t<meta property=\"og:image:height\" content=\"1370\" \/>\n\t<meta property=\"og:image:type\" content=\"image\/jpeg\" \/>\n<meta name=\"twitter:card\" content=\"summary_large_image\" \/>\n<meta name=\"twitter:label1\" content=\"Gesch\u00e4tzte Lesezeit\" \/>\n\t<meta name=\"twitter:data1\" content=\"3\u00a0Minuten\" \/>\n<script type=\"application\/ld+json\" class=\"yoast-schema-graph\">{\"@context\":\"https:\\\/\\\/schema.org\",\"@graph\":[{\"@type\":\"WebPage\",\"@id\":\"https:\\\/\\\/jachthavenkuikhorne.nl\\\/de\\\/wandern-und-radfahren\",\"url\":\"https:\\\/\\\/jachthavenkuikhorne.nl\\\/de\\\/wandern-und-radfahren\",\"name\":\"Wandern und Radfahren - Yachthafen Kuikhorne\",\"isPartOf\":{\"@id\":\"https:\\\/\\\/jachthavenkuikhorne.nl\\\/de\\\/#website\"},\"primaryImageOfPage\":{\"@id\":\"https:\\\/\\\/jachthavenkuikhorne.nl\\\/de\\\/wandern-und-radfahren#primaryimage\"},\"image\":{\"@id\":\"https:\\\/\\\/jachthavenkuikhorne.nl\\\/de\\\/wandern-und-radfahren#primaryimage\"},\"thumbnailUrl\":\"https:\\\/\\\/jachthavenkuikhorne.nl\\\/wp-content\\\/uploads\\\/2013\\\/03\\\/10557490-331471817023816-7853207549959673268-o.jpg\",\"datePublished\":\"2020-12-09T11:55:50+00:00\",\"dateModified\":\"2022-05-30T15:25:21+00:00\",\"description\":\"In der Umgebung des Jachthafens Kuikhorne k\u00f6nnen Sie sch\u00f6ne Wanderungen und Radtouren unternehmen. Wir geben auch gerne Tipps f\u00fcr Ausfl\u00fcge.\",\"breadcrumb\":{\"@id\":\"https:\\\/\\\/jachthavenkuikhorne.nl\\\/de\\\/wandern-und-radfahren#breadcrumb\"},\"inLanguage\":\"de\",\"potentialAction\":[{\"@type\":\"ReadAction\",\"target\":[\"https:\\\/\\\/jachthavenkuikhorne.nl\\\/de\\\/wandern-und-radfahren\"]}]},{\"@type\":\"ImageObject\",\"inLanguage\":\"de\",\"@id\":\"https:\\\/\\\/jachthavenkuikhorne.nl\\\/de\\\/wandern-und-radfahren#primaryimage\",\"url\":\"https:\\\/\\\/jachthavenkuikhorne.nl\\\/wp-content\\\/uploads\\\/2013\\\/03\\\/10557490-331471817023816-7853207549959673268-o.jpg\",\"contentUrl\":\"https:\\\/\\\/jachthavenkuikhorne.nl\\\/wp-content\\\/uploads\\\/2013\\\/03\\\/10557490-331471817023816-7853207549959673268-o.jpg\",\"width\":2048,\"height\":1370,\"caption\":\"Burdaard\"},{\"@type\":\"BreadcrumbList\",\"@id\":\"https:\\\/\\\/jachthavenkuikhorne.nl\\\/de\\\/wandern-und-radfahren#breadcrumb\",\"itemListElement\":[{\"@type\":\"ListItem\",\"position\":1,\"name\":\"Home\",\"item\":\"https:\\\/\\\/jachthavenkuikhorne.nl\\\/de\"},{\"@type\":\"ListItem\",\"position\":2,\"name\":\"Umgebung\",\"item\":\"https:\\\/\\\/jachthavenkuikhorne.nl\\\/de\\\/omgeving\"},{\"@type\":\"ListItem\",\"position\":3,\"name\":\"Wandern und Radfahren\"}]},{\"@type\":\"WebSite\",\"@id\":\"https:\\\/\\\/jachthavenkuikhorne.nl\\\/de\\\/#website\",\"url\":\"https:\\\/\\\/jachthavenkuikhorne.nl\\\/de\\\/\",\"name\":\"Jachthaven Kuikhorne\",\"description\":\"Goed onderhouden jachthaven in Kuikhorne, Friesland\",\"publisher\":{\"@id\":\"https:\\\/\\\/jachthavenkuikhorne.nl\\\/de\\\/#organization\"},\"potentialAction\":[{\"@type\":\"SearchAction\",\"target\":{\"@type\":\"EntryPoint\",\"urlTemplate\":\"https:\\\/\\\/jachthavenkuikhorne.nl\\\/de\\\/?s={search_term_string}\"},\"query-input\":{\"@type\":\"PropertyValueSpecification\",\"valueRequired\":true,\"valueName\":\"search_term_string\"}}],\"inLanguage\":\"de\"},{\"@type\":\"Organization\",\"@id\":\"https:\\\/\\\/jachthavenkuikhorne.nl\\\/de\\\/#organization\",\"name\":\"Jachthaven Kuikhorne\",\"url\":\"https:\\\/\\\/jachthavenkuikhorne.nl\\\/de\\\/\",\"logo\":{\"@type\":\"ImageObject\",\"inLanguage\":\"de\",\"@id\":\"https:\\\/\\\/jachthavenkuikhorne.nl\\\/de\\\/#\\\/schema\\\/logo\\\/image\\\/\",\"url\":\"https:\\\/\\\/jachthavenkuikhorne.nl\\\/wp-content\\\/uploads\\\/2020\\\/11\\\/logo-website-kuikhorne.png\",\"contentUrl\":\"https:\\\/\\\/jachthavenkuikhorne.nl\\\/wp-content\\\/uploads\\\/2020\\\/11\\\/logo-website-kuikhorne.png\",\"width\":198,\"height\":162,\"caption\":\"Jachthaven Kuikhorne\"},\"image\":{\"@id\":\"https:\\\/\\\/jachthavenkuikhorne.nl\\\/de\\\/#\\\/schema\\\/logo\\\/image\\\/\"}}]}<\/script>\n<!-- \/ Yoast SEO plugin. -->","yoast_head_json":{"title":"Wandern und Radfahren - Yachthafen Kuikhorne","description":"In der Umgebung des Jachthafens Kuikhorne k\u00f6nnen Sie sch\u00f6ne Wanderungen und Radtouren unternehmen. Wir geben auch gerne Tipps f\u00fcr Ausfl\u00fcge.","robots":{"index":"index","follow":"follow","max-snippet":"max-snippet:-1","max-image-preview":"max-image-preview:large","max-video-preview":"max-video-preview:-1"},"canonical":"https:\/\/jachthavenkuikhorne.nl\/de\/wandern-und-radfahren","og_locale":"de_DE","og_type":"article","og_title":"Wandern und Radfahren - Yachthafen Kuikhorne","og_description":"In der Umgebung des Jachthafens Kuikhorne k\u00f6nnen Sie sch\u00f6ne Wanderungen und Radtouren unternehmen. Wir geben auch gerne Tipps f\u00fcr Ausfl\u00fcge.","og_url":"https:\/\/jachthavenkuikhorne.nl\/de\/wandern-und-radfahren","og_site_name":"Jachthaven Kuikhorne","article_modified_time":"2022-05-30T15:25:21+00:00","og_image":[{"width":2048,"height":1370,"url":"https:\/\/jachthavenkuikhorne.nl\/wp-content\/uploads\/2013\/03\/10557490-331471817023816-7853207549959673268-o.jpg","type":"image\/jpeg"}],"twitter_card":"summary_large_image","twitter_misc":{"Gesch\u00e4tzte Lesezeit":"3\u00a0Minuten"},"schema":{"@context":"https:\/\/schema.org","@graph":[{"@type":"WebPage","@id":"https:\/\/jachthavenkuikhorne.nl\/de\/wandern-und-radfahren","url":"https:\/\/jachthavenkuikhorne.nl\/de\/wandern-und-radfahren","name":"Wandern und Radfahren - Yachthafen Kuikhorne","isPartOf":{"@id":"https:\/\/jachthavenkuikhorne.nl\/de\/#website"},"primaryImageOfPage":{"@id":"https:\/\/jachthavenkuikhorne.nl\/de\/wandern-und-radfahren#primaryimage"},"image":{"@id":"https:\/\/jachthavenkuikhorne.nl\/de\/wandern-und-radfahren#primaryimage"},"thumbnailUrl":"https:\/\/jachthavenkuikhorne.nl\/wp-content\/uploads\/2013\/03\/10557490-331471817023816-7853207549959673268-o.jpg","datePublished":"2020-12-09T11:55:50+00:00","dateModified":"2022-05-30T15:25:21+00:00","description":"In der Umgebung des Jachthafens Kuikhorne k\u00f6nnen Sie sch\u00f6ne Wanderungen und Radtouren unternehmen. Wir geben auch gerne Tipps f\u00fcr Ausfl\u00fcge.","breadcrumb":{"@id":"https:\/\/jachthavenkuikhorne.nl\/de\/wandern-und-radfahren#breadcrumb"},"inLanguage":"de","potentialAction":[{"@type":"ReadAction","target":["https:\/\/jachthavenkuikhorne.nl\/de\/wandern-und-radfahren"]}]},{"@type":"ImageObject","inLanguage":"de","@id":"https:\/\/jachthavenkuikhorne.nl\/de\/wandern-und-radfahren#primaryimage","url":"https:\/\/jachthavenkuikhorne.nl\/wp-content\/uploads\/2013\/03\/10557490-331471817023816-7853207549959673268-o.jpg","contentUrl":"https:\/\/jachthavenkuikhorne.nl\/wp-content\/uploads\/2013\/03\/10557490-331471817023816-7853207549959673268-o.jpg","width":2048,"height":1370,"caption":"Burdaard"},{"@type":"BreadcrumbList","@id":"https:\/\/jachthavenkuikhorne.nl\/de\/wandern-und-radfahren#breadcrumb","itemListElement":[{"@type":"ListItem","position":1,"name":"Home","item":"https:\/\/jachthavenkuikhorne.nl\/de"},{"@type":"ListItem","position":2,"name":"Umgebung","item":"https:\/\/jachthavenkuikhorne.nl\/de\/omgeving"},{"@type":"ListItem","position":3,"name":"Wandern und Radfahren"}]},{"@type":"WebSite","@id":"https:\/\/jachthavenkuikhorne.nl\/de\/#website","url":"https:\/\/jachthavenkuikhorne.nl\/de\/","name":"Jachthaven Kuikhorne","description":"Goed onderhouden jachthaven in Kuikhorne, Friesland","publisher":{"@id":"https:\/\/jachthavenkuikhorne.nl\/de\/#organization"},"potentialAction":[{"@type":"SearchAction","target":{"@type":"EntryPoint","urlTemplate":"https:\/\/jachthavenkuikhorne.nl\/de\/?s={search_term_string}"},"query-input":{"@type":"PropertyValueSpecification","valueRequired":true,"valueName":"search_term_string"}}],"inLanguage":"de"},{"@type":"Organization","@id":"https:\/\/jachthavenkuikhorne.nl\/de\/#organization","name":"Jachthaven Kuikhorne","url":"https:\/\/jachthavenkuikhorne.nl\/de\/","logo":{"@type":"ImageObject","inLanguage":"de","@id":"https:\/\/jachthavenkuikhorne.nl\/de\/#\/schema\/logo\/image\/","url":"https:\/\/jachthavenkuikhorne.nl\/wp-content\/uploads\/2020\/11\/logo-website-kuikhorne.png","contentUrl":"https:\/\/jachthavenkuikhorne.nl\/wp-content\/uploads\/2020\/11\/logo-website-kuikhorne.png","width":198,"height":162,"caption":"Jachthaven Kuikhorne"},"image":{"@id":"https:\/\/jachthavenkuikhorne.nl\/de\/#\/schema\/logo\/image\/"}}]}},"_links":{"self":[{"href":"https:\/\/jachthavenkuikhorne.nl\/de\/index.php?rest_route=\/wp\/v2\/pages\/3483","targetHints":{"allow":["GET"]}}],"collection":[{"href":"https:\/\/jachthavenkuikhorne.nl\/de\/index.php?rest_route=\/wp\/v2\/pages"}],"about":[{"href":"https:\/\/jachthavenkuikhorne.nl\/de\/index.php?rest_route=\/wp\/v2\/types\/page"}],"author":[{"embeddable":true,"href":"https:\/\/jachthavenkuikhorne.nl\/de\/index.php?rest_route=\/wp\/v2\/users\/1"}],"replies":[{"embeddable":true,"href":"https:\/\/jachthavenkuikhorne.nl\/de\/index.php?rest_route=%2Fwp%2Fv2%2Fcomments&post=3483"}],"version-history":[{"count":0,"href":"https:\/\/jachthavenkuikhorne.nl\/de\/index.php?rest_route=\/wp\/v2\/pages\/3483\/revisions"}],"up":[{"embeddable":true,"href":"https:\/\/jachthavenkuikhorne.nl\/de\/index.php?rest_route=\/wp\/v2\/pages\/2212"}],"wp:featuredmedia":[{"embeddable":true,"href":"https:\/\/jachthavenkuikhorne.nl\/de\/index.php?rest_route=\/wp\/v2\/media\/2555"}],"wp:attachment":[{"href":"https:\/\/jachthavenkuikhorne.nl\/de\/index.php?rest_route=%2Fwp%2Fv2%2Fmedia&parent=3483"}],"wp:term":[{"taxonomy":"category","embeddable":true,"href":"https:\/\/jachthavenkuikhorne.nl\/de\/index.php?rest_route=%2Fwp%2Fv2%2Fcategories&post=3483"},{"taxonomy":"post_tag","embeddable":true,"href":"https:\/\/jachthavenkuikhorne.nl\/de\/index.php?rest_route=%2Fwp%2Fv2%2Ftags&post=3483"}],"curies":[{"name":"wp","href":"https:\/\/api.w.org\/{rel}","templated":true}]}}