{"id":2598,"date":"2020-11-19T09:51:54","date_gmt":"2020-11-19T09:51:54","guid":{"rendered":"https:\/\/wordtaangewerkt.nl\/kuikhorne\/?page_id=2598"},"modified":"2025-01-21T18:14:26","modified_gmt":"2025-01-21T18:14:26","slug":"yachthafen-passantenhafen","status":"publish","type":"page","link":"https:\/\/jachthavenkuikhorne.nl\/de\/passantenhafen","title":{"rendered":"Passantenhafen"},"content":{"rendered":"\t\t<div data-elementor-type=\"wp-page\" data-elementor-id=\"2598\" class=\"elementor elementor-2598\" data-elementor-post-type=\"page\">\n\t\t\t\t\t\t<section class=\"elementor-section elementor-top-section elementor-element elementor-element-766c799b elementor-section-boxed elementor-section-height-default elementor-section-height-default\" data-id=\"766c799b\" data-element_type=\"section\" data-e-type=\"section\">\n\t\t\t\t\t\t<div class=\"elementor-container elementor-column-gap-default\">\n\t\t\t\t\t<div class=\"elementor-column elementor-col-100 elementor-top-column elementor-element elementor-element-69d53db4\" data-id=\"69d53db4\" data-element_type=\"column\" data-e-type=\"column\">\n\t\t\t<div class=\"elementor-widget-wrap elementor-element-populated\">\n\t\t\t\t\t\t<div class=\"elementor-element elementor-element-6e0741ce elementor-widget elementor-widget-text-editor\" data-id=\"6e0741ce\" data-element_type=\"widget\" data-e-type=\"widget\" data-widget_type=\"text-editor.default\">\n\t\t\t\t<div class=\"elementor-widget-container\">\n\t\t\t\t\t\t\t\t\t<h1>Passantenhafen mit umfangreicher Ausstattung<\/h1>\n<h2>Kostenloses WLAN und sch\u00f6ne Liegepl\u00e4tze<\/h2>\n<p>Der Yachthafen Kuikhorne ist ein attraktiver Passantenhafen in De Westereen. Ein idealer Ort, um einige Tage anzulegen.<\/p>\n<p>Ihnen stehen gro\u00dfz\u00fcgige Liegepl\u00e4tze und eine ausgezeichnete&nbsp;<a href=\"https:\/\/jachthavenkuikhorne.nl\/de\/ausstattung\/\">Ausstattung<\/a>&nbsp;zur Verf\u00fcgung. Zum Beispiel ein beheiztes Sanit\u00e4rgeb\u00e4ude.<\/p>\n<p>Zwei Kilometer vom Yachthafen Kuikhorne entfernt liegt ein Dorf mit guten Einkaufsm\u00f6glichkeiten. Hier k\u00f6nnen Sie sich mit Proviant eindecken.<\/p>\n<p>In der direkten&nbsp;<a href=\"https:\/\/jachthavenkuikhorne.nl\/de\/umgebung\/\">Umgebung<\/a>&nbsp;gibt es einiges zu tun und zu erleben. Zum Beispiel wunderbare Wanderungen oder ausgiebige Radtouren, nach Dokkum oder Bergum ((Rad-)Wanderkarten vorhanden).<\/p>\n<p>Nur zwei Kilometer entfernt liegt der Bahnhof von De Westereen mit direkten Verbindungen nach Groningen und Leeuwarden. Zwei St\u00e4dte, die einen Besuch mehr als wert sind.<\/p>\n<p>Und wenn Sie f\u00fcr ein paar Tage nach Hause m\u00f6chten, ist eine gute Zuganbindung immer sinnvoll.<br>Gegen ein kleines ( \u20ac 50.- pro Woche )Entgelt behalten wir in der Zwischenzeit Ihr Boot im Auge.<\/p>\n<p>Kurtaxe \u20ac 1.00 p.p<\/p>\n<h3>Preise f\u00fcr Passanten<\/h3>\n<table style=\"width: 435px;\" border=\"0\" cellspacing=\"0\" cellpadding=\"0\">\n<colgroup>\n<col width=\"371\">\n<col width=\"64\"> <\/colgroup>\n<tbody>\n<tr>\n<td width=\"371\" height=\"20\">Boot, pro Meter<\/td>\n<td align=\"right\" width=\"64\">\u20ac1,25<\/td>\n<\/tr>\n<tr>\n<td height=\"20\">Strom, M\u00fcnzautomat (f\u00fcr 24 Std., max. 2&nbsp;KwH)<\/td>\n<td align=\"right\">\u20ac1,00<\/td>\n<\/tr>\n<tr>\n<td height=\"20\">Wasser, M\u00fcnzautomat<\/td>\n<td align=\"right\">\u20ac1,00<\/td>\n<\/tr>\n<tr>\n<td height=\"20\">Duschen (4,5 Minuten), M\u00fcnzautomat<\/td>\n<td align=\"right\">\u20ac0,50<\/td>\n<\/tr>\n<tr>\n<td height=\"20\">Waschmaschine (inkl. Waschmittel)<\/td>\n<td align=\"right\">\u20ac4,50<\/td>\n<\/tr>\n<tr>\n<td height=\"20\">Trockner<\/td>\n<td align=\"right\">\n<p>\u20ac4,50<\/p>\n<p><\/p>\n<\/td>\n<\/tr>\n<\/tbody>\n<\/table>\t\t\t\t\t\t\t\t<\/div>\n\t\t\t\t<\/div>\n\t\t\t\t\t<\/div>\n\t\t<\/div>\n\t\t\t\t\t<\/div>\n\t\t<\/section>\n\t\t\t\t<\/div>\n\t\t","protected":false},"excerpt":{"rendered":"<p>Passantenhafen mit umfangreicher Ausstattung Kostenloses WLAN und sch\u00f6ne Liegepl\u00e4tze Der Yachthafen Kuikhorne ist ein attraktiver Passantenhafen in De Westereen. Ein idealer Ort, um einige Tage anzulegen. Ihnen stehen gro\u00dfz\u00fcgige Liegepl\u00e4tze und eine ausgezeichnete&nbsp;Ausstattung&nbsp;zur Verf\u00fcgung. Zum Beispiel ein beheiztes Sanit\u00e4rgeb\u00e4ude. Zwei Kilometer vom Yachthafen Kuikhorne entfernt liegt ein Dorf mit guten Einkaufsm\u00f6glichkeiten. Hier k\u00f6nnen Sie sich [&hellip;]<\/p>\n","protected":false},"author":1,"featured_media":2546,"parent":3976,"menu_order":0,"comment_status":"closed","ping_status":"closed","template":"","meta":{"site-sidebar-layout":"default","site-content-layout":"default","ast-site-content-layout":"","site-content-style":"default","site-sidebar-style":"default","ast-global-header-display":"","ast-banner-title-visibility":"","ast-main-header-display":"","ast-hfb-above-header-display":"","ast-hfb-below-header-display":"","ast-hfb-mobile-header-display":"","site-post-title":"disabled","ast-breadcrumbs-content":"disabled","ast-featured-img":"disabled","footer-sml-layout":"","theme-transparent-header-meta":"default","adv-header-id-meta":"","stick-header-meta":"","header-above-stick-meta":"","header-main-stick-meta":"","header-below-stick-meta":"","astra-migrate-meta-layouts":"default","ast-page-background-enabled":"default","ast-page-background-meta":{"desktop":{"background-color":"","background-image":"","background-repeat":"repeat","background-position":"center center","background-size":"auto","background-attachment":"scroll","background-type":"","background-media":"","overlay-type":"","overlay-color":"","overlay-opacity":"","overlay-gradient":""},"tablet":{"background-color":"","background-image":"","background-repeat":"repeat","background-position":"center center","background-size":"auto","background-attachment":"scroll","background-type":"","background-media":"","overlay-type":"","overlay-color":"","overlay-opacity":"","overlay-gradient":""},"mobile":{"background-color":"","background-image":"","background-repeat":"repeat","background-position":"center center","background-size":"auto","background-attachment":"scroll","background-type":"","background-media":"","overlay-type":"","overlay-color":"","overlay-opacity":"","overlay-gradient":""}},"ast-content-background-meta":{"desktop":{"background-color":"var(--ast-global-color-5)","background-image":"","background-repeat":"repeat","background-position":"center center","background-size":"auto","background-attachment":"scroll","background-type":"","background-media":"","overlay-type":"","overlay-color":"","overlay-opacity":"","overlay-gradient":""},"tablet":{"background-color":"var(--ast-global-color-5)","background-image":"","background-repeat":"repeat","background-position":"center center","background-size":"auto","background-attachment":"scroll","background-type":"","background-media":"","overlay-type":"","overlay-color":"","overlay-opacity":"","overlay-gradient":""},"mobile":{"background-color":"var(--ast-global-color-5)","background-image":"","background-repeat":"repeat","background-position":"center center","background-size":"auto","background-attachment":"scroll","background-type":"","background-media":"","overlay-type":"","overlay-color":"","overlay-opacity":"","overlay-gradient":""}},"footnotes":""},"categories":[],"tags":[],"class_list":["post-2598","page","type-page","status-publish","has-post-thumbnail","hentry"],"yoast_head":"<!-- This site is optimized with the Yoast SEO plugin v27.6 - https:\/\/yoast.com\/product\/yoast-seo-wordpress\/ -->\n<title>Passantenhafen - Jachthaven Kuikhorne<\/title>\n<meta name=\"description\" content=\"Der Yachthafen Kuikhorne ist ein attraktiver Passantenhafen in De Westereen, in herzen von Friesland.\" \/>\n<meta name=\"robots\" content=\"index, follow, max-snippet:-1, max-image-preview:large, max-video-preview:-1\" \/>\n<link rel=\"canonical\" href=\"https:\/\/jachthavenkuikhorne.nl\/de\/passantenhafen\" \/>\n<meta property=\"og:locale\" content=\"de_DE\" \/>\n<meta property=\"og:type\" content=\"article\" \/>\n<meta property=\"og:title\" content=\"Passantenhafen - Jachthaven Kuikhorne\" \/>\n<meta property=\"og:description\" content=\"Der Yachthafen Kuikhorne ist ein attraktiver Passantenhafen in De Westereen, in herzen von Friesland.\" \/>\n<meta property=\"og:url\" content=\"https:\/\/jachthavenkuikhorne.nl\/de\/passantenhafen\" \/>\n<meta property=\"og:site_name\" content=\"Jachthaven Kuikhorne\" \/>\n<meta property=\"article:modified_time\" content=\"2025-01-21T18:14:26+00:00\" \/>\n<meta property=\"og:image\" content=\"https:\/\/jachthavenkuikhorne.nl\/wp-content\/uploads\/2013\/03\/DSC06148-scaled.jpg\" \/>\n\t<meta property=\"og:image:width\" content=\"2560\" \/>\n\t<meta property=\"og:image:height\" content=\"1092\" \/>\n\t<meta property=\"og:image:type\" content=\"image\/jpeg\" \/>\n<meta name=\"twitter:card\" content=\"summary_large_image\" \/>\n<meta name=\"twitter:label1\" content=\"Gesch\u00e4tzte Lesezeit\" \/>\n\t<meta name=\"twitter:data1\" content=\"1\u00a0Minute\" \/>\n<script type=\"application\/ld+json\" class=\"yoast-schema-graph\">{\"@context\":\"https:\\\/\\\/schema.org\",\"@graph\":[{\"@type\":\"WebPage\",\"@id\":\"https:\\\/\\\/jachthavenkuikhorne.nl\\\/de\\\/passantenhafen\",\"url\":\"https:\\\/\\\/jachthavenkuikhorne.nl\\\/de\\\/passantenhafen\",\"name\":\"Passantenhafen - Jachthaven Kuikhorne\",\"isPartOf\":{\"@id\":\"https:\\\/\\\/jachthavenkuikhorne.nl\\\/de\\\/#website\"},\"primaryImageOfPage\":{\"@id\":\"https:\\\/\\\/jachthavenkuikhorne.nl\\\/de\\\/passantenhafen#primaryimage\"},\"image\":{\"@id\":\"https:\\\/\\\/jachthavenkuikhorne.nl\\\/de\\\/passantenhafen#primaryimage\"},\"thumbnailUrl\":\"https:\\\/\\\/jachthavenkuikhorne.nl\\\/wp-content\\\/uploads\\\/2013\\\/03\\\/DSC06148-scaled.jpg\",\"datePublished\":\"2020-11-19T09:51:54+00:00\",\"dateModified\":\"2025-01-21T18:14:26+00:00\",\"description\":\"Der Yachthafen Kuikhorne ist ein attraktiver Passantenhafen in De Westereen, in herzen von Friesland.\",\"breadcrumb\":{\"@id\":\"https:\\\/\\\/jachthavenkuikhorne.nl\\\/de\\\/passantenhafen#breadcrumb\"},\"inLanguage\":\"de\",\"potentialAction\":[{\"@type\":\"ReadAction\",\"target\":[\"https:\\\/\\\/jachthavenkuikhorne.nl\\\/de\\\/passantenhafen\"]}]},{\"@type\":\"ImageObject\",\"inLanguage\":\"de\",\"@id\":\"https:\\\/\\\/jachthavenkuikhorne.nl\\\/de\\\/passantenhafen#primaryimage\",\"url\":\"https:\\\/\\\/jachthavenkuikhorne.nl\\\/wp-content\\\/uploads\\\/2013\\\/03\\\/DSC06148-scaled.jpg\",\"contentUrl\":\"https:\\\/\\\/jachthavenkuikhorne.nl\\\/wp-content\\\/uploads\\\/2013\\\/03\\\/DSC06148-scaled.jpg\",\"width\":2560,\"height\":1092,\"caption\":\"passantenplaatsen\"},{\"@type\":\"BreadcrumbList\",\"@id\":\"https:\\\/\\\/jachthavenkuikhorne.nl\\\/de\\\/passantenhafen#breadcrumb\",\"itemListElement\":[{\"@type\":\"ListItem\",\"position\":1,\"name\":\"Home\",\"item\":\"https:\\\/\\\/jachthavenkuikhorne.nl\\\/de\"},{\"@type\":\"ListItem\",\"position\":2,\"name\":\"Yachthafen\",\"item\":\"https:\\\/\\\/jachthavenkuikhorne.nl\\\/de\\\/jachthaven\"},{\"@type\":\"ListItem\",\"position\":3,\"name\":\"Passantenhafen\"}]},{\"@type\":\"WebSite\",\"@id\":\"https:\\\/\\\/jachthavenkuikhorne.nl\\\/de\\\/#website\",\"url\":\"https:\\\/\\\/jachthavenkuikhorne.nl\\\/de\\\/\",\"name\":\"Jachthaven Kuikhorne\",\"description\":\"Goed onderhouden jachthaven in Kuikhorne, Friesland\",\"publisher\":{\"@id\":\"https:\\\/\\\/jachthavenkuikhorne.nl\\\/de\\\/#organization\"},\"potentialAction\":[{\"@type\":\"SearchAction\",\"target\":{\"@type\":\"EntryPoint\",\"urlTemplate\":\"https:\\\/\\\/jachthavenkuikhorne.nl\\\/de\\\/?s={search_term_string}\"},\"query-input\":{\"@type\":\"PropertyValueSpecification\",\"valueRequired\":true,\"valueName\":\"search_term_string\"}}],\"inLanguage\":\"de\"},{\"@type\":\"Organization\",\"@id\":\"https:\\\/\\\/jachthavenkuikhorne.nl\\\/de\\\/#organization\",\"name\":\"Jachthaven Kuikhorne\",\"url\":\"https:\\\/\\\/jachthavenkuikhorne.nl\\\/de\\\/\",\"logo\":{\"@type\":\"ImageObject\",\"inLanguage\":\"de\",\"@id\":\"https:\\\/\\\/jachthavenkuikhorne.nl\\\/de\\\/#\\\/schema\\\/logo\\\/image\\\/\",\"url\":\"https:\\\/\\\/jachthavenkuikhorne.nl\\\/wp-content\\\/uploads\\\/2020\\\/11\\\/logo-website-kuikhorne.png\",\"contentUrl\":\"https:\\\/\\\/jachthavenkuikhorne.nl\\\/wp-content\\\/uploads\\\/2020\\\/11\\\/logo-website-kuikhorne.png\",\"width\":198,\"height\":162,\"caption\":\"Jachthaven Kuikhorne\"},\"image\":{\"@id\":\"https:\\\/\\\/jachthavenkuikhorne.nl\\\/de\\\/#\\\/schema\\\/logo\\\/image\\\/\"}}]}<\/script>\n<!-- \/ Yoast SEO plugin. -->","yoast_head_json":{"title":"Passantenhafen - Jachthaven Kuikhorne","description":"Der Yachthafen Kuikhorne ist ein attraktiver Passantenhafen in De Westereen, in herzen von Friesland.","robots":{"index":"index","follow":"follow","max-snippet":"max-snippet:-1","max-image-preview":"max-image-preview:large","max-video-preview":"max-video-preview:-1"},"canonical":"https:\/\/jachthavenkuikhorne.nl\/de\/passantenhafen","og_locale":"de_DE","og_type":"article","og_title":"Passantenhafen - Jachthaven Kuikhorne","og_description":"Der Yachthafen Kuikhorne ist ein attraktiver Passantenhafen in De Westereen, in herzen von Friesland.","og_url":"https:\/\/jachthavenkuikhorne.nl\/de\/passantenhafen","og_site_name":"Jachthaven Kuikhorne","article_modified_time":"2025-01-21T18:14:26+00:00","og_image":[{"width":2560,"height":1092,"url":"https:\/\/jachthavenkuikhorne.nl\/wp-content\/uploads\/2013\/03\/DSC06148-scaled.jpg","type":"image\/jpeg"}],"twitter_card":"summary_large_image","twitter_misc":{"Gesch\u00e4tzte Lesezeit":"1\u00a0Minute"},"schema":{"@context":"https:\/\/schema.org","@graph":[{"@type":"WebPage","@id":"https:\/\/jachthavenkuikhorne.nl\/de\/passantenhafen","url":"https:\/\/jachthavenkuikhorne.nl\/de\/passantenhafen","name":"Passantenhafen - Jachthaven Kuikhorne","isPartOf":{"@id":"https:\/\/jachthavenkuikhorne.nl\/de\/#website"},"primaryImageOfPage":{"@id":"https:\/\/jachthavenkuikhorne.nl\/de\/passantenhafen#primaryimage"},"image":{"@id":"https:\/\/jachthavenkuikhorne.nl\/de\/passantenhafen#primaryimage"},"thumbnailUrl":"https:\/\/jachthavenkuikhorne.nl\/wp-content\/uploads\/2013\/03\/DSC06148-scaled.jpg","datePublished":"2020-11-19T09:51:54+00:00","dateModified":"2025-01-21T18:14:26+00:00","description":"Der Yachthafen Kuikhorne ist ein attraktiver Passantenhafen in De Westereen, in herzen von Friesland.","breadcrumb":{"@id":"https:\/\/jachthavenkuikhorne.nl\/de\/passantenhafen#breadcrumb"},"inLanguage":"de","potentialAction":[{"@type":"ReadAction","target":["https:\/\/jachthavenkuikhorne.nl\/de\/passantenhafen"]}]},{"@type":"ImageObject","inLanguage":"de","@id":"https:\/\/jachthavenkuikhorne.nl\/de\/passantenhafen#primaryimage","url":"https:\/\/jachthavenkuikhorne.nl\/wp-content\/uploads\/2013\/03\/DSC06148-scaled.jpg","contentUrl":"https:\/\/jachthavenkuikhorne.nl\/wp-content\/uploads\/2013\/03\/DSC06148-scaled.jpg","width":2560,"height":1092,"caption":"passantenplaatsen"},{"@type":"BreadcrumbList","@id":"https:\/\/jachthavenkuikhorne.nl\/de\/passantenhafen#breadcrumb","itemListElement":[{"@type":"ListItem","position":1,"name":"Home","item":"https:\/\/jachthavenkuikhorne.nl\/de"},{"@type":"ListItem","position":2,"name":"Yachthafen","item":"https:\/\/jachthavenkuikhorne.nl\/de\/jachthaven"},{"@type":"ListItem","position":3,"name":"Passantenhafen"}]},{"@type":"WebSite","@id":"https:\/\/jachthavenkuikhorne.nl\/de\/#website","url":"https:\/\/jachthavenkuikhorne.nl\/de\/","name":"Jachthaven Kuikhorne","description":"Goed onderhouden jachthaven in Kuikhorne, Friesland","publisher":{"@id":"https:\/\/jachthavenkuikhorne.nl\/de\/#organization"},"potentialAction":[{"@type":"SearchAction","target":{"@type":"EntryPoint","urlTemplate":"https:\/\/jachthavenkuikhorne.nl\/de\/?s={search_term_string}"},"query-input":{"@type":"PropertyValueSpecification","valueRequired":true,"valueName":"search_term_string"}}],"inLanguage":"de"},{"@type":"Organization","@id":"https:\/\/jachthavenkuikhorne.nl\/de\/#organization","name":"Jachthaven Kuikhorne","url":"https:\/\/jachthavenkuikhorne.nl\/de\/","logo":{"@type":"ImageObject","inLanguage":"de","@id":"https:\/\/jachthavenkuikhorne.nl\/de\/#\/schema\/logo\/image\/","url":"https:\/\/jachthavenkuikhorne.nl\/wp-content\/uploads\/2020\/11\/logo-website-kuikhorne.png","contentUrl":"https:\/\/jachthavenkuikhorne.nl\/wp-content\/uploads\/2020\/11\/logo-website-kuikhorne.png","width":198,"height":162,"caption":"Jachthaven Kuikhorne"},"image":{"@id":"https:\/\/jachthavenkuikhorne.nl\/de\/#\/schema\/logo\/image\/"}}]}},"_links":{"self":[{"href":"https:\/\/jachthavenkuikhorne.nl\/de\/index.php?rest_route=\/wp\/v2\/pages\/2598","targetHints":{"allow":["GET"]}}],"collection":[{"href":"https:\/\/jachthavenkuikhorne.nl\/de\/index.php?rest_route=\/wp\/v2\/pages"}],"about":[{"href":"https:\/\/jachthavenkuikhorne.nl\/de\/index.php?rest_route=\/wp\/v2\/types\/page"}],"author":[{"embeddable":true,"href":"https:\/\/jachthavenkuikhorne.nl\/de\/index.php?rest_route=\/wp\/v2\/users\/1"}],"replies":[{"embeddable":true,"href":"https:\/\/jachthavenkuikhorne.nl\/de\/index.php?rest_route=%2Fwp%2Fv2%2Fcomments&post=2598"}],"version-history":[{"count":3,"href":"https:\/\/jachthavenkuikhorne.nl\/de\/index.php?rest_route=\/wp\/v2\/pages\/2598\/revisions"}],"predecessor-version":[{"id":7658,"href":"https:\/\/jachthavenkuikhorne.nl\/de\/index.php?rest_route=\/wp\/v2\/pages\/2598\/revisions\/7658"}],"up":[{"embeddable":true,"href":"https:\/\/jachthavenkuikhorne.nl\/de\/index.php?rest_route=\/wp\/v2\/pages\/3976"}],"wp:featuredmedia":[{"embeddable":true,"href":"https:\/\/jachthavenkuikhorne.nl\/de\/index.php?rest_route=\/wp\/v2\/media\/2546"}],"wp:attachment":[{"href":"https:\/\/jachthavenkuikhorne.nl\/de\/index.php?rest_route=%2Fwp%2Fv2%2Fmedia&parent=2598"}],"wp:term":[{"taxonomy":"category","embeddable":true,"href":"https:\/\/jachthavenkuikhorne.nl\/de\/index.php?rest_route=%2Fwp%2Fv2%2Fcategories&post=2598"},{"taxonomy":"post_tag","embeddable":true,"href":"https:\/\/jachthavenkuikhorne.nl\/de\/index.php?rest_route=%2Fwp%2Fv2%2Ftags&post=2598"}],"curies":[{"name":"wp","href":"https:\/\/api.w.org\/{rel}","templated":true}]}}