{"id":2474,"date":"2020-11-19T09:41:19","date_gmt":"2020-11-19T09:41:19","guid":{"rendered":"https:\/\/wordtaangewerkt.nl\/kuikhorne\/?page_id=2474"},"modified":"2025-09-10T12:56:18","modified_gmt":"2025-09-10T12:56:18","slug":"yachthafen-winterlager","status":"publish","type":"page","link":"https:\/\/jachthavenkuikhorne.nl\/de\/winterlager","title":{"rendered":"Winterlager"},"content":{"rendered":"\t\t<div data-elementor-type=\"wp-page\" data-elementor-id=\"2474\" class=\"elementor elementor-2474\" data-elementor-post-type=\"page\">\n\t\t\t\t\t\t<section class=\"elementor-section elementor-top-section elementor-element elementor-element-46e588da elementor-section-boxed elementor-section-height-default elementor-section-height-default\" data-id=\"46e588da\" data-element_type=\"section\" data-e-type=\"section\">\n\t\t\t\t\t\t<div class=\"elementor-container elementor-column-gap-default\">\n\t\t\t\t\t<div class=\"elementor-column elementor-col-100 elementor-top-column elementor-element elementor-element-531b7388\" data-id=\"531b7388\" data-element_type=\"column\" data-e-type=\"column\">\n\t\t\t<div class=\"elementor-widget-wrap elementor-element-populated\">\n\t\t\t\t\t\t<div class=\"elementor-element elementor-element-6ff18a82 elementor-widget elementor-widget-text-editor\" data-id=\"6ff18a82\" data-element_type=\"widget\" data-e-type=\"widget\" data-widget_type=\"text-editor.default\">\n\t\t\t\t<div class=\"elementor-widget-container\">\n\t\t\t\t\t\t\t\t\t<h1>Winterlager f\u00fcr Ihr Boot<\/h1><p>Auch als Winterquartier f\u00fcr Ihr Boot ist der Yachthafen &#8218;t Eibertsn\u00east eine erste Adresse.Sie k\u00f6nnen Ihr Boot im Freien oder in einer der \u00fcberdachten, frostfreien Hallen lagern. Sie entscheiden selbst! Unser Yachthafen liegt in De Westereen, 15 km von Leeuwarden und Dokkum entfernt.<\/p><p>Gro\u00dfe oder kleine Wartungsarbeiten, das Winterfest machen Ihres Bootes und den Einbau von Motoren u. \u00e4. k\u00f6nnen Sie unserem Mechaniker\u00a0 anvertrauen. Wir k\u00f6nnen auch das Unterwasserschiff f\u00fcr Sie mit Antifouling versehen.<\/p><p>Unser Gel\u00e4nde wird rund um die Uhr von Kameras \u00fcberwacht, das Gel\u00e4nde ist mit einer Schranke gesichert und es ist immer (an 365 Tagen im Jahr!) jemand vor Ort.<\/p><h2>Preise Winterlager drau\u00dfen 2024 &#8211; 2025<\/h2><table style=\"width: 66.0442%;\" border=\"0\" cellspacing=\"0\" cellpadding=\"0\"><colgroup> <col width=\"135\" \/> <col width=\"154\" \/> <col width=\"127\" \/><\/colgroup><tbody><tr><td style=\"width: 32%;\" height=\"20\">\u00a0<\/td><td style=\"text-align: right; width: 36%;\">\u00a0<\/td><td style=\"text-align: right; width: 10%;\">\u00a0<\/td><\/tr><tr><td style=\"width: 32%;\" height=\"20\">bis 6\u00a0Meter<\/td><td style=\"width: 36%;\" align=\"right\">\u20ac300,00<\/td><td style=\"width: 10%;\" align=\"right\">\u00a0<\/td><\/tr><tr><td style=\"width: 32%;\" height=\"20\">bis 7 Meter<\/td><td style=\"width: 36%;\" align=\"right\">\u20ac350,00<\/td><td style=\"width: 10%;\" align=\"right\">\u00a0<\/td><\/tr><tr><td style=\"width: 32%;\" height=\"20\">bis 8 Meter<\/td><td style=\"width: 36%;\" align=\"right\">\u20ac375,00<\/td><td style=\"width: 10%;\" align=\"right\">\u00a0<\/td><\/tr><tr><td style=\"width: 32%;\" height=\"20\">bis 9 Meter<\/td><td style=\"width: 36%;\" align=\"right\">\u20ac450,00<\/td><td style=\"width: 10%;\" align=\"right\">\u00a0<\/td><\/tr><tr><td style=\"width: 32%;\" height=\"20\">bis 10 Meter<\/td><td style=\"width: 36%;\" align=\"right\">\u20ac475,00<\/td><td style=\"width: 10%;\" align=\"right\">\u00a0<\/td><\/tr><tr><td style=\"width: 32%;\" height=\"20\">bis 11 Meter<\/td><td style=\"width: 36%;\" align=\"right\">\u20ac500,00<\/td><td style=\"width: 10%;\" align=\"right\">\u00a0<\/td><\/tr><tr><td style=\"width: 32%;\" height=\"20\"><p>bis 12 Meter<\/p><p>Sauberspritzen<br \/>5 bis 7 meter\u00a0 \u00a0 \u00a0\u20ac 35,00<br \/>8 bis 10 meter\u00a0 \u00a0\u20ac 45,00<br \/>10 bis 12 meter \u20ac 65,00<\/p><p>Bei starker Verschmutzung des Unterwasserschiffes werden zus\u00e4tzliche Kosten berechnet.<\/p><\/td><td style=\"width: 36%;\" align=\"right\">\u20ac535,00<\/td><td style=\"width: 10%;\" align=\"right\">\u00a0<\/td><\/tr><\/tbody><\/table><p><em>Mehrwertsteuer,das Holen aus dem\/Bringen ins Wasser und Bockmiete sind im Preis enthalten.<\/em><\/p><h2>Preise f\u00fcr Winterlager in einer frostfreien Halle<\/h2><p>Pro Quadratmeter: \u20ac 42,50<br \/><i>Mehrwertsteuer, das Holen aus dem\/Bringen ins Wasser und Bockmiete sind im Preis enthalten.<br \/>Preise is exklusiv Sauberspritzen.<\/i><\/p><p>Wir haben einen hydraulischen Bootswagen f\u00fcr bis zu 25 Tonnen.<\/p><p>M\u00f6chten Sie ein (\u00fcberdachtes) Winterlager f\u00fcr Ihr Boot reservieren?\u00a0 \u00a0Kontaktieren Sie uns per\u00a0<a href=\"&#109;&#x61;&#105;&#x6c;t&#111;&#x3a;&#105;&#x6e;f&#x6f;&#64;&#106;&#x61;&#99;&#x68;t&#x68;&#x61;&#118;&#x65;n&#x6b;u&#105;&#x6b;&#104;&#x6f;r&#x6e;e&#46;&#x6e;&#108;\">E-Mail<\/a>\u00a0oder telefonisch +31 511-472775. Warten Sie nicht zu lange!<\/p><p><a href=\"https:\/\/jachthavenkuikhorne.nl\/wp-content\/uploads\/2021\/03\/HISWA-voorwaarden-lig-en-bergplaatsen-klein-Duits.pdf\">Wir hantieren die HISWA Bedingungen f\u00fcr Winterlager.<\/a><\/p>\t\t\t\t\t\t\t\t<\/div>\n\t\t\t\t<\/div>\n\t\t\t\t\t<\/div>\n\t\t<\/div>\n\t\t\t\t\t<\/div>\n\t\t<\/section>\n\t\t\t\t<\/div>\n\t\t","protected":false},"excerpt":{"rendered":"<p>Winterlager f\u00fcr Ihr Boot Auch als Winterquartier f\u00fcr Ihr Boot ist der Yachthafen &#8218;t Eibertsn\u00east eine erste Adresse.Sie k\u00f6nnen Ihr Boot im Freien oder in einer der \u00fcberdachten, frostfreien Hallen lagern. Sie entscheiden selbst! Unser Yachthafen liegt in De Westereen, 15 km von Leeuwarden und Dokkum entfernt. Gro\u00dfe oder kleine Wartungsarbeiten, das Winterfest machen Ihres [&hellip;]<\/p>\n","protected":false},"author":1,"featured_media":4410,"parent":3976,"menu_order":0,"comment_status":"closed","ping_status":"closed","template":"","meta":{"site-sidebar-layout":"default","site-content-layout":"default","ast-site-content-layout":"","site-content-style":"default","site-sidebar-style":"default","ast-global-header-display":"","ast-banner-title-visibility":"","ast-main-header-display":"","ast-hfb-above-header-display":"","ast-hfb-below-header-display":"","ast-hfb-mobile-header-display":"","site-post-title":"disabled","ast-breadcrumbs-content":"disabled","ast-featured-img":"disabled","footer-sml-layout":"","theme-transparent-header-meta":"default","adv-header-id-meta":"","stick-header-meta":"","header-above-stick-meta":"","header-main-stick-meta":"","header-below-stick-meta":"","astra-migrate-meta-layouts":"default","ast-page-background-enabled":"default","ast-page-background-meta":{"desktop":{"background-color":"","background-image":"","background-repeat":"repeat","background-position":"center center","background-size":"auto","background-attachment":"scroll","background-type":"","background-media":"","overlay-type":"","overlay-color":"","overlay-opacity":"","overlay-gradient":""},"tablet":{"background-color":"","background-image":"","background-repeat":"repeat","background-position":"center center","background-size":"auto","background-attachment":"scroll","background-type":"","background-media":"","overlay-type":"","overlay-color":"","overlay-opacity":"","overlay-gradient":""},"mobile":{"background-color":"","background-image":"","background-repeat":"repeat","background-position":"center center","background-size":"auto","background-attachment":"scroll","background-type":"","background-media":"","overlay-type":"","overlay-color":"","overlay-opacity":"","overlay-gradient":""}},"ast-content-background-meta":{"desktop":{"background-color":"var(--ast-global-color-5)","background-image":"","background-repeat":"repeat","background-position":"center center","background-size":"auto","background-attachment":"scroll","background-type":"","background-media":"","overlay-type":"","overlay-color":"","overlay-opacity":"","overlay-gradient":""},"tablet":{"background-color":"var(--ast-global-color-5)","background-image":"","background-repeat":"repeat","background-position":"center center","background-size":"auto","background-attachment":"scroll","background-type":"","background-media":"","overlay-type":"","overlay-color":"","overlay-opacity":"","overlay-gradient":""},"mobile":{"background-color":"var(--ast-global-color-5)","background-image":"","background-repeat":"repeat","background-position":"center center","background-size":"auto","background-attachment":"scroll","background-type":"","background-media":"","overlay-type":"","overlay-color":"","overlay-opacity":"","overlay-gradient":""}},"footnotes":""},"categories":[],"tags":[],"class_list":["post-2474","page","type-page","status-publish","has-post-thumbnail","hentry"],"yoast_head":"<!-- This site is optimized with the Yoast SEO plugin v27.4 - https:\/\/yoast.com\/product\/yoast-seo-wordpress\/ -->\n<title>Winterlager - Jachthaven Kuikhorne<\/title>\n<meta name=\"description\" content=\"Auch als Winterquartier f\u00fcr Ihr Boot ist der Yachthafen eine erste Adresse.Sie k\u00f6nnen Ihr Boot im Freien, frostfreien Hallen lagern.\" \/>\n<meta name=\"robots\" content=\"index, follow, max-snippet:-1, max-image-preview:large, max-video-preview:-1\" \/>\n<link rel=\"canonical\" href=\"https:\/\/jachthavenkuikhorne.nl\/de\/winterlager\" \/>\n<meta property=\"og:locale\" content=\"de_DE\" \/>\n<meta property=\"og:type\" content=\"article\" \/>\n<meta property=\"og:title\" content=\"Winterlager - Jachthaven Kuikhorne\" \/>\n<meta property=\"og:description\" content=\"Auch als Winterquartier f\u00fcr Ihr Boot ist der Yachthafen eine erste Adresse.Sie k\u00f6nnen Ihr Boot im Freien, frostfreien Hallen lagern.\" \/>\n<meta property=\"og:url\" content=\"https:\/\/jachthavenkuikhorne.nl\/de\/winterlager\" \/>\n<meta property=\"og:site_name\" content=\"Jachthaven Kuikhorne\" \/>\n<meta property=\"article:modified_time\" content=\"2025-09-10T12:56:18+00:00\" \/>\n<meta property=\"og:image\" content=\"https:\/\/jachthavenkuikhorne.nl\/wp-content\/uploads\/2021\/02\/jachthaven-012-2-scaled.jpg\" \/>\n\t<meta property=\"og:image:width\" content=\"2560\" \/>\n\t<meta property=\"og:image:height\" content=\"1384\" \/>\n\t<meta property=\"og:image:type\" content=\"image\/jpeg\" \/>\n<meta name=\"twitter:card\" content=\"summary_large_image\" \/>\n<meta name=\"twitter:label1\" content=\"Gesch\u00e4tzte Lesezeit\" \/>\n\t<meta name=\"twitter:data1\" content=\"2\u00a0Minuten\" \/>\n<script type=\"application\/ld+json\" class=\"yoast-schema-graph\">{\"@context\":\"https:\\\/\\\/schema.org\",\"@graph\":[{\"@type\":\"WebPage\",\"@id\":\"https:\\\/\\\/jachthavenkuikhorne.nl\\\/de\\\/winterlager\",\"url\":\"https:\\\/\\\/jachthavenkuikhorne.nl\\\/de\\\/winterlager\",\"name\":\"Winterlager - Jachthaven Kuikhorne\",\"isPartOf\":{\"@id\":\"https:\\\/\\\/jachthavenkuikhorne.nl\\\/de\\\/#website\"},\"primaryImageOfPage\":{\"@id\":\"https:\\\/\\\/jachthavenkuikhorne.nl\\\/de\\\/winterlager#primaryimage\"},\"image\":{\"@id\":\"https:\\\/\\\/jachthavenkuikhorne.nl\\\/de\\\/winterlager#primaryimage\"},\"thumbnailUrl\":\"https:\\\/\\\/jachthavenkuikhorne.nl\\\/wp-content\\\/uploads\\\/2021\\\/02\\\/jachthaven-012-2-scaled.jpg\",\"datePublished\":\"2020-11-19T09:41:19+00:00\",\"dateModified\":\"2025-09-10T12:56:18+00:00\",\"description\":\"Auch als Winterquartier f\u00fcr Ihr Boot ist der Yachthafen eine erste Adresse.Sie k\u00f6nnen Ihr Boot im Freien, frostfreien Hallen lagern.\",\"breadcrumb\":{\"@id\":\"https:\\\/\\\/jachthavenkuikhorne.nl\\\/de\\\/winterlager#breadcrumb\"},\"inLanguage\":\"de\",\"potentialAction\":[{\"@type\":\"ReadAction\",\"target\":[\"https:\\\/\\\/jachthavenkuikhorne.nl\\\/de\\\/winterlager\"]}]},{\"@type\":\"ImageObject\",\"inLanguage\":\"de\",\"@id\":\"https:\\\/\\\/jachthavenkuikhorne.nl\\\/de\\\/winterlager#primaryimage\",\"url\":\"https:\\\/\\\/jachthavenkuikhorne.nl\\\/wp-content\\\/uploads\\\/2021\\\/02\\\/jachthaven-012-2-scaled.jpg\",\"contentUrl\":\"https:\\\/\\\/jachthavenkuikhorne.nl\\\/wp-content\\\/uploads\\\/2021\\\/02\\\/jachthaven-012-2-scaled.jpg\",\"width\":2560,\"height\":1384,\"caption\":\"Vorstvrije winterstalling\"},{\"@type\":\"BreadcrumbList\",\"@id\":\"https:\\\/\\\/jachthavenkuikhorne.nl\\\/de\\\/winterlager#breadcrumb\",\"itemListElement\":[{\"@type\":\"ListItem\",\"position\":1,\"name\":\"Home\",\"item\":\"https:\\\/\\\/jachthavenkuikhorne.nl\\\/de\"},{\"@type\":\"ListItem\",\"position\":2,\"name\":\"Yachthafen\",\"item\":\"https:\\\/\\\/jachthavenkuikhorne.nl\\\/de\\\/jachthaven\"},{\"@type\":\"ListItem\",\"position\":3,\"name\":\"Winterlager\"}]},{\"@type\":\"WebSite\",\"@id\":\"https:\\\/\\\/jachthavenkuikhorne.nl\\\/de\\\/#website\",\"url\":\"https:\\\/\\\/jachthavenkuikhorne.nl\\\/de\\\/\",\"name\":\"Jachthaven Kuikhorne\",\"description\":\"Goed onderhouden jachthaven in Kuikhorne, Friesland\",\"publisher\":{\"@id\":\"https:\\\/\\\/jachthavenkuikhorne.nl\\\/de\\\/#organization\"},\"potentialAction\":[{\"@type\":\"SearchAction\",\"target\":{\"@type\":\"EntryPoint\",\"urlTemplate\":\"https:\\\/\\\/jachthavenkuikhorne.nl\\\/de\\\/?s={search_term_string}\"},\"query-input\":{\"@type\":\"PropertyValueSpecification\",\"valueRequired\":true,\"valueName\":\"search_term_string\"}}],\"inLanguage\":\"de\"},{\"@type\":\"Organization\",\"@id\":\"https:\\\/\\\/jachthavenkuikhorne.nl\\\/de\\\/#organization\",\"name\":\"Jachthaven Kuikhorne\",\"url\":\"https:\\\/\\\/jachthavenkuikhorne.nl\\\/de\\\/\",\"logo\":{\"@type\":\"ImageObject\",\"inLanguage\":\"de\",\"@id\":\"https:\\\/\\\/jachthavenkuikhorne.nl\\\/de\\\/#\\\/schema\\\/logo\\\/image\\\/\",\"url\":\"https:\\\/\\\/jachthavenkuikhorne.nl\\\/wp-content\\\/uploads\\\/2020\\\/11\\\/logo-website-kuikhorne.png\",\"contentUrl\":\"https:\\\/\\\/jachthavenkuikhorne.nl\\\/wp-content\\\/uploads\\\/2020\\\/11\\\/logo-website-kuikhorne.png\",\"width\":198,\"height\":162,\"caption\":\"Jachthaven Kuikhorne\"},\"image\":{\"@id\":\"https:\\\/\\\/jachthavenkuikhorne.nl\\\/de\\\/#\\\/schema\\\/logo\\\/image\\\/\"}}]}<\/script>\n<!-- \/ Yoast SEO plugin. -->","yoast_head_json":{"title":"Winterlager - Jachthaven Kuikhorne","description":"Auch als Winterquartier f\u00fcr Ihr Boot ist der Yachthafen eine erste Adresse.Sie k\u00f6nnen Ihr Boot im Freien, frostfreien Hallen lagern.","robots":{"index":"index","follow":"follow","max-snippet":"max-snippet:-1","max-image-preview":"max-image-preview:large","max-video-preview":"max-video-preview:-1"},"canonical":"https:\/\/jachthavenkuikhorne.nl\/de\/winterlager","og_locale":"de_DE","og_type":"article","og_title":"Winterlager - Jachthaven Kuikhorne","og_description":"Auch als Winterquartier f\u00fcr Ihr Boot ist der Yachthafen eine erste Adresse.Sie k\u00f6nnen Ihr Boot im Freien, frostfreien Hallen lagern.","og_url":"https:\/\/jachthavenkuikhorne.nl\/de\/winterlager","og_site_name":"Jachthaven Kuikhorne","article_modified_time":"2025-09-10T12:56:18+00:00","og_image":[{"width":2560,"height":1384,"url":"https:\/\/jachthavenkuikhorne.nl\/wp-content\/uploads\/2021\/02\/jachthaven-012-2-scaled.jpg","type":"image\/jpeg"}],"twitter_card":"summary_large_image","twitter_misc":{"Gesch\u00e4tzte Lesezeit":"2\u00a0Minuten"},"schema":{"@context":"https:\/\/schema.org","@graph":[{"@type":"WebPage","@id":"https:\/\/jachthavenkuikhorne.nl\/de\/winterlager","url":"https:\/\/jachthavenkuikhorne.nl\/de\/winterlager","name":"Winterlager - Jachthaven Kuikhorne","isPartOf":{"@id":"https:\/\/jachthavenkuikhorne.nl\/de\/#website"},"primaryImageOfPage":{"@id":"https:\/\/jachthavenkuikhorne.nl\/de\/winterlager#primaryimage"},"image":{"@id":"https:\/\/jachthavenkuikhorne.nl\/de\/winterlager#primaryimage"},"thumbnailUrl":"https:\/\/jachthavenkuikhorne.nl\/wp-content\/uploads\/2021\/02\/jachthaven-012-2-scaled.jpg","datePublished":"2020-11-19T09:41:19+00:00","dateModified":"2025-09-10T12:56:18+00:00","description":"Auch als Winterquartier f\u00fcr Ihr Boot ist der Yachthafen eine erste Adresse.Sie k\u00f6nnen Ihr Boot im Freien, frostfreien Hallen lagern.","breadcrumb":{"@id":"https:\/\/jachthavenkuikhorne.nl\/de\/winterlager#breadcrumb"},"inLanguage":"de","potentialAction":[{"@type":"ReadAction","target":["https:\/\/jachthavenkuikhorne.nl\/de\/winterlager"]}]},{"@type":"ImageObject","inLanguage":"de","@id":"https:\/\/jachthavenkuikhorne.nl\/de\/winterlager#primaryimage","url":"https:\/\/jachthavenkuikhorne.nl\/wp-content\/uploads\/2021\/02\/jachthaven-012-2-scaled.jpg","contentUrl":"https:\/\/jachthavenkuikhorne.nl\/wp-content\/uploads\/2021\/02\/jachthaven-012-2-scaled.jpg","width":2560,"height":1384,"caption":"Vorstvrije winterstalling"},{"@type":"BreadcrumbList","@id":"https:\/\/jachthavenkuikhorne.nl\/de\/winterlager#breadcrumb","itemListElement":[{"@type":"ListItem","position":1,"name":"Home","item":"https:\/\/jachthavenkuikhorne.nl\/de"},{"@type":"ListItem","position":2,"name":"Yachthafen","item":"https:\/\/jachthavenkuikhorne.nl\/de\/jachthaven"},{"@type":"ListItem","position":3,"name":"Winterlager"}]},{"@type":"WebSite","@id":"https:\/\/jachthavenkuikhorne.nl\/de\/#website","url":"https:\/\/jachthavenkuikhorne.nl\/de\/","name":"Jachthaven Kuikhorne","description":"Goed onderhouden jachthaven in Kuikhorne, Friesland","publisher":{"@id":"https:\/\/jachthavenkuikhorne.nl\/de\/#organization"},"potentialAction":[{"@type":"SearchAction","target":{"@type":"EntryPoint","urlTemplate":"https:\/\/jachthavenkuikhorne.nl\/de\/?s={search_term_string}"},"query-input":{"@type":"PropertyValueSpecification","valueRequired":true,"valueName":"search_term_string"}}],"inLanguage":"de"},{"@type":"Organization","@id":"https:\/\/jachthavenkuikhorne.nl\/de\/#organization","name":"Jachthaven Kuikhorne","url":"https:\/\/jachthavenkuikhorne.nl\/de\/","logo":{"@type":"ImageObject","inLanguage":"de","@id":"https:\/\/jachthavenkuikhorne.nl\/de\/#\/schema\/logo\/image\/","url":"https:\/\/jachthavenkuikhorne.nl\/wp-content\/uploads\/2020\/11\/logo-website-kuikhorne.png","contentUrl":"https:\/\/jachthavenkuikhorne.nl\/wp-content\/uploads\/2020\/11\/logo-website-kuikhorne.png","width":198,"height":162,"caption":"Jachthaven Kuikhorne"},"image":{"@id":"https:\/\/jachthavenkuikhorne.nl\/de\/#\/schema\/logo\/image\/"}}]}},"_links":{"self":[{"href":"https:\/\/jachthavenkuikhorne.nl\/de\/index.php?rest_route=\/wp\/v2\/pages\/2474","targetHints":{"allow":["GET"]}}],"collection":[{"href":"https:\/\/jachthavenkuikhorne.nl\/de\/index.php?rest_route=\/wp\/v2\/pages"}],"about":[{"href":"https:\/\/jachthavenkuikhorne.nl\/de\/index.php?rest_route=\/wp\/v2\/types\/page"}],"author":[{"embeddable":true,"href":"https:\/\/jachthavenkuikhorne.nl\/de\/index.php?rest_route=\/wp\/v2\/users\/1"}],"replies":[{"embeddable":true,"href":"https:\/\/jachthavenkuikhorne.nl\/de\/index.php?rest_route=%2Fwp%2Fv2%2Fcomments&post=2474"}],"version-history":[{"count":3,"href":"https:\/\/jachthavenkuikhorne.nl\/de\/index.php?rest_route=\/wp\/v2\/pages\/2474\/revisions"}],"predecessor-version":[{"id":7737,"href":"https:\/\/jachthavenkuikhorne.nl\/de\/index.php?rest_route=\/wp\/v2\/pages\/2474\/revisions\/7737"}],"up":[{"embeddable":true,"href":"https:\/\/jachthavenkuikhorne.nl\/de\/index.php?rest_route=\/wp\/v2\/pages\/3976"}],"wp:featuredmedia":[{"embeddable":true,"href":"https:\/\/jachthavenkuikhorne.nl\/de\/index.php?rest_route=\/wp\/v2\/media\/4410"}],"wp:attachment":[{"href":"https:\/\/jachthavenkuikhorne.nl\/de\/index.php?rest_route=%2Fwp%2Fv2%2Fmedia&parent=2474"}],"wp:term":[{"taxonomy":"category","embeddable":true,"href":"https:\/\/jachthavenkuikhorne.nl\/de\/index.php?rest_route=%2Fwp%2Fv2%2Fcategories&post=2474"},{"taxonomy":"post_tag","embeddable":true,"href":"https:\/\/jachthavenkuikhorne.nl\/de\/index.php?rest_route=%2Fwp%2Fv2%2Ftags&post=2474"}],"curies":[{"name":"wp","href":"https:\/\/api.w.org\/{rel}","templated":true}]}}