{"id":2406,"date":"2020-11-13T13:54:51","date_gmt":"2020-11-13T13:54:51","guid":{"rendered":"https:\/\/wordtaangewerkt.nl\/kuikhorne\/?page_id=2406"},"modified":"2025-01-06T17:57:30","modified_gmt":"2025-01-06T17:57:30","slug":"liegeplaetze","status":"publish","type":"page","link":"https:\/\/jachthavenkuikhorne.nl\/de\/yaghthafen\/liegeplaetze","title":{"rendered":"Liegepl\u00e4tze"},"content":{"rendered":"\t\t<div data-elementor-type=\"wp-page\" data-elementor-id=\"2406\" class=\"elementor elementor-2406\" data-elementor-post-type=\"page\">\n\t\t\t\t\t\t<section class=\"elementor-section elementor-top-section elementor-element elementor-element-148dfa9d elementor-section-boxed elementor-section-height-default elementor-section-height-default\" data-id=\"148dfa9d\" data-element_type=\"section\" data-e-type=\"section\">\n\t\t\t\t\t\t<div class=\"elementor-container elementor-column-gap-default\">\n\t\t\t\t\t<div class=\"elementor-column elementor-col-100 elementor-top-column elementor-element elementor-element-6b254434\" data-id=\"6b254434\" data-element_type=\"column\" data-e-type=\"column\">\n\t\t\t<div class=\"elementor-widget-wrap elementor-element-populated\">\n\t\t\t\t\t\t<div class=\"elementor-element elementor-element-3f6d768f elementor-widget elementor-widget-text-editor\" data-id=\"3f6d768f\" data-element_type=\"widget\" data-e-type=\"widget\" data-widget_type=\"text-editor.default\">\n\t\t\t\t<div class=\"elementor-widget-container\">\n\t\t\t\t\t\t\t\t\t<h1>Liegepl\u00e4tze in sch\u00f6ner Umgebung<\/h1>\n<h2>Yachthafen mit hervorragender Ausstattung<\/h2>\n<p>Jachthaven Kuikhorne ist ein Yachthafen mit umfangreichen Ausstattung. Ein idealer Liegeplatz f\u00fcr Ihr Boot und der perfekte Ausgangspunkt f\u00fcr sch\u00f6ne Touren in die Umgebung.<\/p>\n<p>Alle bis auf einen unserer Stege wurden erneuert und verf\u00fcgen \u00fcber einen Zwischensteg, der sich \u00fcber die gesamte L\u00e4nge Ihres Bootes erstreckt. Auf diese Weise k\u00f6nnen Sie leicht ein- und aussteigen. Auf allen Stege befinden sich Stromanschluss mit M\u00fcnzeinwurf.<\/p>\n<p>Am Eingang befindet sich eine Schranke, um Ihre und unsere Sachen zu sch\u00fctzen. Wenn Sie einen Liegeplatz mieten, k\u00f6nnen Sie im Hafenb\u00fcro eine SEP-Karte erhalten und daf\u00fcr eine Kaution in H\u00f6he von \u20ac50,-<span class=\"Apple-converted-space\">&nbsp; <\/span>hinterlegen.&nbsp;Wenn Sie die SEP-Karte (vollst\u00e4ndig) zur\u00fcckgeben, erhalten Sie die Anzahlung zur\u00fcck.<\/p>\n<p>Die Yachthafen ist mit einer Kamera\u00fcberwachung ausgestattet, und 365 Tage im Jahr ist jemand vor Ort, der die \u00dcberwachung durchf\u00fchrt.<\/p>\n<h3>Preise<\/h3>\n<p>Liegepl\u00e4tze (Preise vom 1. bis 1. April)<\/p>\n<p>Interessiert an einem Liegeplatz in unserem Hafen? Dann <a href=\"https:\/\/jachthavenkuikhorne.nl\/de\/kontakt\/\">kontaktieren<\/a> Sie uns.<\/p>\n<p>Die HISWA-Bedingungen gelten f\u00fcr alle unsere Lieferungen und Leistungen.<\/p>\n<p><a href=\"https:\/\/jachthavenkuikhorne.nl\/wp-content\/uploads\/2025\/01\/HISWA-voorwaarden-lig-en-bergplaatsen-NL-2018.pdf\">Bedingungen Liegepl\u00e4tze HISWA<\/a><\/p>\t\t\t\t\t\t\t\t<\/div>\n\t\t\t\t<\/div>\n\t\t\t\t\t<\/div>\n\t\t<\/div>\n\t\t\t\t\t<\/div>\n\t\t<\/section>\n\t\t\t\t<\/div>\n\t\t","protected":false},"excerpt":{"rendered":"<p>Liegepl\u00e4tze in sch\u00f6ner Umgebung Yachthafen mit hervorragender Ausstattung Jachthaven Kuikhorne ist ein Yachthafen mit umfangreichen Ausstattung. Ein idealer Liegeplatz f\u00fcr Ihr Boot und der perfekte Ausgangspunkt f\u00fcr sch\u00f6ne Touren in die Umgebung. Alle bis auf einen unserer Stege wurden erneuert und verf\u00fcgen \u00fcber einen Zwischensteg, der sich \u00fcber die gesamte L\u00e4nge Ihres Bootes erstreckt. Auf [&hellip;]<\/p>\n","protected":false},"author":1,"featured_media":2586,"parent":3976,"menu_order":0,"comment_status":"closed","ping_status":"closed","template":"","meta":{"site-sidebar-layout":"default","site-content-layout":"default","ast-site-content-layout":"","site-content-style":"default","site-sidebar-style":"default","ast-global-header-display":"","ast-banner-title-visibility":"","ast-main-header-display":"","ast-hfb-above-header-display":"","ast-hfb-below-header-display":"","ast-hfb-mobile-header-display":"","site-post-title":"disabled","ast-breadcrumbs-content":"disabled","ast-featured-img":"disabled","footer-sml-layout":"","theme-transparent-header-meta":"default","adv-header-id-meta":"","stick-header-meta":"","header-above-stick-meta":"","header-main-stick-meta":"","header-below-stick-meta":"","astra-migrate-meta-layouts":"default","ast-page-background-enabled":"default","ast-page-background-meta":{"desktop":{"background-color":"","background-image":"","background-repeat":"repeat","background-position":"center center","background-size":"auto","background-attachment":"scroll","background-type":"","background-media":"","overlay-type":"","overlay-color":"","overlay-opacity":"","overlay-gradient":""},"tablet":{"background-color":"","background-image":"","background-repeat":"repeat","background-position":"center center","background-size":"auto","background-attachment":"scroll","background-type":"","background-media":"","overlay-type":"","overlay-color":"","overlay-opacity":"","overlay-gradient":""},"mobile":{"background-color":"","background-image":"","background-repeat":"repeat","background-position":"center center","background-size":"auto","background-attachment":"scroll","background-type":"","background-media":"","overlay-type":"","overlay-color":"","overlay-opacity":"","overlay-gradient":""}},"ast-content-background-meta":{"desktop":{"background-color":"var(--ast-global-color-5)","background-image":"","background-repeat":"repeat","background-position":"center center","background-size":"auto","background-attachment":"scroll","background-type":"","background-media":"","overlay-type":"","overlay-color":"","overlay-opacity":"","overlay-gradient":""},"tablet":{"background-color":"var(--ast-global-color-5)","background-image":"","background-repeat":"repeat","background-position":"center center","background-size":"auto","background-attachment":"scroll","background-type":"","background-media":"","overlay-type":"","overlay-color":"","overlay-opacity":"","overlay-gradient":""},"mobile":{"background-color":"var(--ast-global-color-5)","background-image":"","background-repeat":"repeat","background-position":"center center","background-size":"auto","background-attachment":"scroll","background-type":"","background-media":"","overlay-type":"","overlay-color":"","overlay-opacity":"","overlay-gradient":""}},"footnotes":""},"categories":[24],"tags":[],"class_list":["post-2406","page","type-page","status-publish","has-post-thumbnail","hentry","category-jachthaven-de"],"yoast_head":"<!-- This site is optimized with the Yoast SEO plugin v27.5 - https:\/\/yoast.com\/product\/yoast-seo-wordpress\/ -->\n<title>Liegepl\u00e4tze - Jachthaven Kuikhorne<\/title>\n<meta name=\"description\" content=\"Wenn Sie einen Liegeplatz in Friesland, den Niederlanden, suchen, besuchen Sie den Jachthafen Kuikhorne im Herzen der friesischen W\u00e4lder.\" \/>\n<meta name=\"robots\" content=\"index, follow, max-snippet:-1, max-image-preview:large, max-video-preview:-1\" \/>\n<link rel=\"canonical\" href=\"https:\/\/jachthavenkuikhorne.nl\/de\/yaghthafen\/liegeplaetze\" \/>\n<meta property=\"og:locale\" content=\"de_DE\" \/>\n<meta property=\"og:type\" content=\"article\" \/>\n<meta property=\"og:title\" content=\"Liegepl\u00e4tze - Jachthaven Kuikhorne\" \/>\n<meta property=\"og:description\" content=\"Wenn Sie einen Liegeplatz in Friesland, den Niederlanden, suchen, besuchen Sie den Jachthafen Kuikhorne im Herzen der friesischen W\u00e4lder.\" \/>\n<meta property=\"og:url\" content=\"https:\/\/jachthavenkuikhorne.nl\/de\/yaghthafen\/liegeplaetze\" \/>\n<meta property=\"og:site_name\" content=\"Jachthaven Kuikhorne\" \/>\n<meta property=\"article:modified_time\" content=\"2025-01-06T17:57:30+00:00\" \/>\n<meta property=\"og:image\" content=\"https:\/\/jachthavenkuikhorne.nl\/wp-content\/uploads\/2013\/03\/pake-en-beppe-104-scaled.jpg\" \/>\n\t<meta property=\"og:image:width\" content=\"2560\" \/>\n\t<meta property=\"og:image:height\" content=\"1714\" \/>\n\t<meta property=\"og:image:type\" content=\"image\/jpeg\" \/>\n<meta name=\"twitter:card\" content=\"summary_large_image\" \/>\n<meta name=\"twitter:label1\" content=\"Gesch\u00e4tzte Lesezeit\" \/>\n\t<meta name=\"twitter:data1\" content=\"1\u00a0Minute\" \/>\n<script type=\"application\/ld+json\" class=\"yoast-schema-graph\">{\"@context\":\"https:\\\/\\\/schema.org\",\"@graph\":[{\"@type\":\"WebPage\",\"@id\":\"https:\\\/\\\/jachthavenkuikhorne.nl\\\/de\\\/yaghthafen\\\/liegeplaetze\",\"url\":\"https:\\\/\\\/jachthavenkuikhorne.nl\\\/de\\\/yaghthafen\\\/liegeplaetze\",\"name\":\"Liegepl\u00e4tze - Jachthaven Kuikhorne\",\"isPartOf\":{\"@id\":\"https:\\\/\\\/jachthavenkuikhorne.nl\\\/de\\\/#website\"},\"primaryImageOfPage\":{\"@id\":\"https:\\\/\\\/jachthavenkuikhorne.nl\\\/de\\\/yaghthafen\\\/liegeplaetze#primaryimage\"},\"image\":{\"@id\":\"https:\\\/\\\/jachthavenkuikhorne.nl\\\/de\\\/yaghthafen\\\/liegeplaetze#primaryimage\"},\"thumbnailUrl\":\"https:\\\/\\\/jachthavenkuikhorne.nl\\\/wp-content\\\/uploads\\\/2013\\\/03\\\/pake-en-beppe-104-scaled.jpg\",\"datePublished\":\"2020-11-13T13:54:51+00:00\",\"dateModified\":\"2025-01-06T17:57:30+00:00\",\"description\":\"Wenn Sie einen Liegeplatz in Friesland, den Niederlanden, suchen, besuchen Sie den Jachthafen Kuikhorne im Herzen der friesischen W\u00e4lder.\",\"breadcrumb\":{\"@id\":\"https:\\\/\\\/jachthavenkuikhorne.nl\\\/de\\\/yaghthafen\\\/liegeplaetze#breadcrumb\"},\"inLanguage\":\"de\",\"potentialAction\":[{\"@type\":\"ReadAction\",\"target\":[\"https:\\\/\\\/jachthavenkuikhorne.nl\\\/de\\\/yaghthafen\\\/liegeplaetze\"]}]},{\"@type\":\"ImageObject\",\"inLanguage\":\"de\",\"@id\":\"https:\\\/\\\/jachthavenkuikhorne.nl\\\/de\\\/yaghthafen\\\/liegeplaetze#primaryimage\",\"url\":\"https:\\\/\\\/jachthavenkuikhorne.nl\\\/wp-content\\\/uploads\\\/2013\\\/03\\\/pake-en-beppe-104-scaled.jpg\",\"contentUrl\":\"https:\\\/\\\/jachthavenkuikhorne.nl\\\/wp-content\\\/uploads\\\/2013\\\/03\\\/pake-en-beppe-104-scaled.jpg\",\"width\":2560,\"height\":1714,\"caption\":\"ligplaatsen\"},{\"@type\":\"BreadcrumbList\",\"@id\":\"https:\\\/\\\/jachthavenkuikhorne.nl\\\/de\\\/yaghthafen\\\/liegeplaetze#breadcrumb\",\"itemListElement\":[{\"@type\":\"ListItem\",\"position\":1,\"name\":\"Home\",\"item\":\"https:\\\/\\\/jachthavenkuikhorne.nl\\\/de\"},{\"@type\":\"ListItem\",\"position\":2,\"name\":\"Yachthafen\",\"item\":\"https:\\\/\\\/jachthavenkuikhorne.nl\\\/de\\\/jachthaven\"},{\"@type\":\"ListItem\",\"position\":3,\"name\":\"Liegepl\u00e4tze\"}]},{\"@type\":\"WebSite\",\"@id\":\"https:\\\/\\\/jachthavenkuikhorne.nl\\\/de\\\/#website\",\"url\":\"https:\\\/\\\/jachthavenkuikhorne.nl\\\/de\\\/\",\"name\":\"Jachthaven Kuikhorne\",\"description\":\"Goed onderhouden jachthaven in Kuikhorne, Friesland\",\"publisher\":{\"@id\":\"https:\\\/\\\/jachthavenkuikhorne.nl\\\/de\\\/#organization\"},\"potentialAction\":[{\"@type\":\"SearchAction\",\"target\":{\"@type\":\"EntryPoint\",\"urlTemplate\":\"https:\\\/\\\/jachthavenkuikhorne.nl\\\/de\\\/?s={search_term_string}\"},\"query-input\":{\"@type\":\"PropertyValueSpecification\",\"valueRequired\":true,\"valueName\":\"search_term_string\"}}],\"inLanguage\":\"de\"},{\"@type\":\"Organization\",\"@id\":\"https:\\\/\\\/jachthavenkuikhorne.nl\\\/de\\\/#organization\",\"name\":\"Jachthaven Kuikhorne\",\"url\":\"https:\\\/\\\/jachthavenkuikhorne.nl\\\/de\\\/\",\"logo\":{\"@type\":\"ImageObject\",\"inLanguage\":\"de\",\"@id\":\"https:\\\/\\\/jachthavenkuikhorne.nl\\\/de\\\/#\\\/schema\\\/logo\\\/image\\\/\",\"url\":\"https:\\\/\\\/jachthavenkuikhorne.nl\\\/wp-content\\\/uploads\\\/2020\\\/11\\\/logo-website-kuikhorne.png\",\"contentUrl\":\"https:\\\/\\\/jachthavenkuikhorne.nl\\\/wp-content\\\/uploads\\\/2020\\\/11\\\/logo-website-kuikhorne.png\",\"width\":198,\"height\":162,\"caption\":\"Jachthaven Kuikhorne\"},\"image\":{\"@id\":\"https:\\\/\\\/jachthavenkuikhorne.nl\\\/de\\\/#\\\/schema\\\/logo\\\/image\\\/\"}}]}<\/script>\n<!-- \/ Yoast SEO plugin. -->","yoast_head_json":{"title":"Liegepl\u00e4tze - Jachthaven Kuikhorne","description":"Wenn Sie einen Liegeplatz in Friesland, den Niederlanden, suchen, besuchen Sie den Jachthafen Kuikhorne im Herzen der friesischen W\u00e4lder.","robots":{"index":"index","follow":"follow","max-snippet":"max-snippet:-1","max-image-preview":"max-image-preview:large","max-video-preview":"max-video-preview:-1"},"canonical":"https:\/\/jachthavenkuikhorne.nl\/de\/yaghthafen\/liegeplaetze","og_locale":"de_DE","og_type":"article","og_title":"Liegepl\u00e4tze - Jachthaven Kuikhorne","og_description":"Wenn Sie einen Liegeplatz in Friesland, den Niederlanden, suchen, besuchen Sie den Jachthafen Kuikhorne im Herzen der friesischen W\u00e4lder.","og_url":"https:\/\/jachthavenkuikhorne.nl\/de\/yaghthafen\/liegeplaetze","og_site_name":"Jachthaven Kuikhorne","article_modified_time":"2025-01-06T17:57:30+00:00","og_image":[{"width":2560,"height":1714,"url":"https:\/\/jachthavenkuikhorne.nl\/wp-content\/uploads\/2013\/03\/pake-en-beppe-104-scaled.jpg","type":"image\/jpeg"}],"twitter_card":"summary_large_image","twitter_misc":{"Gesch\u00e4tzte Lesezeit":"1\u00a0Minute"},"schema":{"@context":"https:\/\/schema.org","@graph":[{"@type":"WebPage","@id":"https:\/\/jachthavenkuikhorne.nl\/de\/yaghthafen\/liegeplaetze","url":"https:\/\/jachthavenkuikhorne.nl\/de\/yaghthafen\/liegeplaetze","name":"Liegepl\u00e4tze - Jachthaven Kuikhorne","isPartOf":{"@id":"https:\/\/jachthavenkuikhorne.nl\/de\/#website"},"primaryImageOfPage":{"@id":"https:\/\/jachthavenkuikhorne.nl\/de\/yaghthafen\/liegeplaetze#primaryimage"},"image":{"@id":"https:\/\/jachthavenkuikhorne.nl\/de\/yaghthafen\/liegeplaetze#primaryimage"},"thumbnailUrl":"https:\/\/jachthavenkuikhorne.nl\/wp-content\/uploads\/2013\/03\/pake-en-beppe-104-scaled.jpg","datePublished":"2020-11-13T13:54:51+00:00","dateModified":"2025-01-06T17:57:30+00:00","description":"Wenn Sie einen Liegeplatz in Friesland, den Niederlanden, suchen, besuchen Sie den Jachthafen Kuikhorne im Herzen der friesischen W\u00e4lder.","breadcrumb":{"@id":"https:\/\/jachthavenkuikhorne.nl\/de\/yaghthafen\/liegeplaetze#breadcrumb"},"inLanguage":"de","potentialAction":[{"@type":"ReadAction","target":["https:\/\/jachthavenkuikhorne.nl\/de\/yaghthafen\/liegeplaetze"]}]},{"@type":"ImageObject","inLanguage":"de","@id":"https:\/\/jachthavenkuikhorne.nl\/de\/yaghthafen\/liegeplaetze#primaryimage","url":"https:\/\/jachthavenkuikhorne.nl\/wp-content\/uploads\/2013\/03\/pake-en-beppe-104-scaled.jpg","contentUrl":"https:\/\/jachthavenkuikhorne.nl\/wp-content\/uploads\/2013\/03\/pake-en-beppe-104-scaled.jpg","width":2560,"height":1714,"caption":"ligplaatsen"},{"@type":"BreadcrumbList","@id":"https:\/\/jachthavenkuikhorne.nl\/de\/yaghthafen\/liegeplaetze#breadcrumb","itemListElement":[{"@type":"ListItem","position":1,"name":"Home","item":"https:\/\/jachthavenkuikhorne.nl\/de"},{"@type":"ListItem","position":2,"name":"Yachthafen","item":"https:\/\/jachthavenkuikhorne.nl\/de\/jachthaven"},{"@type":"ListItem","position":3,"name":"Liegepl\u00e4tze"}]},{"@type":"WebSite","@id":"https:\/\/jachthavenkuikhorne.nl\/de\/#website","url":"https:\/\/jachthavenkuikhorne.nl\/de\/","name":"Jachthaven Kuikhorne","description":"Goed onderhouden jachthaven in Kuikhorne, Friesland","publisher":{"@id":"https:\/\/jachthavenkuikhorne.nl\/de\/#organization"},"potentialAction":[{"@type":"SearchAction","target":{"@type":"EntryPoint","urlTemplate":"https:\/\/jachthavenkuikhorne.nl\/de\/?s={search_term_string}"},"query-input":{"@type":"PropertyValueSpecification","valueRequired":true,"valueName":"search_term_string"}}],"inLanguage":"de"},{"@type":"Organization","@id":"https:\/\/jachthavenkuikhorne.nl\/de\/#organization","name":"Jachthaven Kuikhorne","url":"https:\/\/jachthavenkuikhorne.nl\/de\/","logo":{"@type":"ImageObject","inLanguage":"de","@id":"https:\/\/jachthavenkuikhorne.nl\/de\/#\/schema\/logo\/image\/","url":"https:\/\/jachthavenkuikhorne.nl\/wp-content\/uploads\/2020\/11\/logo-website-kuikhorne.png","contentUrl":"https:\/\/jachthavenkuikhorne.nl\/wp-content\/uploads\/2020\/11\/logo-website-kuikhorne.png","width":198,"height":162,"caption":"Jachthaven Kuikhorne"},"image":{"@id":"https:\/\/jachthavenkuikhorne.nl\/de\/#\/schema\/logo\/image\/"}}]}},"_links":{"self":[{"href":"https:\/\/jachthavenkuikhorne.nl\/de\/index.php?rest_route=\/wp\/v2\/pages\/2406","targetHints":{"allow":["GET"]}}],"collection":[{"href":"https:\/\/jachthavenkuikhorne.nl\/de\/index.php?rest_route=\/wp\/v2\/pages"}],"about":[{"href":"https:\/\/jachthavenkuikhorne.nl\/de\/index.php?rest_route=\/wp\/v2\/types\/page"}],"author":[{"embeddable":true,"href":"https:\/\/jachthavenkuikhorne.nl\/de\/index.php?rest_route=\/wp\/v2\/users\/1"}],"replies":[{"embeddable":true,"href":"https:\/\/jachthavenkuikhorne.nl\/de\/index.php?rest_route=%2Fwp%2Fv2%2Fcomments&post=2406"}],"version-history":[{"count":0,"href":"https:\/\/jachthavenkuikhorne.nl\/de\/index.php?rest_route=\/wp\/v2\/pages\/2406\/revisions"}],"up":[{"embeddable":true,"href":"https:\/\/jachthavenkuikhorne.nl\/de\/index.php?rest_route=\/wp\/v2\/pages\/3976"}],"wp:featuredmedia":[{"embeddable":true,"href":"https:\/\/jachthavenkuikhorne.nl\/de\/index.php?rest_route=\/wp\/v2\/media\/2586"}],"wp:attachment":[{"href":"https:\/\/jachthavenkuikhorne.nl\/de\/index.php?rest_route=%2Fwp%2Fv2%2Fmedia&parent=2406"}],"wp:term":[{"taxonomy":"category","embeddable":true,"href":"https:\/\/jachthavenkuikhorne.nl\/de\/index.php?rest_route=%2Fwp%2Fv2%2Fcategories&post=2406"},{"taxonomy":"post_tag","embeddable":true,"href":"https:\/\/jachthavenkuikhorne.nl\/de\/index.php?rest_route=%2Fwp%2Fv2%2Ftags&post=2406"}],"curies":[{"name":"wp","href":"https:\/\/api.w.org\/{rel}","templated":true}]}}