{"id":2197,"date":"2020-11-12T10:00:37","date_gmt":"2020-11-12T10:00:37","guid":{"rendered":"https:\/\/wordtaangewerkt.nl\/kuikhorne\/ferienappartement\/"},"modified":"2023-01-09T14:17:36","modified_gmt":"2023-01-09T14:17:36","slug":"ferienappartement","status":"publish","type":"page","link":"https:\/\/jachthavenkuikhorne.nl\/de\/ferienappartement","title":{"rendered":"Ferienappartement"},"content":{"rendered":"<h1>Ferienappartement f\u00fcr zwei Personen<\/h1>\n<h2>F\u00fcr einen Urlaub in De Friese Wouden<\/h2>\n<p>Am Rand unseres Yachthafens haben wir ein gro\u00dfz\u00fcgiges und helles Appartement f\u00fcr zwei Personen in der oberen Etage. Ein wunderbarer Ausgangspunkt f\u00fcr Rad- und Wandertouren in De Friese Wouden.<\/p>\n<p>Das Appartement eignet sich besonders:<\/p>\n<ul>\n<li>F\u00fcr Radfahrer und Wanderer auf einem der vielen (Rad-)Wanderwege in der Region, z. B. dem Historischen Wanderweg, dem Friese-Wouden-Weg oder dem Zeven-Wouden-Weg<\/li>\n<li>F\u00fcr Menschen, die an ihrem Boot werkeln<\/li>\n<li>F\u00fcr Freunde und Verwandte von Liegeplatzinhabern, Passanten und Campern<\/li>\n<li>2018 ist Leeuwarden Kulturhauptstadt Europas! Der Bahnhof ist vom Appartement aus in nur 5 Fahrradminuten zu erreichen. Innerhalb von 20 Minuten bringt Sie der Zug nach Leeuwarden!<\/li>\n<\/ul>\n<p>Das Einzimmerappartement ist ausgestattet mit:<\/p>\n<ul>\n<li>Zwei Einzelbetten mit Kissen und Bettdecken<\/li>\n<li>Bei Ankunft bezogene Betten<\/li>\n<li>K\u00fchlschrank<\/li>\n<li>Gasherd<\/li>\n<li>Komplett eingerichteter K\u00fcchenzeile mit Mikrowelle<\/li>\n<li>Essecke<\/li>\n<li>Sitzecke mit Fernseher<\/li>\n<li>WLAN\u00a0 \u00a0 \u00a0 \u00a0 \u00a0 \u00a0 \u00a0 \u00a0 \u00a0 \u00a0 \u00a0 \u00a0 \u00a0 \u00a0 \u00a0 \u00a0 \u00a0 \u00a0 \u00a0 \u00a0 \u00a0 \u00a0 \u00a0 \u00a0 \u00a0 \u00a0 \u00a0 \u00a0 \u00a0 \u00a0 \u00a0 \u00a0 \u00a0 \u00a0 \u00a0 \u00a0 \u00a0 \u00a0 \u00a0 \u00a0 \u00a0 \u00a0 \u00a0 \u00a0 \u00a0 \u00a0 \u00a0 \u00a0 \u00a0 \u00a0\u00a0<a href=\"https:\/\/jachthavenkuikhorne.nl\/wp-content\/uploads\/2013\/03\/5.jpg\"><img fetchpriority=\"high\" decoding=\"async\" src=\"https:\/\/jachthavenkuikhorne.nl\/wp-content\/uploads\/2013\/03\/5-300x171.jpg\" alt=\"5\" width=\"300\" height=\"171\" \/><\/a><\/li>\n<\/ul>\n<p>Dusche und Toilette befinden sich im Sanit\u00e4rgeb\u00e4ude des Yachthafens.<\/p>\n<h3>Preise Appartement<\/h3>\n<table style=\"width: 100%;\" border=\"0\" cellspacing=\"0\" cellpadding=\"0\">\n<colgroup>\n<col width=\"371\" \/>\n<col width=\"64\" \/><\/colgroup>\n<tbody>\n<tr>\n<td width=\"371\" height=\"20\"><\/td>\n<td align=\"right\" width=\"64\"><\/td>\n<\/tr>\n<tr>\n<td height=\"20\">Kurzwoche (Montag bis Freitag)<\/td>\n<td align=\"right\">195,00 \u20ac<\/td>\n<\/tr>\n<tr>\n<td height=\"20\">Wochenende (Freitag bis Montag)<\/td>\n<td align=\"right\">195,00 \u20ac<\/td>\n<\/tr>\n<tr>\n<td height=\"20\">Woche (Freitag bis Freitag)<\/td>\n<td align=\"right\">250,00 \u20ac<\/td>\n<\/tr>\n<tr>\n<td height=\"20\"><\/td>\n<td align=\"right\"><\/td>\n<\/tr>\n<\/tbody>\n<\/table>\n<p>Preise inkl. frisch bezogene Betten und Endreinigung.<br \/>\nAnreisen k\u00f6nnen Sie ab 15.00 Uhr, am Abreisetag bitten wir Sie, das Appartement bis 10.00 Uhr (oder nach Absprache) zu verlassen.<\/p>\n<p>Preis\u00e4nderungen vorbehalten.<\/p>\n","protected":false},"excerpt":{"rendered":"<p>Ferienappartement f\u00fcr zwei Personen F\u00fcr einen Urlaub in De Friese Wouden Am Rand unseres Yachthafens haben wir ein gro\u00dfz\u00fcgiges und helles Appartement f\u00fcr zwei Personen in der oberen Etage. Ein wunderbarer Ausgangspunkt f\u00fcr Rad- und Wandertouren in De Friese Wouden. Das Appartement eignet sich besonders: F\u00fcr Radfahrer und Wanderer auf einem der vielen (Rad-)Wanderwege in [&hellip;]<\/p>\n","protected":false},"author":1,"featured_media":7720,"parent":4054,"menu_order":0,"comment_status":"closed","ping_status":"closed","template":"","meta":{"site-sidebar-layout":"right-sidebar","site-content-layout":"default","ast-site-content-layout":"default","site-content-style":"default","site-sidebar-style":"default","ast-global-header-display":"","ast-banner-title-visibility":"","ast-main-header-display":"","ast-hfb-above-header-display":"","ast-hfb-below-header-display":"","ast-hfb-mobile-header-display":"","site-post-title":"disabled","ast-breadcrumbs-content":"disabled","ast-featured-img":"disabled","footer-sml-layout":"","theme-transparent-header-meta":"default","adv-header-id-meta":"","stick-header-meta":"","header-above-stick-meta":"","header-main-stick-meta":"","header-below-stick-meta":"","astra-migrate-meta-layouts":"default","ast-page-background-enabled":"default","ast-page-background-meta":{"desktop":{"background-color":"","background-image":"","background-repeat":"repeat","background-position":"center center","background-size":"auto","background-attachment":"scroll","background-type":"","background-media":"","overlay-type":"","overlay-color":"","overlay-opacity":"","overlay-gradient":""},"tablet":{"background-color":"","background-image":"","background-repeat":"repeat","background-position":"center center","background-size":"auto","background-attachment":"scroll","background-type":"","background-media":"","overlay-type":"","overlay-color":"","overlay-opacity":"","overlay-gradient":""},"mobile":{"background-color":"","background-image":"","background-repeat":"repeat","background-position":"center center","background-size":"auto","background-attachment":"scroll","background-type":"","background-media":"","overlay-type":"","overlay-color":"","overlay-opacity":"","overlay-gradient":""}},"ast-content-background-meta":{"desktop":{"background-color":"var(--ast-global-color-5)","background-image":"","background-repeat":"repeat","background-position":"center center","background-size":"auto","background-attachment":"scroll","background-type":"","background-media":"","overlay-type":"","overlay-color":"","overlay-opacity":"","overlay-gradient":""},"tablet":{"background-color":"var(--ast-global-color-5)","background-image":"","background-repeat":"repeat","background-position":"center center","background-size":"auto","background-attachment":"scroll","background-type":"","background-media":"","overlay-type":"","overlay-color":"","overlay-opacity":"","overlay-gradient":""},"mobile":{"background-color":"var(--ast-global-color-5)","background-image":"","background-repeat":"repeat","background-position":"center center","background-size":"auto","background-attachment":"scroll","background-type":"","background-media":"","overlay-type":"","overlay-color":"","overlay-opacity":"","overlay-gradient":""}},"footnotes":""},"categories":[30],"tags":[],"class_list":["post-2197","page","type-page","status-publish","has-post-thumbnail","hentry","category-ausstattung"],"yoast_head":"<!-- This site is optimized with the Yoast SEO plugin v27.6 - https:\/\/yoast.com\/product\/yoast-seo-wordpress\/ -->\n<title>Ferienappartement - Yachthafen Kuikhorne<\/title>\n<meta name=\"description\" content=\"Suchen Sie eine \u00dcbernachtungsm\u00f6glichkeit in Friesland? Jachthaven Kuikhorne vermietet eine sch\u00f6ne Wohnung f\u00fcr zwei Personen.\" \/>\n<meta name=\"robots\" content=\"index, follow, max-snippet:-1, max-image-preview:large, max-video-preview:-1\" \/>\n<link rel=\"canonical\" href=\"https:\/\/jachthavenkuikhorne.nl\/de\/ferienappartement\" \/>\n<meta property=\"og:locale\" content=\"de_DE\" \/>\n<meta property=\"og:type\" content=\"article\" \/>\n<meta property=\"og:title\" content=\"Ferienappartement - Yachthafen Kuikhorne\" \/>\n<meta property=\"og:description\" content=\"Suchen Sie eine \u00dcbernachtungsm\u00f6glichkeit in Friesland? Jachthaven Kuikhorne vermietet eine sch\u00f6ne Wohnung f\u00fcr zwei Personen.\" \/>\n<meta property=\"og:url\" content=\"https:\/\/jachthavenkuikhorne.nl\/de\/ferienappartement\" \/>\n<meta property=\"og:site_name\" content=\"Jachthaven Kuikhorne\" \/>\n<meta property=\"article:modified_time\" content=\"2023-01-09T14:17:36+00:00\" \/>\n<meta property=\"og:image\" content=\"https:\/\/jachthavenkuikhorne.nl\/wp-content\/uploads\/2025\/07\/IMG_4979-1.jpg\" \/>\n\t<meta property=\"og:image:width\" content=\"2400\" \/>\n\t<meta property=\"og:image:height\" content=\"1179\" \/>\n\t<meta property=\"og:image:type\" content=\"image\/jpeg\" \/>\n<meta name=\"twitter:card\" content=\"summary_large_image\" \/>\n<meta name=\"twitter:label1\" content=\"Gesch\u00e4tzte Lesezeit\" \/>\n\t<meta name=\"twitter:data1\" content=\"2\u00a0Minuten\" \/>\n<script type=\"application\/ld+json\" class=\"yoast-schema-graph\">{\"@context\":\"https:\\\/\\\/schema.org\",\"@graph\":[{\"@type\":\"WebPage\",\"@id\":\"https:\\\/\\\/jachthavenkuikhorne.nl\\\/de\\\/ferienappartement\",\"url\":\"https:\\\/\\\/jachthavenkuikhorne.nl\\\/de\\\/ferienappartement\",\"name\":\"Ferienappartement - Yachthafen Kuikhorne\",\"isPartOf\":{\"@id\":\"https:\\\/\\\/jachthavenkuikhorne.nl\\\/de\\\/#website\"},\"primaryImageOfPage\":{\"@id\":\"https:\\\/\\\/jachthavenkuikhorne.nl\\\/de\\\/ferienappartement#primaryimage\"},\"image\":{\"@id\":\"https:\\\/\\\/jachthavenkuikhorne.nl\\\/de\\\/ferienappartement#primaryimage\"},\"thumbnailUrl\":\"https:\\\/\\\/jachthavenkuikhorne.nl\\\/wp-content\\\/uploads\\\/2025\\\/07\\\/IMG_5234.jpg\",\"datePublished\":\"2020-11-12T10:00:37+00:00\",\"dateModified\":\"2023-01-09T14:17:36+00:00\",\"description\":\"Suchen Sie eine \u00dcbernachtungsm\u00f6glichkeit in Friesland? Jachthaven Kuikhorne vermietet eine sch\u00f6ne Wohnung f\u00fcr zwei Personen.\",\"breadcrumb\":{\"@id\":\"https:\\\/\\\/jachthavenkuikhorne.nl\\\/de\\\/ferienappartement#breadcrumb\"},\"inLanguage\":\"de\",\"potentialAction\":[{\"@type\":\"ReadAction\",\"target\":[\"https:\\\/\\\/jachthavenkuikhorne.nl\\\/de\\\/ferienappartement\"]}]},{\"@type\":\"ImageObject\",\"inLanguage\":\"de\",\"@id\":\"https:\\\/\\\/jachthavenkuikhorne.nl\\\/de\\\/ferienappartement#primaryimage\",\"url\":\"https:\\\/\\\/jachthavenkuikhorne.nl\\\/wp-content\\\/uploads\\\/2025\\\/07\\\/IMG_5234.jpg\",\"contentUrl\":\"https:\\\/\\\/jachthavenkuikhorne.nl\\\/wp-content\\\/uploads\\\/2025\\\/07\\\/IMG_5234.jpg\",\"width\":2400,\"height\":1800},{\"@type\":\"BreadcrumbList\",\"@id\":\"https:\\\/\\\/jachthavenkuikhorne.nl\\\/de\\\/ferienappartement#breadcrumb\",\"itemListElement\":[{\"@type\":\"ListItem\",\"position\":1,\"name\":\"Home\",\"item\":\"https:\\\/\\\/jachthavenkuikhorne.nl\\\/de\"},{\"@type\":\"ListItem\",\"position\":2,\"name\":\"Ausstattung\",\"item\":\"https:\\\/\\\/jachthavenkuikhorne.nl\\\/de\\\/faciliteiten\"},{\"@type\":\"ListItem\",\"position\":3,\"name\":\"Ferienappartement\"}]},{\"@type\":\"WebSite\",\"@id\":\"https:\\\/\\\/jachthavenkuikhorne.nl\\\/de\\\/#website\",\"url\":\"https:\\\/\\\/jachthavenkuikhorne.nl\\\/de\\\/\",\"name\":\"Jachthaven Kuikhorne\",\"description\":\"Goed onderhouden jachthaven in Kuikhorne, Friesland\",\"publisher\":{\"@id\":\"https:\\\/\\\/jachthavenkuikhorne.nl\\\/de\\\/#organization\"},\"potentialAction\":[{\"@type\":\"SearchAction\",\"target\":{\"@type\":\"EntryPoint\",\"urlTemplate\":\"https:\\\/\\\/jachthavenkuikhorne.nl\\\/de\\\/?s={search_term_string}\"},\"query-input\":{\"@type\":\"PropertyValueSpecification\",\"valueRequired\":true,\"valueName\":\"search_term_string\"}}],\"inLanguage\":\"de\"},{\"@type\":\"Organization\",\"@id\":\"https:\\\/\\\/jachthavenkuikhorne.nl\\\/de\\\/#organization\",\"name\":\"Jachthaven Kuikhorne\",\"url\":\"https:\\\/\\\/jachthavenkuikhorne.nl\\\/de\\\/\",\"logo\":{\"@type\":\"ImageObject\",\"inLanguage\":\"de\",\"@id\":\"https:\\\/\\\/jachthavenkuikhorne.nl\\\/de\\\/#\\\/schema\\\/logo\\\/image\\\/\",\"url\":\"https:\\\/\\\/jachthavenkuikhorne.nl\\\/wp-content\\\/uploads\\\/2020\\\/11\\\/logo-website-kuikhorne.png\",\"contentUrl\":\"https:\\\/\\\/jachthavenkuikhorne.nl\\\/wp-content\\\/uploads\\\/2020\\\/11\\\/logo-website-kuikhorne.png\",\"width\":198,\"height\":162,\"caption\":\"Jachthaven Kuikhorne\"},\"image\":{\"@id\":\"https:\\\/\\\/jachthavenkuikhorne.nl\\\/de\\\/#\\\/schema\\\/logo\\\/image\\\/\"}}]}<\/script>\n<!-- \/ Yoast SEO plugin. -->","yoast_head_json":{"title":"Ferienappartement - Yachthafen Kuikhorne","description":"Suchen Sie eine \u00dcbernachtungsm\u00f6glichkeit in Friesland? Jachthaven Kuikhorne vermietet eine sch\u00f6ne Wohnung f\u00fcr zwei Personen.","robots":{"index":"index","follow":"follow","max-snippet":"max-snippet:-1","max-image-preview":"max-image-preview:large","max-video-preview":"max-video-preview:-1"},"canonical":"https:\/\/jachthavenkuikhorne.nl\/de\/ferienappartement","og_locale":"de_DE","og_type":"article","og_title":"Ferienappartement - Yachthafen Kuikhorne","og_description":"Suchen Sie eine \u00dcbernachtungsm\u00f6glichkeit in Friesland? Jachthaven Kuikhorne vermietet eine sch\u00f6ne Wohnung f\u00fcr zwei Personen.","og_url":"https:\/\/jachthavenkuikhorne.nl\/de\/ferienappartement","og_site_name":"Jachthaven Kuikhorne","article_modified_time":"2023-01-09T14:17:36+00:00","og_image":[{"width":2400,"height":1179,"url":"https:\/\/jachthavenkuikhorne.nl\/wp-content\/uploads\/2025\/07\/IMG_4979-1.jpg","type":"image\/jpeg"}],"twitter_card":"summary_large_image","twitter_misc":{"Gesch\u00e4tzte Lesezeit":"2\u00a0Minuten"},"schema":{"@context":"https:\/\/schema.org","@graph":[{"@type":"WebPage","@id":"https:\/\/jachthavenkuikhorne.nl\/de\/ferienappartement","url":"https:\/\/jachthavenkuikhorne.nl\/de\/ferienappartement","name":"Ferienappartement - Yachthafen Kuikhorne","isPartOf":{"@id":"https:\/\/jachthavenkuikhorne.nl\/de\/#website"},"primaryImageOfPage":{"@id":"https:\/\/jachthavenkuikhorne.nl\/de\/ferienappartement#primaryimage"},"image":{"@id":"https:\/\/jachthavenkuikhorne.nl\/de\/ferienappartement#primaryimage"},"thumbnailUrl":"https:\/\/jachthavenkuikhorne.nl\/wp-content\/uploads\/2025\/07\/IMG_5234.jpg","datePublished":"2020-11-12T10:00:37+00:00","dateModified":"2023-01-09T14:17:36+00:00","description":"Suchen Sie eine \u00dcbernachtungsm\u00f6glichkeit in Friesland? Jachthaven Kuikhorne vermietet eine sch\u00f6ne Wohnung f\u00fcr zwei Personen.","breadcrumb":{"@id":"https:\/\/jachthavenkuikhorne.nl\/de\/ferienappartement#breadcrumb"},"inLanguage":"de","potentialAction":[{"@type":"ReadAction","target":["https:\/\/jachthavenkuikhorne.nl\/de\/ferienappartement"]}]},{"@type":"ImageObject","inLanguage":"de","@id":"https:\/\/jachthavenkuikhorne.nl\/de\/ferienappartement#primaryimage","url":"https:\/\/jachthavenkuikhorne.nl\/wp-content\/uploads\/2025\/07\/IMG_5234.jpg","contentUrl":"https:\/\/jachthavenkuikhorne.nl\/wp-content\/uploads\/2025\/07\/IMG_5234.jpg","width":2400,"height":1800},{"@type":"BreadcrumbList","@id":"https:\/\/jachthavenkuikhorne.nl\/de\/ferienappartement#breadcrumb","itemListElement":[{"@type":"ListItem","position":1,"name":"Home","item":"https:\/\/jachthavenkuikhorne.nl\/de"},{"@type":"ListItem","position":2,"name":"Ausstattung","item":"https:\/\/jachthavenkuikhorne.nl\/de\/faciliteiten"},{"@type":"ListItem","position":3,"name":"Ferienappartement"}]},{"@type":"WebSite","@id":"https:\/\/jachthavenkuikhorne.nl\/de\/#website","url":"https:\/\/jachthavenkuikhorne.nl\/de\/","name":"Jachthaven Kuikhorne","description":"Goed onderhouden jachthaven in Kuikhorne, Friesland","publisher":{"@id":"https:\/\/jachthavenkuikhorne.nl\/de\/#organization"},"potentialAction":[{"@type":"SearchAction","target":{"@type":"EntryPoint","urlTemplate":"https:\/\/jachthavenkuikhorne.nl\/de\/?s={search_term_string}"},"query-input":{"@type":"PropertyValueSpecification","valueRequired":true,"valueName":"search_term_string"}}],"inLanguage":"de"},{"@type":"Organization","@id":"https:\/\/jachthavenkuikhorne.nl\/de\/#organization","name":"Jachthaven Kuikhorne","url":"https:\/\/jachthavenkuikhorne.nl\/de\/","logo":{"@type":"ImageObject","inLanguage":"de","@id":"https:\/\/jachthavenkuikhorne.nl\/de\/#\/schema\/logo\/image\/","url":"https:\/\/jachthavenkuikhorne.nl\/wp-content\/uploads\/2020\/11\/logo-website-kuikhorne.png","contentUrl":"https:\/\/jachthavenkuikhorne.nl\/wp-content\/uploads\/2020\/11\/logo-website-kuikhorne.png","width":198,"height":162,"caption":"Jachthaven Kuikhorne"},"image":{"@id":"https:\/\/jachthavenkuikhorne.nl\/de\/#\/schema\/logo\/image\/"}}]}},"_links":{"self":[{"href":"https:\/\/jachthavenkuikhorne.nl\/de\/index.php?rest_route=\/wp\/v2\/pages\/2197","targetHints":{"allow":["GET"]}}],"collection":[{"href":"https:\/\/jachthavenkuikhorne.nl\/de\/index.php?rest_route=\/wp\/v2\/pages"}],"about":[{"href":"https:\/\/jachthavenkuikhorne.nl\/de\/index.php?rest_route=\/wp\/v2\/types\/page"}],"author":[{"embeddable":true,"href":"https:\/\/jachthavenkuikhorne.nl\/de\/index.php?rest_route=\/wp\/v2\/users\/1"}],"replies":[{"embeddable":true,"href":"https:\/\/jachthavenkuikhorne.nl\/de\/index.php?rest_route=%2Fwp%2Fv2%2Fcomments&post=2197"}],"version-history":[{"count":0,"href":"https:\/\/jachthavenkuikhorne.nl\/de\/index.php?rest_route=\/wp\/v2\/pages\/2197\/revisions"}],"up":[{"embeddable":true,"href":"https:\/\/jachthavenkuikhorne.nl\/de\/index.php?rest_route=\/wp\/v2\/pages\/4054"}],"wp:featuredmedia":[{"embeddable":true,"href":"https:\/\/jachthavenkuikhorne.nl\/de\/index.php?rest_route=\/wp\/v2\/media\/7720"}],"wp:attachment":[{"href":"https:\/\/jachthavenkuikhorne.nl\/de\/index.php?rest_route=%2Fwp%2Fv2%2Fmedia&parent=2197"}],"wp:term":[{"taxonomy":"category","embeddable":true,"href":"https:\/\/jachthavenkuikhorne.nl\/de\/index.php?rest_route=%2Fwp%2Fv2%2Fcategories&post=2197"},{"taxonomy":"post_tag","embeddable":true,"href":"https:\/\/jachthavenkuikhorne.nl\/de\/index.php?rest_route=%2Fwp%2Fv2%2Ftags&post=2197"}],"curies":[{"name":"wp","href":"https:\/\/api.w.org\/{rel}","templated":true}]}}